{"id":11598,"date":"2017-09-05T11:59:14","date_gmt":"2017-09-05T11:59:14","guid":{"rendered":"https:\/\/original-militaria.com\/?post_type=product&#038;p=11598"},"modified":"2022-01-31T19:08:08","modified_gmt":"2022-01-31T18:08:08","slug":"bdm-jm-estandarte-de-campo-del-grupo-30-392","status":"publish","type":"product","link":"https:\/\/original-militaria.com\/en\/producto\/bdm-jm-estandarte-de-campo-del-grupo-30-392\/","title":{"rendered":"BDM\/JM  Estandarte de Campo del Grupo &#8220;30\/392&#8221;"},"content":{"rendered":"<p align=\"justify\"><span style=\"font-size: medium\"><span style=\"font-family: Verdana\"><strong>ANTECEDENTES: <\/strong><span style=\"color: #000000\">El JM, Jungm\u00e4delgruppe, (joven Grupo dechicas), era el grupo m\u00e1s joven de las mujeres de la Hitler Jugend y puede remontar sus or\u00edgenes a 1927. El primer grupo de mujeres fundada en 1927 se convirti\u00f3 en la BDM en julio de 1930 y en julio de 1932 gan\u00f3 el estatus pol\u00edtico de igualdad con el HJ. La BDM se ha estructurado de la misma manera como la HJ con diferentes designaciones de la unidad. La BDM M\u00e4delgruppe era equivalente en tama\u00f1o a la HJ Gefolgschaft, y consistir\u00eda en m\u00e1s o menos de 150 miembros.<\/span><br \/>\n<\/span><\/span><\/p>\n<p align=\"justify\"><span style=\"font-size: medium\"><span style=\"font-family: Verdana\"><strong>DESCRIPCION:<\/strong>\u00a0<span style=\"color: #000000\">Estandarte o gui\u00f3n de compa\u00f1\u00eda (Wimpel der Jungm\u00e4del (JM) Gruppe 30\/392 des Bundes deutscher M\u00e4del (BDM)), para las chicas m\u00e1s j\u00f3venes de las Hitlerjugend, de<\/span> <span style=\"color: #ff0000\">55 cm<\/span> <span style=\"color: #000000\">de ancho <strong>X<\/strong><\/span> <span style=\"color: #ff0000\">98 cm<\/span> <span style=\"color: #000000\">de largo, de forma triangular a doble cara, multipanel, varias piezas, fabricado de algod\u00f3n como se present\u00f3 en septiembre de 1934, sobre base negra tiene por ambos lados el<\/span> <span style=\"color: #ff0000\">diamante<\/span> <span style=\"color: #000000\">de las HJ de\u00a0tres piezas est\u00e1 cosido a m\u00e1quina, y bordado el n\u00famero del sub-distrito del grupo\u00a0\u00a0o unidad<\/span> <span style=\"color: #ff0000\">&#8220;30\/392&#8221; <span style=\"color: #000000\">perteneciente a<\/span>\u00a0&#8220;Gelnhausen-Schl\u00fcchtern\/Hessen-Nassau&#8221;<\/span>. <span style=\"color: #000000\">El\u00a0estandarte se encuentra en un excelente estado de conservaci\u00f3n. Modelo bastante raro de 1934.<\/span><br \/>\n<\/span><\/span><\/p>\n","protected":false},"excerpt":{"rendered":"<p align=\"justify\"><span style=\"font-size: medium\"><span style=\"font-family: Verdana\"><strong>ANTECEDENTES: <\/strong>El JM, Jungm\u00e4delgruppe, (joven Grupo dechicas), era el grupo m\u00e1s joven de las mujeres de la Hitler Jugend y puede remontar sus or\u00edgenes a 1927. El primer grupo de mujeres fundada en 1927 se convirti\u00f3 en la BDM en julio de 1930 y en julio de 1932 gan\u00f3 el estatus pol\u00edtico de igualdad con el HJ. La BDM se ha estructurado de la misma manera como la HJ con diferentes designaciones de la unidad. La BDM M\u00e4delgruppe era equivalente en tama\u00f1o a la HJ Gefolgschaft, y consistir\u00eda en m\u00e1s o menos de 150 miembros.<br \/>\n<\/span><\/span><\/p>\n<p align=\"justify\"><span style=\"font-size: medium\"><span style=\"font-family: Verdana\"><strong>DESCRIPCION:<\/strong>\u00a0Estandarte o gui\u00f3n de compa\u00f1\u00eda (M\u00e4delgruppenwimpel der Gruppe 20\/392) para las chicas m\u00e1s j\u00f3venes de las Hitlerjugend, de <span style=\"color: #ff0000\">55 cm<\/span> de ancho X <span style=\"color: #ff0000\">98 cm<\/span> de largo, de forma triangular a doble cara, multipanel, varias piezas, fabricado de algod\u00f3n como se present\u00f3 en septiembre de 1934, sobre base negra tiene por ambos lados el <span style=\"color: #ff0000\">diamante<\/span> de las HJ de\u00a0tres piezas est\u00e1 cosido a m\u00e1quina, y bordado el n\u00famero del sub-distrito del grupo\u00a0\u00a0o unidad <span style=\"color: #ff0000\">&#8220;30\/392&#8221; <span style=\"color: #ffffff\">perteneciente a<\/span>\u00a0&#8220;Gelnhausen-Schl\u00fcchtern\/Hessen-Nassau&#8221;<\/span>. El\u00a0estandarte se encuentra en un excelente estado de conservaci\u00f3n. Modelo bastante raro de 1934.<br \/>\n<\/span><\/span><\/p>\n","protected":false},"featured_media":11599,"template":"","meta":[],"product_brand":[],"product_cat":[172,224],"product_tag":[],"class_list":{"0":"post-11598","1":"product","2":"type-product","3":"status-publish","4":"has-post-thumbnail","6":"product_cat-militaria-alemana-ww2","7":"product_cat-archivo-vendidos","8":"sales-flash-overlay","9":"woocommerce-text-align-center","10":"woocommerce-image-align-center","11":"do-quantity-buttons","13":"first","14":"outofstock","15":"product-type-simple"},"_links":{"self":[{"href":"https:\/\/original-militaria.com\/en\/wp-json\/wp\/v2\/product\/11598","targetHints":{"allow":["GET"]}}],"collection":[{"href":"https:\/\/original-militaria.com\/en\/wp-json\/wp\/v2\/product"}],"about":[{"href":"https:\/\/original-militaria.com\/en\/wp-json\/wp\/v2\/types\/product"}],"wp:featuredmedia":[{"embeddable":true,"href":"https:\/\/original-militaria.com\/en\/wp-json\/wp\/v2\/media\/11599"}],"wp:attachment":[{"href":"https:\/\/original-militaria.com\/en\/wp-json\/wp\/v2\/media?parent=11598"}],"wp:term":[{"taxonomy":"product_brand","embeddable":true,"href":"https:\/\/original-militaria.com\/en\/wp-json\/wp\/v2\/product_brand?post=11598"},{"taxonomy":"product_cat","embeddable":true,"href":"https:\/\/original-militaria.com\/en\/wp-json\/wp\/v2\/product_cat?post=11598"},{"taxonomy":"product_tag","embeddable":true,"href":"https:\/\/original-militaria.com\/en\/wp-json\/wp\/v2\/product_tag?post=11598"}],"curies":[{"name":"wp","href":"https:\/\/api.w.org\/{rel}","templated":true}]}}