{"id":11577,"date":"2017-09-05T11:59:09","date_gmt":"2017-09-05T11:59:09","guid":{"rendered":"https:\/\/original-militaria.com\/?post_type=product&#038;p=11577"},"modified":"2022-01-31T19:08:07","modified_gmt":"2022-01-31T18:08:07","slug":"wh-guila-nacional-para-locomotoras-y-vagones-2","status":"publish","type":"product","link":"https:\/\/original-militaria.com\/en\/producto\/wh-guila-nacional-para-locomotoras-y-vagones-2\/","title":{"rendered":"Railway Eagle&#8212;\u00c1guila Nacional para Locomotoras y Vagones"},"content":{"rendered":"<p style=\"text-align: justify\" align=\"justify\"><span style=\"font-family: verdana, geneva, sans-serif;font-size: 12pt\"><strong>ANTECEDENTES:<\/strong>\u00a0Cuando Hitler y el NSDAP llegaron al poder en enero de 1933 el sistema ferroviario alem\u00e1n\u00a0era mantenido y administrado por dos organizaciones civiles, la DR, Deutsches Reichsbahn,\u00a0y el DR-G, Deutsches Reichsbahn-Gesellschaft, que fueron supervisados \u200b\u200bpor el gobierno nacional. Ambas organizaciones fueron responsables de\u00a0los ferrocarriles en la Gran Alemania y, finalmente, en las zonas ocupadas. En febrero de 1937 en una re estructuraci\u00f3n de los ferrocarriles nacionales, el DR-G fue absorbido por el DR. Los uniformes e insignias del personal de DR, as\u00ed como sus emblemas,\u00a0fueron\u00a0modificados en numerosas ocasiones durante el Tercer Reich. <\/span><\/p>\n<p style=\"text-align: justify\"><span style=\"font-size: 12pt;font-family: verdana, geneva, sans-serif\"><strong>DESCRIPCION:<\/strong> \u00c1guila de aleaci\u00f3n de aluminio ligero para las locomotoras y vagones de los ferrocarriles alemanes durante el Tercer Reich, \u00a0&#8220;Eisenbahnlokomotive Adler&#8221;, tambi\u00e9n en edificios. De\u00a069 cm de ancho por 35 cm de alto, lleva en la parte posterior 4 grandes tornillos de montaje que nos dicen que fue destinado a ser utilizado en una locomotora, uno de ellos marcado &#8220;E h 16&#8221;. En la parte inferior trasera del ala izquierda\u00a0tiene la designaci\u00f3n del material &#8220;HE G. AL Mg Si&#8221; (es una aleaci\u00f3n de aluminio muy resistente al envejecimiento del tiempo y de gran dureza con textura controlada a gran temperatura en la que fueron pioneros los alemanes en la \u00e9poca, se usaba y se usa todav\u00eda en la reducci\u00f3n de peso de los autom\u00f3viles y en las grandes estructuras), es la abreviaci\u00f3n de &#8220;aluminio, magnesio y silicio&#8221;, el elemento utilizado para crear compuestos de la aleaci\u00f3n de la que el \u00e1guila esta echa, En el reverso, entre las patas\u00a0est\u00e1 marcada &#8220;LOK RZA 4 BLN&#8221; que es la abreviatura de &#8220;Lokomotive Reichscbahn Zug Alder 5 Berl\u00edn&#8221; que se traduce como &#8220;\u00c1guila Nacional de Locomotoras de Ferrocarriles de Berl\u00edn&#8221;.\u00a0En la parte trasera todav\u00eda mantiene en un 90%\u00a0la pintura\u00a0Feldgrau. Perfecto estado.\u00a0Estas \u00e1guilas son a menudo copiadas pero esta es\u00a0original 100%. Rara.<\/span><\/p>\n<p style=\"text-align: justify\"><span style=\"font-size: 12pt;font-family: verdana, geneva, sans-serif\"><strong>&#8220;LOK RZA 4 BLN&#8221;<\/strong> Significa:<\/span><\/p>\n<p style=\"text-align: justify\"><span style=\"font-size: 12pt;font-family: verdana, geneva, sans-serif\"><strong>LOK:<\/strong> locomotora<\/span><\/p>\n<p style=\"text-align: justify\"><span style=\"font-size: 12pt;font-family: verdana, geneva, sans-serif\"><strong>RZA 4:<\/strong> Reichszeugsamt\u00a04 (Oficina Estatal de Abastecimiento 4)<\/span><\/p>\n<p style=\"text-align: justify\"><span style=\"font-size: 12pt;font-family: verdana, geneva, sans-serif\"><strong>BLN:<\/strong> Berl\u00edn<\/span><\/p>\n<p style=\"text-align: justify\"><span style=\"font-size: 12pt;font-family: verdana, geneva, sans-serif\"><strong>&#8220;HE G AL Mg Si&#8221; <\/strong>Significa:<\/span><\/p>\n<p style=\"text-align: justify\"><span style=\"font-size: 12pt;font-family: verdana, geneva, sans-serif\"><strong>HE:<\/strong> Siemens \/ Henschel (Hersteller), (Fabricante)\u00a0<\/span><\/p>\n<p align=\"justify\"><span style=\"font-family: Verdana;font-size: medium\"><strong>G AL Mg Si:<\/strong> Guss (acabado o revestimiento), Aluminio, Magnesio, Silizium (este es el c\u00f3digo internacional para el aluminio) <\/span><\/p>\n","protected":false},"excerpt":{"rendered":"<p align=\"justify\"><span style=\"font-family: Verdana;font-size: medium\"><strong>ANTECEDENTES:<\/strong>\u00a0Cuando Hitler y el NSDAP llegar\u00f3n al poder en enero de 1933 el sistema ferroviario alem\u00e1n\u00a0era mantenido y administrado por dos organizaciones civiles, la DR, Deutsches Reichsbahn,\u00a0y el DR-G, Deutsches Reichsbahn-Gesellschaft, que fueron supervisados \u200b\u200bpor el gobierno nacional. Ambas organizaciones fueron responsables de\u00a0los ferrocarriles en la Gran Alemania y, finalmente, en las zonas ocupadas. En febrero de 1937 en una reestructuraci\u00f3n de los ferrocarriles nacionales, el DR-G fue absorbido por el DR. Los uniformes e insignias del personal de DR, asi como sus emblemas,\u00a0fueron\u00a0modificados en numerosas ocasiones durante el Tercer Reich. <\/span><\/p>\n<p><strong>DESCRIPCION:<\/strong> \u00c1guila de aleaci\u00f3n de aluminio ligero para las locomotas y vagones de los ferrocarriles alemanes durante el Tercer Reich, \u00a0<span style=\"color: #ff0000\">&#8220;Eisenbahnlokomotive Adler&#8221;<\/span>, tambi\u00e9n en edificios. De<span style=\"color: #ff0000\">\u00a069 cm<\/span> de ancho por <span style=\"color: #ff0000\">35 cm<\/span> de alto, lleva en la parte posterior 4 grandes tornillos de montaje que nos dicen que fue destinado a ser utilizado en una locomotora, uno de ellos marcado <span style=\"color: #ff0000\">&#8220;E h 16&#8221;<\/span>. En la parte inferior trasera del ala izquierda\u00a0tiene la designaci\u00f3n del material <span style=\"color: #ff0000\">&#8220;HE G. AL Mg Si&#8221;<\/span> (es una aleaci\u00f3n de aluminio muy resistente al envejecimiento del tiempo y de gran dureza con textura controlada a gran temperatura en la que fueron pioneros los alemanes en la \u00e9poca, se usaba y se usa todav\u00eda en la reducci\u00f3n de peso de los autom\u00f3viles y en las grandes estructuras), es la abreviaci\u00f3n de <span style=\"color: #ff0000\">&#8220;aluminio, magnesio y silicio&#8221;<\/span>, el elemento utilizado para crear compuestos de la aleaci\u00f3n de la que el \u00e1guila esta echa, En el reverso, entre las patas\u00a0est\u00e1 marcada <span style=\"color: #ff0000\"><span style=\"color: #ff0000\">&#8220;LOK RZA 4 BLN&#8221;<\/span> <\/span>que es la abreviatura de <span style=\"color: #ff0000\">&#8220;Lokomotive Reichscbahn Zug Alder 5 Berl\u00edn&#8221;<\/span> que se traduce como &#8220;\u00c1guila Nacional de Locomotoras de Ferrocarriles de Berl\u00edn&#8221;.\u00a0En la parte trasera todav\u00eda mantiene en un 90%\u00a0la pintura\u00a0Feldgrau. Perfecto estado.\u00a0Estas \u00e1guilas son a menudo copiadas pero esta es\u00a0original 100%. Rara.<\/p>\n<p><strong><span style=\"color: #ff0000\">&#8220;LOK RZA 4 BLN&#8221;<\/span><\/strong> Significa:<\/p>\n<p><strong>LOK:<\/strong> locomotora<\/p>\n<p><strong>RZA 4:<\/strong> Reichszeugsamt\u00a04 (Oficina Estatal de Abastecimiento 4)<\/p>\n<p><strong>BLN:<\/strong> Berl\u00edn<\/p>\n<p><strong><span style=\"color: #ff0000\">&#8220;HE G AL Mg Si&#8221; <\/span><\/strong>Significa:<\/p>\n<p><strong>HE:<\/strong> Siemens \/ Henschel (Hersteller), (Fabricante)<\/p>\n<p align=\"justify\"><span style=\"font-family: Verdana;font-size: medium\"><strong>G AL Mg Si:<\/strong> Guss (acabado o revestimiento), Aluminio, Magnesio, Silizium (este es el c\u00f3digo internacional para el aluminio) <\/span><\/p>\n","protected":false},"featured_media":11578,"template":"","meta":[],"product_brand":[],"product_cat":[224],"product_tag":[],"class_list":{"0":"post-11577","1":"product","2":"type-product","3":"status-publish","4":"has-post-thumbnail","6":"product_cat-archivo-vendidos","7":"sales-flash-overlay","8":"woocommerce-text-align-center","9":"woocommerce-image-align-center","10":"do-quantity-buttons","12":"first","13":"outofstock","14":"purchasable","15":"product-type-simple"},"_links":{"self":[{"href":"https:\/\/original-militaria.com\/en\/wp-json\/wp\/v2\/product\/11577","targetHints":{"allow":["GET"]}}],"collection":[{"href":"https:\/\/original-militaria.com\/en\/wp-json\/wp\/v2\/product"}],"about":[{"href":"https:\/\/original-militaria.com\/en\/wp-json\/wp\/v2\/types\/product"}],"wp:featuredmedia":[{"embeddable":true,"href":"https:\/\/original-militaria.com\/en\/wp-json\/wp\/v2\/media\/11578"}],"wp:attachment":[{"href":"https:\/\/original-militaria.com\/en\/wp-json\/wp\/v2\/media?parent=11577"}],"wp:term":[{"taxonomy":"product_brand","embeddable":true,"href":"https:\/\/original-militaria.com\/en\/wp-json\/wp\/v2\/product_brand?post=11577"},{"taxonomy":"product_cat","embeddable":true,"href":"https:\/\/original-militaria.com\/en\/wp-json\/wp\/v2\/product_cat?post=11577"},{"taxonomy":"product_tag","embeddable":true,"href":"https:\/\/original-militaria.com\/en\/wp-json\/wp\/v2\/product_tag?post=11577"}],"curies":[{"name":"wp","href":"https:\/\/api.w.org\/{rel}","templated":true}]}}