{"id":11478,"date":"2017-09-05T11:58:40","date_gmt":"2017-09-05T11:58:40","guid":{"rendered":"https:\/\/original-militaria.com\/?post_type=product&#038;p=11478"},"modified":"2026-01-10T16:06:41","modified_gmt":"2026-01-10T15:06:41","slug":"nsdap-banda-de-funeral","status":"publish","type":"product","link":"https:\/\/original-militaria.com\/en\/producto\/nsdap-banda-de-funeral\/","title":{"rendered":"NSDAP\/ Funeral Sash &#8211;NSDAP\/ Banda de Funeral"},"content":{"rendered":"<p align=\"justify\"><span style=\"font-family: Verdana; font-size: medium;\">Banda de Funeral de Estado (Begr\u00e4bnis Sch\u00e4rpe), confeccionada en ray\u00f3n con flecos de oro.\u00a0La banda confeccionada en rojo y blanco con una negra esv\u00e1stica multipanel cosida dentro de un c\u00edrculo blanco, con flecos en hilos de oro, mide de ancho 18 cm y de largo\u00a096 cm.<br \/>\n<\/span><\/p>\n","protected":false},"excerpt":{"rendered":"<p align=\"justify\"><span style=\"font-family: Verdana; font-size: medium;\"><strong>DESCRIPCION:<\/strong> Banda de Funeral de Estado (Begr\u00e4bnis Sch\u00e4rpe), confeccionada en ray\u00f3n con flecos de oro.\u00a0La banda confeccionada en rojo y blanco con una negra esv\u00e1stica multipanel cosida dentro de un c\u00edrculo blanco, con flecos en hilos de oro, mide de ancho 18 cm y de largo\u00a096 cm.<br \/>\n<\/span><\/p>\n","protected":false},"featured_media":11479,"template":"","meta":[],"product_brand":[],"product_cat":[172,224],"product_tag":[],"class_list":{"0":"post-11478","1":"product","2":"type-product","3":"status-publish","4":"has-post-thumbnail","6":"product_cat-militaria-alemana-ww2","7":"product_cat-archivo-vendidos","8":"sales-flash-overlay","9":"woocommerce-text-align-center","10":"woocommerce-image-align-center","11":"do-quantity-buttons","13":"first","14":"outofstock","15":"product-type-simple"},"_links":{"self":[{"href":"https:\/\/original-militaria.com\/en\/wp-json\/wp\/v2\/product\/11478","targetHints":{"allow":["GET"]}}],"collection":[{"href":"https:\/\/original-militaria.com\/en\/wp-json\/wp\/v2\/product"}],"about":[{"href":"https:\/\/original-militaria.com\/en\/wp-json\/wp\/v2\/types\/product"}],"wp:featuredmedia":[{"embeddable":true,"href":"https:\/\/original-militaria.com\/en\/wp-json\/wp\/v2\/media\/11479"}],"wp:attachment":[{"href":"https:\/\/original-militaria.com\/en\/wp-json\/wp\/v2\/media?parent=11478"}],"wp:term":[{"taxonomy":"product_brand","embeddable":true,"href":"https:\/\/original-militaria.com\/en\/wp-json\/wp\/v2\/product_brand?post=11478"},{"taxonomy":"product_cat","embeddable":true,"href":"https:\/\/original-militaria.com\/en\/wp-json\/wp\/v2\/product_cat?post=11478"},{"taxonomy":"product_tag","embeddable":true,"href":"https:\/\/original-militaria.com\/en\/wp-json\/wp\/v2\/product_tag?post=11478"}],"curies":[{"name":"wp","href":"https:\/\/api.w.org\/{rel}","templated":true}]}}