{"id":11450,"date":"2017-09-05T11:58:27","date_gmt":"2017-09-05T11:58:27","guid":{"rendered":"https:\/\/original-militaria.com\/?post_type=product&#038;p=11450"},"modified":"2022-01-31T19:08:04","modified_gmt":"2022-01-31T18:08:04","slug":"estandarte-del-soldatenbund","status":"publish","type":"product","link":"https:\/\/original-militaria.com\/en\/producto\/estandarte-del-soldatenbund\/","title":{"rendered":"Estandarte del NS Soldatenbund"},"content":{"rendered":"<p align=\"justify\"><span style=\"font-family: verdana, geneva, sans-serif;font-size: 12pt\"><strong>ANTECEDENTES:<\/strong> El Soldatenbund fue\u00a0creado en 1936, se incorpor\u00f3 al NS-RKB &#8220;Nationalsozialistische-Reichskriegerbund&#8221; en 1938. Una organizaci\u00f3n con una vida bastante corta. <\/span><\/p>\n<p align=\"justify\"><span style=\"font-family: verdana, geneva, sans-serif;font-size: 12pt\"><strong>DESCRIPCION:<\/strong> Estandarte del NS Soldatenbund (NS Soldatenbund &#8211; Fahne), impreso a doble cara con doble tela de algod\u00f3n, con todas sus\u00a0arandelas presentes para colgar en el m\u00e1stil.\u00a0Tiene un \u00e1guila nacional con las alas extendidas con una Cruz de Hierro en el centro y sujetando con sus garras una esv\u00e1stica orlada por hojas de roble con dos espadas cruzadas por detr\u00e1s.\u00a0<span style=\"color: #ff0000\">Mide 148 cm X 118 cm<\/span>. Este tipo de estandarte es muy raro debido a su corta vida como organizaci\u00f3n. Estado 1-2. Muy raro.<\/span><\/p>\n","protected":false},"excerpt":{"rendered":"<p align=\"justify\"><span style=\"font-family: Verdana;font-size: medium\"><strong>ANTECEDENTES:<\/strong> El Soldatenbund fue\u00a0creado en 1936, se incorpor\u00f3 al NS-RKB &#8220;Nationalsozialistische-Reichskriegerbund&#8221; en 1938. Una organizaci\u00f3n con una vida bastante corta. <\/span><\/p>\n<p align=\"justify\"><span style=\"font-family: Verdana;font-size: medium\"><strong>DESCRIPCION:<\/strong> Estandarte del Soldatenbund\u00a0a doble cara con doble tela, con todas sus\u00a0arandelas presentes para colgar en el m\u00e1stil.\u00a0Tiene un \u00e1guila nacional con las alas extendidas con una Cruz de Hierro en el centro y sujetando con sus garras una esv\u00e1stica orlada por hojas de roble con dos espadas cruzadas por detr\u00e1s.\u00a0<span style=\"color: #ff0000\">Mide 148 cm X 118 cm<\/span>. Este tipo de estandarte es muy raro debido a su corta vida como organizaci\u00f3n. Estado 1-2. Muy raro.<\/span><\/p>\n","protected":false},"featured_media":11451,"template":"","meta":[],"product_brand":[],"product_cat":[172,224],"product_tag":[],"class_list":{"0":"post-11450","1":"product","2":"type-product","3":"status-publish","4":"has-post-thumbnail","6":"product_cat-militaria-alemana-ww2","7":"product_cat-archivo-vendidos","8":"sales-flash-overlay","9":"woocommerce-text-align-center","10":"woocommerce-image-align-center","11":"do-quantity-buttons","13":"first","14":"outofstock","15":"product-type-simple"},"_links":{"self":[{"href":"https:\/\/original-militaria.com\/en\/wp-json\/wp\/v2\/product\/11450","targetHints":{"allow":["GET"]}}],"collection":[{"href":"https:\/\/original-militaria.com\/en\/wp-json\/wp\/v2\/product"}],"about":[{"href":"https:\/\/original-militaria.com\/en\/wp-json\/wp\/v2\/types\/product"}],"wp:featuredmedia":[{"embeddable":true,"href":"https:\/\/original-militaria.com\/en\/wp-json\/wp\/v2\/media\/11451"}],"wp:attachment":[{"href":"https:\/\/original-militaria.com\/en\/wp-json\/wp\/v2\/media?parent=11450"}],"wp:term":[{"taxonomy":"product_brand","embeddable":true,"href":"https:\/\/original-militaria.com\/en\/wp-json\/wp\/v2\/product_brand?post=11450"},{"taxonomy":"product_cat","embeddable":true,"href":"https:\/\/original-militaria.com\/en\/wp-json\/wp\/v2\/product_cat?post=11450"},{"taxonomy":"product_tag","embeddable":true,"href":"https:\/\/original-militaria.com\/en\/wp-json\/wp\/v2\/product_tag?post=11450"}],"curies":[{"name":"wp","href":"https:\/\/api.w.org\/{rel}","templated":true}]}}