{"id":11448,"date":"2017-09-05T11:58:27","date_gmt":"2017-09-05T11:58:27","guid":{"rendered":"https:\/\/original-militaria.com\/?post_type=product&#038;p=11448"},"modified":"2022-01-31T19:08:04","modified_gmt":"2022-01-31T18:08:04","slug":"falange-uniforme-de-jefe-local-de-servicio","status":"publish","type":"product","link":"https:\/\/original-militaria.com\/en\/producto\/falange-uniforme-de-jefe-local-de-servicio\/","title":{"rendered":"Spain\/ Falange Uniform&#8211;Falange\/ Guerrera-uniforme de Jefe Local de Servicio"},"content":{"rendered":"<p align=\"justify\"><span style=\"font-family: Verdana;font-size: medium\">Uniforme completo de Falange (guerrera y pantal\u00f3n) para un Jefe Local de servicio, lleva el emblema de Falange bordado con\u00a0yugo dorado, indicativos del rango, todos los botones marcados &#8220;fabricado en Espa\u00f1a&#8221;, el pantal\u00f3n intacto con todos sus botones. Talla 42 espa\u00f1ola.<\/span><\/p>\n","protected":false},"excerpt":{"rendered":"<p align=\"justify\"><span style=\"font-family: Verdana;font-size: medium\"><strong>DESCRIPCION:<\/strong> Uniforme completo de Falange (guerrera y pantal\u00f3n) para un Jefe Local de servicio, lleva el emblema de Falange bordado con\u00a0yugo dorado, indicativos del rango, todos los botones marcados <span style=\"color: #ff0000\">&#8220;fabricado en Espa\u00f1a&#8221;<\/span>, el pantal\u00f3n intacto con todos sus botones. Talla 42 espa\u00f1ola.<\/span><\/p>\n","protected":false},"featured_media":11449,"template":"","meta":[],"product_brand":[],"product_cat":[224],"product_tag":[],"class_list":{"0":"post-11448","1":"product","2":"type-product","3":"status-publish","4":"has-post-thumbnail","6":"product_cat-archivo-vendidos","7":"sales-flash-overlay","8":"woocommerce-text-align-center","9":"woocommerce-image-align-center","10":"do-quantity-buttons","12":"first","13":"outofstock","14":"purchasable","15":"product-type-simple"},"_links":{"self":[{"href":"https:\/\/original-militaria.com\/en\/wp-json\/wp\/v2\/product\/11448","targetHints":{"allow":["GET"]}}],"collection":[{"href":"https:\/\/original-militaria.com\/en\/wp-json\/wp\/v2\/product"}],"about":[{"href":"https:\/\/original-militaria.com\/en\/wp-json\/wp\/v2\/types\/product"}],"wp:featuredmedia":[{"embeddable":true,"href":"https:\/\/original-militaria.com\/en\/wp-json\/wp\/v2\/media\/11449"}],"wp:attachment":[{"href":"https:\/\/original-militaria.com\/en\/wp-json\/wp\/v2\/media?parent=11448"}],"wp:term":[{"taxonomy":"product_brand","embeddable":true,"href":"https:\/\/original-militaria.com\/en\/wp-json\/wp\/v2\/product_brand?post=11448"},{"taxonomy":"product_cat","embeddable":true,"href":"https:\/\/original-militaria.com\/en\/wp-json\/wp\/v2\/product_cat?post=11448"},{"taxonomy":"product_tag","embeddable":true,"href":"https:\/\/original-militaria.com\/en\/wp-json\/wp\/v2\/product_tag?post=11448"}],"curies":[{"name":"wp","href":"https:\/\/api.w.org\/{rel}","templated":true}]}}