{"id":11438,"date":"2017-09-05T11:58:25","date_gmt":"2017-09-05T11:58:25","guid":{"rendered":"https:\/\/original-militaria.com\/?post_type=product&#038;p=11438"},"modified":"2022-01-31T19:08:04","modified_gmt":"2022-01-31T18:08:04","slug":"carabina-mosin-nagant-m1944-con-bayoneta-plegable","status":"publish","type":"product","link":"https:\/\/original-militaria.com\/en\/producto\/carabina-mosin-nagant-m1944-con-bayoneta-plegable\/","title":{"rendered":"M44 Mosin-Nagant with Bayonet&#8212;Carabina Mosin-Nagant M1944 con Bayoneta Plegable"},"content":{"rendered":"<p style=\"text-align: justify\" align=\"justify\"><span style=\"font-family: verdana, geneva, sans-serif;font-size: 12pt\"><strong>ANTECEDENTES:<\/strong> El Mosin-Nagant (\u0412\u0438\u043d\u0442\u043e\u0432\u043a\u0430 \u041c\u043e\u0441\u0438\u043d\u0430) es un fusil militar accionado por cerrojo, con cargador de cinco cartuchos, utilizado por las fuerzas armadas de la Rusia Imperial y m\u00e1s tarde la Uni\u00f3n Sovi\u00e9tica, usado ampliamente en varias versiones durante la WW2, sobre todo en el frente oriental, utilizaba munici\u00f3n 7,62 x 54 R. Una prueba del buen comportamiento de las neuronas de los ingenieros de Tula y de Izhevsk es esta arma. Su fiabilidad, robustez y precisi\u00f3n la convirtieron en un s\u00edmbolo del poder\u00edo del Ej\u00e9rcito Rojo, capaz de derrumbar a la todopoderosa Wehrmacht. En realidad, este modelo representa una versi\u00f3n reducida del legendario Mosin-Nagant M1891\/30, uno de los rifles m\u00e1s empleados durante la Segunda Guerra Mundial. Adem\u00e1s de su tama\u00f1o m\u00e1s corto, lo que facilitaba su transporte y manejabilidad, la carabina iba equipada con una bayoneta plegable que reflejaba su marcado car\u00e1cter militar. <\/span><\/p>\n<p style=\"text-align: justify\" align=\"justify\"><span style=\"font-size: 12pt\"><span style=\"font-family: verdana, geneva, sans-serif\"><strong>DESCRIPCION:<\/strong> Carabina Mosin-Nagant<\/span> <span style=\"font-family: Verdana\"><span style=\"font-size: 12pt\">M1943 (Mosin-Nagant Karabiner M1943) en excelente estado, viene con su bayoneta plegable que se presenta como un pincho cuya principal finalidad es herir al enemigo y su baqueta de limpieza. Presenta el tradicional sistema de cerrojo manual dise\u00f1ado por <\/span>M\u00e1user<span style=\"font-size: 12pt\">. Contiene una capacidad de carga de hasta 5 proyectiles. Misma numeraci\u00f3n &#8220;MC4924&#8221; en todas sus partes, lleva impresa la fecha &#8220;1943&#8221;, sello con el s\u00edmbolo del arsenal de &#8220;Izhevsk&#8221; (El s\u00edmbolo es un triangulo con una flecha que apunta hac\u00eda arriba), y la &#8220;Hoz y el martillo&#8221;. Todas las partes m\u00f3viles y hace clic, la inutilizaci\u00f3n es irreversible, viene con su certificado de inutilizaci\u00f3n ingl\u00e9s, no es necesario cambiarlo. Es necesario NIF.<\/span><\/span><\/span><\/p>\n","protected":false},"excerpt":{"rendered":"<p align=\"justify\"><span style=\"font-family: Verdana;font-size: medium\"><strong>ANTECEDENTES:<\/strong> El Mosin-Nagant (\u0412\u0438\u043d\u0442\u043e\u0432\u043a\u0430 \u041c\u043e\u0441\u0438\u043d\u0430) es un fusil militar accionado por cerrojo, con cargador de cinco cartuchos, utilizado por las fuerzas armadas de la Rusia Imperial y m\u00e1s tarde la Uni\u00f3n Sovi\u00e9tica, usado ampliamente en varias versiones durante la WW2, sobre todo en el frente oriental, utilizaba munici\u00f3n 7,62 x 54 R. Una prueba del buen comportamiento de las neuronas de los ingenieros de Tula y de Izhevsk es esta arma. Su fiabilidad, robustez y precisi\u00f3n la convirtieron en un s\u00edmbolo del poder\u00edo del Ej\u00e9rcito Rojo, capaz de derrumbar a la todopoderosa Wehrmacht. En realidad, este modelo representa una versi\u00f3n reducida del legendario Mosin-Nagant M1891\/30, uno de los rifles m\u00e1s empleados durante la Segunda Guerra Mundial. Adem\u00e1s de su tama\u00f1o m\u00e1s corto, lo que facilitaba su transporte y manejabilidad, la carabina iba equipada con una bayoneta plegable que reflejaba su marcado car\u00e1cter militar. <\/span><\/p>\n<p align=\"justify\"><span style=\"font-family: Verdana;font-size: medium\"><strong>DESCRIPCION:<\/strong> Carabina Mosin-Nagant <span style=\"color: #ff0000\">M1943<\/span> (Mosin-Nagant Karabiner M1943) en excelente estado, viene con su bayoneta plegable que se presenta como un pincho cuya principal finalidad es herir al enemigo y su baqueta de limpieza. Presenta el tradicional sistema de cerrojo manual dise\u00f1ado por Mauser. Contiene una capacidad de carga de hasta 5 proyectiles. Misma numeraci\u00f3n <span style=\"color: #ff0000\">&#8220;MC4924&#8221;<\/span> en todas sus partes, lleva impresa la fecha <span style=\"color: #ff0000\">&#8220;1943&#8221;<\/span>, sello con el s\u00edmbolo del arsenal de <span style=\"color: #ff0000\">&#8220;Izhevsk&#8221;<\/span> (El s\u00edmbolo es un triangulo con una flecha que apunta hac\u00eda arriba), y la <span style=\"color: #ff0000\">&#8220;Hoz y el martillo&#8221;<\/span>. Todas las partes m\u00f3viles y hace clic, la inutilizaci\u00f3n es irreversible, viene con su certificado de inutilizaci\u00f3n ingl\u00e9s, no es necesario cambiarlo. <span style=\"color: #ff0000\">Es necesario NIF<\/span>.<br \/>\n<\/span><\/p>\n","protected":false},"featured_media":11439,"template":"","meta":[],"product_brand":[],"product_cat":[224],"product_tag":[],"class_list":{"0":"post-11438","1":"product","2":"type-product","3":"status-publish","4":"has-post-thumbnail","6":"product_cat-archivo-vendidos","7":"sales-flash-overlay","8":"woocommerce-text-align-center","9":"woocommerce-image-align-center","10":"do-quantity-buttons","12":"first","13":"outofstock","14":"purchasable","15":"product-type-simple"},"_links":{"self":[{"href":"https:\/\/original-militaria.com\/en\/wp-json\/wp\/v2\/product\/11438","targetHints":{"allow":["GET"]}}],"collection":[{"href":"https:\/\/original-militaria.com\/en\/wp-json\/wp\/v2\/product"}],"about":[{"href":"https:\/\/original-militaria.com\/en\/wp-json\/wp\/v2\/types\/product"}],"wp:featuredmedia":[{"embeddable":true,"href":"https:\/\/original-militaria.com\/en\/wp-json\/wp\/v2\/media\/11439"}],"wp:attachment":[{"href":"https:\/\/original-militaria.com\/en\/wp-json\/wp\/v2\/media?parent=11438"}],"wp:term":[{"taxonomy":"product_brand","embeddable":true,"href":"https:\/\/original-militaria.com\/en\/wp-json\/wp\/v2\/product_brand?post=11438"},{"taxonomy":"product_cat","embeddable":true,"href":"https:\/\/original-militaria.com\/en\/wp-json\/wp\/v2\/product_cat?post=11438"},{"taxonomy":"product_tag","embeddable":true,"href":"https:\/\/original-militaria.com\/en\/wp-json\/wp\/v2\/product_tag?post=11438"}],"curies":[{"name":"wp","href":"https:\/\/api.w.org\/{rel}","templated":true}]}}