{"id":11327,"date":"2017-09-05T11:57:55","date_gmt":"2017-09-05T11:57:55","guid":{"rendered":"https:\/\/original-militaria.com\/?post_type=product&#038;p=11327"},"modified":"2022-02-07T17:32:07","modified_gmt":"2022-02-07T16:32:07","slug":"waffen-ss-foto-postal-circulada","status":"publish","type":"product","link":"https:\/\/original-militaria.com\/en\/producto\/waffen-ss-foto-postal-circulada\/","title":{"rendered":"Postcard of the Waffen SS Postcard &#8212; Waffen SS\/ Foto Postal Circulada"},"content":{"rendered":"<p style=\"text-align: justify;\" align=\"justify\"><strong><span style=\"font-family: Verdana;\"><span style=\"font-size: medium;\">A<span style=\"font-size: 12pt; font-family: verdana, geneva, sans-serif;\">NTECEDENTES:<\/span><\/span><\/span><\/strong><span style=\"font-size: 12pt; font-family: verdana, geneva, sans-serif;\"> El instinto humano b\u00e1sico que dicta a los soldados en el campo, independientemente de su nacionalidad, es siempre informar a sus seres queridos en casa. Como resultado de ello era muy com\u00fan para estos soldados enviar noticias a casa. A pesar de las limitaciones, una de las formas m\u00e1s populares fue las postales, estas eran relativamente baratas y f\u00e1ciles de conseguir y enviar. Entre estas ten\u00edan mucha aceptaci\u00f3n las fotograf\u00edas postales que al mismo tiempo serv\u00edan de propaganda. <\/span><\/p>\n<p style=\"text-align: justify;\"><span style=\"font-size: 12pt; font-family: verdana, geneva, sans-serif;\"><strong>DESCRIPCION:<\/strong>\u00a0Foto postal (Fotopostkarte) de las Waffen SS\u00a0en combate, circulada el 14 de diciembre de 1943 con sello.<\/span><\/p>\n","protected":false},"excerpt":{"rendered":"<p align=\"justify\"><strong><span style=\"font-family: Verdana;\"><span style=\"font-size: medium;\">ANTECEDENTES:<\/span><\/span><\/strong><span style=\"font-size: medium;\"><span style=\"font-family: Verdana;\"> El instinto humano b\u00e1sico que dicta a los soldados en el campo, independientemente de su nacionalidad, es siempre informar a sus seres queridos en casa. Como resultado de ello era muy com\u00fan para estos soldados enviar noticias a casa. A pesar de las limitaciones, una de las formas m\u00e1s populares fue las postales, estas eran relativamente baratas y f\u00e1ciles de conseguir y enviar. Entre estas ten\u00edan mucha aceptaci\u00f3n las fotograf\u00edas postales que al mismo tiempo serv\u00edan de propaganda. <\/span><\/span><\/p>\n<p><strong><span style=\"font-family: Verdana;\">DESCRIPCION:<\/span><\/strong>\u00a0Foto postal (Fotopostkarte) de las Waffen SS\u00a0en combate, circulada el 14 de diciembre de 1943 con sello.<\/p>\n","protected":false},"featured_media":11328,"template":"","meta":[],"product_brand":[],"product_cat":[172,224],"product_tag":[],"class_list":{"0":"post-11327","1":"product","2":"type-product","3":"status-publish","4":"has-post-thumbnail","6":"product_cat-militaria-alemana-ww2","7":"product_cat-archivo-vendidos","8":"sales-flash-overlay","9":"woocommerce-text-align-center","10":"woocommerce-image-align-center","11":"do-quantity-buttons","13":"first","14":"outofstock","15":"product-type-simple"},"_links":{"self":[{"href":"https:\/\/original-militaria.com\/en\/wp-json\/wp\/v2\/product\/11327","targetHints":{"allow":["GET"]}}],"collection":[{"href":"https:\/\/original-militaria.com\/en\/wp-json\/wp\/v2\/product"}],"about":[{"href":"https:\/\/original-militaria.com\/en\/wp-json\/wp\/v2\/types\/product"}],"wp:featuredmedia":[{"embeddable":true,"href":"https:\/\/original-militaria.com\/en\/wp-json\/wp\/v2\/media\/11328"}],"wp:attachment":[{"href":"https:\/\/original-militaria.com\/en\/wp-json\/wp\/v2\/media?parent=11327"}],"wp:term":[{"taxonomy":"product_brand","embeddable":true,"href":"https:\/\/original-militaria.com\/en\/wp-json\/wp\/v2\/product_brand?post=11327"},{"taxonomy":"product_cat","embeddable":true,"href":"https:\/\/original-militaria.com\/en\/wp-json\/wp\/v2\/product_cat?post=11327"},{"taxonomy":"product_tag","embeddable":true,"href":"https:\/\/original-militaria.com\/en\/wp-json\/wp\/v2\/product_tag?post=11327"}],"curies":[{"name":"wp","href":"https:\/\/api.w.org\/{rel}","templated":true}]}}