{"id":11179,"date":"2017-09-05T11:57:12","date_gmt":"2017-09-05T11:57:12","guid":{"rendered":"https:\/\/original-militaria.com\/?post_type=product&#038;p=11179"},"modified":"2017-09-05T11:57:12","modified_gmt":"2017-09-05T11:57:12","slug":"insignias-patrioticas-requetes-en-su-carton","status":"publish","type":"product","link":"https:\/\/original-militaria.com\/en\/producto\/insignias-patrioticas-requetes-en-su-carton\/","title":{"rendered":"Insignias Patri\u00f3ticas Requet\u00e9s en su Cart\u00f3n"},"content":{"rendered":"<p align=\"justify\"><font size=\"3\" face=\"Verdana\"><strong>DESCRIPCION:<\/strong> Cart&oacute;n original de Guerra civil con leyenda <font color=\"#ff0000\">!!VIVA ESPA&Ntilde;A!!<\/font> con&nbsp;insignias patri&oacute;ticas de solapa requet&eacute;s, con las siglas&nbsp;<font color=\"#ff0000\">&quot;DRP&quot;<\/font> (Dios, Patria, Rey). <\/font><\/p>\n<p align=\"justify\"><strong><font size=\"3\" face=\"Verdana\">Nota.-<\/font><\/strong><font size=\"3\" face=\"Verdana\"> Precio por unidad<\/font><\/p>\n","protected":false},"excerpt":{"rendered":"<p align=\"justify\"><font size=\"3\" face=\"Verdana\"><strong>DESCRIPCION:<\/strong> Cart&oacute;n original de Guerra civil con leyenda <font color=\"#ff0000\">!!VIVA ESPA&Ntilde;A!!<\/font> con&nbsp;insignias patri&oacute;ticas de solapa requet&eacute;s, con las siglas&nbsp;<font color=\"#ff0000\">&quot;DRP&quot;<\/font> (Dios, Patria, Rey). <\/font><\/p>\n<p align=\"justify\"><strong><font size=\"3\" face=\"Verdana\">Nota.-<\/font><\/strong><font size=\"3\" face=\"Verdana\"> Precio por unidad<\/font><\/p>\n","protected":false},"featured_media":11180,"template":"","meta":[],"product_brand":[],"product_cat":[194],"product_tag":[],"class_list":{"0":"post-11179","1":"product","2":"type-product","3":"status-publish","4":"has-post-thumbnail","6":"product_cat-guerra-civil","7":"sales-flash-overlay","8":"woocommerce-text-align-center","9":"woocommerce-image-align-center","10":"do-quantity-buttons","12":"first","13":"instock","14":"purchasable","15":"product-type-simple"},"_links":{"self":[{"href":"https:\/\/original-militaria.com\/en\/wp-json\/wp\/v2\/product\/11179","targetHints":{"allow":["GET"]}}],"collection":[{"href":"https:\/\/original-militaria.com\/en\/wp-json\/wp\/v2\/product"}],"about":[{"href":"https:\/\/original-militaria.com\/en\/wp-json\/wp\/v2\/types\/product"}],"wp:featuredmedia":[{"embeddable":true,"href":"https:\/\/original-militaria.com\/en\/wp-json\/wp\/v2\/media\/11180"}],"wp:attachment":[{"href":"https:\/\/original-militaria.com\/en\/wp-json\/wp\/v2\/media?parent=11179"}],"wp:term":[{"taxonomy":"product_brand","embeddable":true,"href":"https:\/\/original-militaria.com\/en\/wp-json\/wp\/v2\/product_brand?post=11179"},{"taxonomy":"product_cat","embeddable":true,"href":"https:\/\/original-militaria.com\/en\/wp-json\/wp\/v2\/product_cat?post=11179"},{"taxonomy":"product_tag","embeddable":true,"href":"https:\/\/original-militaria.com\/en\/wp-json\/wp\/v2\/product_tag?post=11179"}],"curies":[{"name":"wp","href":"https:\/\/api.w.org\/{rel}","templated":true}]}}