{"id":11177,"date":"2017-09-05T11:57:12","date_gmt":"2017-09-05T11:57:12","guid":{"rendered":"https:\/\/original-militaria.com\/?post_type=product&#038;p=11177"},"modified":"2022-01-31T19:07:58","modified_gmt":"2022-01-31T18:07:58","slug":"wh-maquina-de-escribir-adler-m1938","status":"publish","type":"product","link":"https:\/\/original-militaria.com\/en\/producto\/wh-maquina-de-escribir-adler-m1938\/","title":{"rendered":"Wehrmacht\/ Typewriter &#8220;Adler, M1938&#8221;&#8212;WH\/ Maquina de Escribir &#8220;Adler, M1938&#8221;"},"content":{"rendered":"<p align=\"justify\"><span style=\"font-family: verdana, geneva, sans-serif;font-size: 12pt\"><strong>ANTECEDENTES:<\/strong> Adler, cuyo nombre en espa\u00f1ol significa \u201c\u00c1guila\u201d, fue una f\u00e1brica alemana que durante m\u00e1s de 40 a\u00f1os, entre 1900 y 1941, fabric\u00f3 maquinas de escribir, bicicletas, motocicletas y autom\u00f3viles. La conocida historia de Adler comenz\u00f3 en 1898 cuando Heinrich Kleyer GmbH de Frankfurt, comenz\u00f3 a fabricar la m\u00e1quina Wellington Parker Kidder bajo licencia. El dise\u00f1o fue mejorado r\u00e1pidamente cuando, totalmente independiente de Kidder desarroll\u00f3 su maquina ADLER.<\/span><\/p>\n<p align=\"justify\"><span style=\"font-size: 12pt;font-family: verdana, geneva, sans-serif\"><strong>DESCRIPCION:<\/strong> Raro modelo de m\u00e1quina de escribir (Schreibmaschine) port\u00e1til para la Wehrmacht de la marca &#8220;Adler&#8221; modelo de 1938, en su caja de transporte, de color negro liso,\u00a0compacta, de estilo espartano, pero robusta, con el logo de la empresa en el centro (el \u00e1guila) y debajo el nombre de la misma. El teclado\u00a0var\u00eda al tener un dise\u00f1o diferente\u00a0en las letras, y la adici\u00f3n de las letras\u00a0&#8220;\u00c4, \u00d6, \u00dc&#8221;, teclado QWERTZ.\u00a0\u00a0Excelente conservaci\u00f3n y funcionamiento, tanto de la m\u00e1quina como de la caja. Son raras de ver, se ven mucho el modelo &#8220;Adler 7&#8221; y el modelo &#8220;Adler Favorit 2&#8221; muy similar a este modelo, tambi\u00e9n fabricado en 1938, pero no este concreto para la WH.<\/span><\/p>\n","protected":false},"excerpt":{"rendered":"<p align=\"justify\"><span style=\"font-family: Verdana;font-size: medium\"><strong>ANTECEDENTES:<\/strong> Adler, cuyo nombre en espa\u00f1ol significa \u201cAguila\u201d, fue una f\u00e1brica alemana que durante m\u00e1s de 40 a\u00f1os, entre 1900 y 1941,\u00a0fabric\u00f3 maquinas de escribir, bicicletas, motocicletas y aut\u00f3moviles. La conocida historia de\u00a0Adler comenz\u00f3 en 1898 cuando Heinrich Kleyer GmbH de\u00a0Frankfurt, comenz\u00f3 a fabricar la m\u00e1quina Wellington Parker Kidder bajo licencia. El dise\u00f1o fue mejorado r\u00e1pidamente cuando, totalmente independiente de Kidder desarroll\u00f3 su\u00a0maquina ADLER.<\/span><\/p>\n<p align=\"justify\"><span style=\"font-family: Verdana;font-size: medium\"><strong>DESCRIPCION:<\/strong> Raro modelo de m\u00e1quina de escribir (Schreibmaschine) port\u00e1til para la Wehrmacht de la marca <span style=\"color: #ff0000\">&#8220;Adler&#8221;<\/span> modelo de <span style=\"color: #ff0000\">1938<\/span>, en su caja de transporte, de color negro liso,\u00a0compacta, de estilo espartano, pero robusta, con el logo de la empresa en el centro (el \u00e1guila) y debajo el nombre de la misma. El teclado\u00a0var\u00eda al tener un dise\u00f1o diferente\u00a0en las letras, y la adici\u00f3n de las letras\u00a0<span style=\"color: #ff0000\">&#8220;\u00c4, \u00d6, \u00dc&#8221;<\/span>, teclado <span style=\"color: #ff0000\">QWERTZ<\/span>.\u00a0\u00a0<\/span><span style=\"font-family: Verdana;font-size: medium\">Excelente conservaci\u00f3n y funcionamiento, tanto de la m\u00e1quina como de la caja. Son raras de ver, se ven mucho el modelo &#8220;Adler 7&#8221; y el modelo &#8220;Adler Favorit 2&#8221; muy similar a este modelo, tambi\u00e9n fabricado en 1938, pero no este concreto para la WH.<\/span><\/p>\n","protected":false},"featured_media":11178,"template":"","meta":[],"product_brand":[],"product_cat":[224],"product_tag":[],"class_list":{"0":"post-11177","1":"product","2":"type-product","3":"status-publish","4":"has-post-thumbnail","6":"product_cat-archivo-vendidos","7":"sales-flash-overlay","8":"woocommerce-text-align-center","9":"woocommerce-image-align-center","10":"do-quantity-buttons","12":"first","13":"outofstock","14":"purchasable","15":"product-type-simple"},"_links":{"self":[{"href":"https:\/\/original-militaria.com\/en\/wp-json\/wp\/v2\/product\/11177","targetHints":{"allow":["GET"]}}],"collection":[{"href":"https:\/\/original-militaria.com\/en\/wp-json\/wp\/v2\/product"}],"about":[{"href":"https:\/\/original-militaria.com\/en\/wp-json\/wp\/v2\/types\/product"}],"wp:featuredmedia":[{"embeddable":true,"href":"https:\/\/original-militaria.com\/en\/wp-json\/wp\/v2\/media\/11178"}],"wp:attachment":[{"href":"https:\/\/original-militaria.com\/en\/wp-json\/wp\/v2\/media?parent=11177"}],"wp:term":[{"taxonomy":"product_brand","embeddable":true,"href":"https:\/\/original-militaria.com\/en\/wp-json\/wp\/v2\/product_brand?post=11177"},{"taxonomy":"product_cat","embeddable":true,"href":"https:\/\/original-militaria.com\/en\/wp-json\/wp\/v2\/product_cat?post=11177"},{"taxonomy":"product_tag","embeddable":true,"href":"https:\/\/original-militaria.com\/en\/wp-json\/wp\/v2\/product_tag?post=11177"}],"curies":[{"name":"wp","href":"https:\/\/api.w.org\/{rel}","templated":true}]}}