{"id":11164,"date":"2017-09-05T11:57:08","date_gmt":"2017-09-05T11:57:08","guid":{"rendered":"https:\/\/original-militaria.com\/?post_type=product&#038;p=11164"},"modified":"2022-01-31T19:07:58","modified_gmt":"2022-01-31T18:07:58","slug":"ss-maquina-de-escribir-portatil-continental","status":"publish","type":"product","link":"https:\/\/original-militaria.com\/en\/producto\/ss-maquina-de-escribir-portatil-continental\/","title":{"rendered":"Waffen SS\/ Rare original Typewriter&#8211;Waffen SS\/ M\u00e1quina de Escribir Port\u00e1til &#8220;Continental&#8221;, Rara"},"content":{"rendered":"<p style=\"text-align: justify\" align=\"justify\"><span style=\"font-size: 12pt;font-family: verdana, geneva, sans-serif\">M\u00e1quina de escribir port\u00e1til de la marca <strong>&#8220;Continental&#8221;<\/strong> en su caja de transporte(SS-Schreibmaschine Marke &#8220;Continental&#8221; mit SS Runentaste), de color negro liso, de fabricaci\u00f3n temprana, circa 1939, con n\u00famero de serie muy bajo &#8220;R046971&#8221;. Tiene las runas <strong>&#8220;SS&#8221;<\/strong> especiales en el bot\u00f3n n\u00famero <strong>&#8220;5&#8221; <\/strong>del teclado QWERTZ (las teclas van numeradas en el lateral y son correlativas como se puede ver en las fotos, 15-16), el cual var\u00eda al tener un dise\u00f1o diferente en las letras, y la adici\u00f3n de las letras &#8220;\u00c4, \u00d6, \u00dc&#8221;. Tiene bien definida la manufactura de la maquina &#8220;Continental&#8221; encima del rodillo, y en la parte derecha del frontal, en el lado izquierdo tiene el logo de esta empresa. Est\u00e1 en perfecto funcionamiento y excelente estado de conservaci\u00f3n tanto de la m\u00e1quina como de la caja. <strong>Rara encontrarlas en este estado y original 100% sin duda.<\/strong><\/span><\/p>\n<p>&nbsp;<\/p>\n","protected":false},"excerpt":{"rendered":"<p align=\"justify\"><span style=\"font-family: Verdana;font-size: medium\"><strong>DESCRIPCION:<\/strong> M\u00e1quina de escribir (SS-Schreibmaschine Marke &#8220;Continental&#8221; mit SS Runentaste) port\u00e1til de la marca <span style=\"color: #ff0000\">&#8220;Continental&#8221;<\/span> en su caja de transporte, de color negro liso, de fabricaci\u00f3n temprana, circa 1939, con n\u00famero de serie muy bajo <span style=\"color: #ff0000\">&#8220;R046971&#8221;<\/span>. Tiene las runas <span style=\"color: #ff0000\">&#8220;SS&#8221;<\/span> especiales en el bot\u00f3n n\u00famero <span style=\"color: #ff0000\">&#8220;5&#8221;<span style=\"color: #000000\"><span style=\"color: #ffffff\">, del\u00a0teclado QWERTZ, el cual var\u00eda al tener un dise\u00f1o diferente en las letras, y la adici\u00f3n de las letras<\/span> <span style=\"color: #ff0000\">&#8220;\u00c4, \u00d6, \u00dc&#8221;<\/span>.<\/span><\/span>\u00a0Tiene bien definida la manufactura de la maquina <span style=\"color: #ff0000\">&#8220;Continental&#8221;<\/span> encima del rodillo, y en la parte derecha del frontal, en el lado izquiero tiene el logo de esta empresa.\u00a0<\/span><\/p>\n<p align=\"justify\"><span style=\"font-family: Verdana;font-size: medium\">Est\u00e1 en perfecto funcionamiento y excelente estado de\u00a0conservaci\u00f3n\u00a0tanto de la m\u00e1quina como de la caja. Rara encontrarlas as\u00ed.<\/span><\/p>\n<p>&nbsp;<\/p>\n","protected":false},"featured_media":19925,"template":"","meta":[],"product_brand":[],"product_cat":[224],"product_tag":[],"class_list":{"0":"post-11164","1":"product","2":"type-product","3":"status-publish","4":"has-post-thumbnail","6":"product_cat-archivo-vendidos","7":"sales-flash-overlay","8":"woocommerce-text-align-center","9":"woocommerce-image-align-center","10":"do-quantity-buttons","12":"first","13":"outofstock","14":"product-type-simple"},"_links":{"self":[{"href":"https:\/\/original-militaria.com\/en\/wp-json\/wp\/v2\/product\/11164","targetHints":{"allow":["GET"]}}],"collection":[{"href":"https:\/\/original-militaria.com\/en\/wp-json\/wp\/v2\/product"}],"about":[{"href":"https:\/\/original-militaria.com\/en\/wp-json\/wp\/v2\/types\/product"}],"wp:featuredmedia":[{"embeddable":true,"href":"https:\/\/original-militaria.com\/en\/wp-json\/wp\/v2\/media\/19925"}],"wp:attachment":[{"href":"https:\/\/original-militaria.com\/en\/wp-json\/wp\/v2\/media?parent=11164"}],"wp:term":[{"taxonomy":"product_brand","embeddable":true,"href":"https:\/\/original-militaria.com\/en\/wp-json\/wp\/v2\/product_brand?post=11164"},{"taxonomy":"product_cat","embeddable":true,"href":"https:\/\/original-militaria.com\/en\/wp-json\/wp\/v2\/product_cat?post=11164"},{"taxonomy":"product_tag","embeddable":true,"href":"https:\/\/original-militaria.com\/en\/wp-json\/wp\/v2\/product_tag?post=11164"}],"curies":[{"name":"wp","href":"https:\/\/api.w.org\/{rel}","templated":true}]}}