{"id":10963,"date":"2017-09-05T11:56:19","date_gmt":"2017-09-05T11:56:19","guid":{"rendered":"https:\/\/original-militaria.com\/?post_type=product&#038;p=10963"},"modified":"2022-01-31T19:07:50","modified_gmt":"2022-01-31T18:07:50","slug":"orden-de-la-guerra-patriotica-2","status":"publish","type":"product","link":"https:\/\/original-militaria.com\/en\/producto\/orden-de-la-guerra-patriotica-2\/","title":{"rendered":"URSS\/Order of the Patriotic War&#8212;URSS\/  Orden de la Guerra Patri\u00f3tica"},"content":{"rendered":"<p align=\"justify\"><span style=\"font-size: medium\"><span style=\"font-family: Verdana\"><strong>ANTECEDENTES:<\/strong> Establecida el 20 de mayo de 1942, la Orden de la Guerra Patria fue una condecoraci\u00f3n de la Uni\u00f3n Sovi\u00e9tica, siendo concedida a todos los soldados de las Fuerzas Armadas sovi\u00e9ticas, tropas de seguridad y a los partisanos por actos heroicos durante la Gran Guerra Patria. La orden estaba compuesta por dos clases, 1\u00aa y 2\u00aa, concedidas en funci\u00f3n del m\u00e9rito del hecho recompensado. Fue la primera medalla sovi\u00e9tica establecida durante la guerra y la primera orden sovi\u00e9tica dividida en clases. Sus estatutos, defin\u00edan perfectamente qu\u00e9 actos eran merecedores de ser premiados; por ejemplo: abatir tres aviones como piloto de caza, o destruir dos tanques pesados, tres medios o cuatro ligeros, o capturar un barco de guerra, o reparar un avi\u00f3n bajo fuego despu\u00e9s de aterrizar en territorio hostil, y otras, eran acciones merecedoras de la 1\u00aa clase. Tambi\u00e9n fue concedida a algunas tropas y comandantes aliados. En total se concedieron 324.903 de 1\u00aa clase y 951.652 de 2\u00aa clase durante la guerra. Hasta 1985, el n\u00famero total otorgado fue de 1.350.000 aproximadamente. <strong>NOTA:<\/strong> En 1985, durante la conmemoraci\u00f3n del 40\u00ba aniversario de la Gran Guerra Patria, se decidi\u00f3 que todos los veteranos supervivientes de la guerra recibiesen o la 1\u00aa o la 2\u00aa clase de la Orden. <\/span><\/span><\/p>\n<p align=\"justify\"><span style=\"font-size: medium\"><strong style=\"font-family: Verdana;font-size: medium\">DESCRIPCION:<\/strong><span style=\"font-family: Verdana;font-size: medium\"> Orden de la Guerra Patri\u00f3tica\u00a0de 2\u00ba clase. Insignia de plata y esmaltes al fuego de 50 mm de di\u00e1metro,\u00a0est\u00e1 formada por una estrella roja esmaltada\u00a0de cinco puntas, hecha de plata, con rayos saliendo de la parte de atr\u00e1s y un sable y un fusil cruzados. Los rayos son\u00a0plateados,\u00a0en el centro, un c\u00edrculo con la hoz y el martillo\u00a0plateados sobre fondo rojo, rodeados por una cinta blanca con las palabras <\/span><span style=\"font-family: Verdana;font-size: medium\">\u041e\u0422\u0415\u0427\u0415\u0421\u0422\u0412\u0415\u041d\u041d\u0410\u042f \u0412\u041e\u0419\u041d\u0410<\/span><span style=\"font-family: Verdana;font-size: medium\"> (Guerra Patria). Viene con su documento de concesi\u00f3n en el a\u00f1o 1985 a un veterano superviviente de la WW2. Completa con el tornillo posterior y la tapa trasera. Ricos colores. Con n\u00famero de serie <\/span><span style=\"font-family: Verdana;font-size: medium\">3120798<\/span><span style=\"font-family: Verdana;font-size: medium\"> .<\/span><\/span><\/p>\n<p>&nbsp;<\/p>\n","protected":false},"excerpt":{"rendered":"<p align=\"justify\"><span style=\"font-size: medium\"><span style=\"font-family: Verdana\"><strong>ANTECEDENTES:<\/strong> Establecida el 20 de mayo de 1942, la Orden de la Guerra Patria fue una condecoraci\u00f3n de la Uni\u00f3n Sovi\u00e9tica, siendo concedida a todos los soldados de las Fuerzas Armadas sovi\u00e9ticas, tropas de seguridad y a los partisanos por actos heroicos durante la Gran Guerra Patria. La orden estaba compuesta por dos clases, 1\u00aa y 2\u00aa, concedidas en funci\u00f3n del m\u00e9rito del hecho recompensado. Fue la primera medalla sovi\u00e9tica establecida durante la guerra y la primera orden sovi\u00e9tica dividida en clases. Sus estatutos, defin\u00edan perfectamente qu\u00e9 actos eran merecedores de ser premiados; por ejemplo: abatir tres aviones como piloto de caza, o destruir dos tanques pesados, tres medios o cuatro ligeros, o capturar un barco de guerra, o reparar un avi\u00f3n bajo fuego despu\u00e9s de aterrizar en territorio hostil, y otras, eran acciones merecedoras de la 1\u00aa clase. Tambi\u00e9n fue concedida a algunas tropas y comandantes aliados. En total se concedieron 324.903 de 1\u00aa clase y 951.652 de 2\u00aa clase durante la guerra. Hasta 1985, el n\u00famero total otorgado fue de 1.350.000 aproximadamente. <strong>NOTA:<\/strong> En 1985, durante la conmemoraci\u00f3n del 40\u00ba aniversario de la Gran Guerra Patria, se decidi\u00f3 que todos los veteranos supervivientes de la guerra recibiesen o la 1\u00aa o la 2\u00aa clase de la Orden. <\/span><\/span><\/p>\n<p align=\"justify\"><span style=\"font-size: medium\"><span style=\"font-family: Verdana\"><strong>DESCRIPCION:<\/strong> Orden de la Guerra Patr\u00f3tica de 2\u00ba clase. Insignia de plata y esmaltes al fuego de 50 mm de di\u00e1metro,\u00a0est\u00e1 formada por una estrella roja esmalatada de cinco puntas, hecha de plata, con rayos saliendo de la parte de atr\u00e1s y un sable y un fusil cruzados. Los rayos son\u00a0plateados,\u00a0en el centro, un c\u00edrculo con la hoz y el martillo\u00a0plateados sobre fondo rojo, rodeados por una cinta blanca con las palabras <span style=\"color: #ff0000\">\u041e\u0422\u0415\u0427\u0415\u0421\u0422\u0412\u0415\u041d\u041d\u0410\u042f \u0412\u041e\u0419\u041d\u0410<\/span> (Guerra Patria). Viene con su documento de concesi\u00f3n en el a\u00f1o 1985 a un veterano superviviente de la WW2. Completa con el tornillo posterior y la tapa trasera. Ricos colores. Con n\u00famero de serie <span style=\"color: #ff0000\">3120798<\/span> .<\/span><\/span><\/p>\n<p>&nbsp;<\/p>\n","protected":false},"featured_media":10964,"template":"","meta":[],"product_brand":[],"product_cat":[224],"product_tag":[],"class_list":{"0":"post-10963","1":"product","2":"type-product","3":"status-publish","4":"has-post-thumbnail","6":"product_cat-archivo-vendidos","7":"sales-flash-overlay","8":"woocommerce-text-align-center","9":"woocommerce-image-align-center","10":"do-quantity-buttons","12":"first","13":"outofstock","14":"purchasable","15":"product-type-simple"},"_links":{"self":[{"href":"https:\/\/original-militaria.com\/en\/wp-json\/wp\/v2\/product\/10963","targetHints":{"allow":["GET"]}}],"collection":[{"href":"https:\/\/original-militaria.com\/en\/wp-json\/wp\/v2\/product"}],"about":[{"href":"https:\/\/original-militaria.com\/en\/wp-json\/wp\/v2\/types\/product"}],"wp:featuredmedia":[{"embeddable":true,"href":"https:\/\/original-militaria.com\/en\/wp-json\/wp\/v2\/media\/10964"}],"wp:attachment":[{"href":"https:\/\/original-militaria.com\/en\/wp-json\/wp\/v2\/media?parent=10963"}],"wp:term":[{"taxonomy":"product_brand","embeddable":true,"href":"https:\/\/original-militaria.com\/en\/wp-json\/wp\/v2\/product_brand?post=10963"},{"taxonomy":"product_cat","embeddable":true,"href":"https:\/\/original-militaria.com\/en\/wp-json\/wp\/v2\/product_cat?post=10963"},{"taxonomy":"product_tag","embeddable":true,"href":"https:\/\/original-militaria.com\/en\/wp-json\/wp\/v2\/product_tag?post=10963"}],"curies":[{"name":"wp","href":"https:\/\/api.w.org\/{rel}","templated":true}]}}