{"id":10815,"date":"2017-09-05T11:55:36","date_gmt":"2017-09-05T11:55:36","guid":{"rendered":"https:\/\/original-militaria.com\/?post_type=product&#038;p=10815"},"modified":"2019-10-19T17:19:03","modified_gmt":"2019-10-19T17:19:03","slug":"gafas-de-vuelo-del-ea-espanol-climax","status":"publish","type":"product","link":"https:\/\/original-militaria.com\/en\/producto\/gafas-de-vuelo-del-ea-espanol-climax\/","title":{"rendered":"Air Force Spanish\/ Flight Glasses Mark &#8220;Clima&#8221; &#8212; Gafas de Vuelo del EA Espa\u00f1ol &#8220;Climax&#8221;"},"content":{"rendered":"<p align=\"justify\"><span style=\"font-size: medium\"><span style=\"font-family: Verdana\"><strong>DESCRIPCION:<\/strong> Gafas de vuelo de la marca <span style=\"color: #ff0000\">&#8220;Climax&#8221;<\/span> de \u00a0Aviaci\u00f3n Ej\u00e9rcito del Aire, Guerra Civil y \u00e9poca de Franco. Completas, en muy buen estado.\u00a0<\/span><\/span><\/p>\n","protected":false},"excerpt":{"rendered":"<p align=\"justify\"><span style=\"font-size: medium\"><span style=\"font-family: Verdana\"><strong>DESCRIPCION:<\/strong> Gafas de vuelo de la marca <span style=\"color: #ff0000\">&#8220;Climax&#8221;<\/span> de \u00a0Aviaci\u00f3n Ej\u00e9rcito del Aire, \u00e9poca de Franco. Completas, en un excelente estado. Raras de encontrar.<\/span><\/span><\/p>\n","protected":false},"featured_media":10816,"template":"","meta":[],"product_brand":[],"product_cat":[195,194],"product_tag":[],"class_list":{"0":"post-10815","1":"product","2":"type-product","3":"status-publish","4":"has-post-thumbnail","6":"product_cat-epoca-de-franco","7":"product_cat-guerra-civil","8":"sales-flash-overlay","9":"woocommerce-text-align-center","10":"woocommerce-image-align-center","11":"do-quantity-buttons","13":"first","14":"instock","15":"purchasable","16":"product-type-simple"},"_links":{"self":[{"href":"https:\/\/original-militaria.com\/en\/wp-json\/wp\/v2\/product\/10815","targetHints":{"allow":["GET"]}}],"collection":[{"href":"https:\/\/original-militaria.com\/en\/wp-json\/wp\/v2\/product"}],"about":[{"href":"https:\/\/original-militaria.com\/en\/wp-json\/wp\/v2\/types\/product"}],"wp:featuredmedia":[{"embeddable":true,"href":"https:\/\/original-militaria.com\/en\/wp-json\/wp\/v2\/media\/10816"}],"wp:attachment":[{"href":"https:\/\/original-militaria.com\/en\/wp-json\/wp\/v2\/media?parent=10815"}],"wp:term":[{"taxonomy":"product_brand","embeddable":true,"href":"https:\/\/original-militaria.com\/en\/wp-json\/wp\/v2\/product_brand?post=10815"},{"taxonomy":"product_cat","embeddable":true,"href":"https:\/\/original-militaria.com\/en\/wp-json\/wp\/v2\/product_cat?post=10815"},{"taxonomy":"product_tag","embeddable":true,"href":"https:\/\/original-militaria.com\/en\/wp-json\/wp\/v2\/product_tag?post=10815"}],"curies":[{"name":"wp","href":"https:\/\/api.w.org\/{rel}","templated":true}]}}