{"id":10761,"date":"2017-09-05T11:55:19","date_gmt":"2017-09-05T11:55:19","guid":{"rendered":"https:\/\/original-militaria.com\/?post_type=product&#038;p=10761"},"modified":"2022-01-31T19:07:47","modified_gmt":"2022-01-31T18:07:47","slug":"pistola-astra-400","status":"publish","type":"product","link":"https:\/\/original-militaria.com\/en\/producto\/pistola-astra-400\/","title":{"rendered":"Spain\/ Deactivate Astra 400 Pistol&#8212;Pistola Astra &#8220;400&#8221;"},"content":{"rendered":"<p align=\"justify\"><span style=\"font-family: verdana, geneva, sans-serif;font-size: 12pt\"><strong>ANTECEDENTES:<\/strong> Declarada Reglamentaria en el Ejercito Espa\u00f1ol el d\u00eda 26 de Septiembre de 1921, al resultar ganadora del concurso convocado el 9 de Febrero de 1921 para sustituir a las pistolas Bergmann y Campo-Giro, reglamentarias en ese momento. Poco despu\u00e9s paso tambi\u00e9n a ser Reglamentaria en el Cuerpo de carabineros (13-10-1922). Esta pistola oficialmente fue denominada &#8220;Pistola de 9 mm modelo 1921&#8221;, pero la casa fabricante Esperanza y Unceta la llam\u00f3 &#8220;Astra modelo 400&#8221;, siendo conocida de ambas maneras indistintamente; aunque en el ambiente de los coleccionistas de armas se la conoce como &#8220;Astrona&#8221; y como &#8220;Puro&#8221;.\u00a0Durante la Guerra Civil se fabricaron dos modelos en la zona republicana, una de ellas en Valencia (reconocible por la estampaci\u00f3n en las cachas de las iniciales R.E.) y otra en Tarrasa (Barcelona), que cambio la denominaci\u00f3n de la pistola a &#8220;F.Ascaso&#8221; y fue entregada a las milicias anarquistas. La \u00fanica diferencia con las originales, adem\u00e1s de la estampaci\u00f3n, consist\u00eda en las estr\u00edas. Mientras la original tiene una vuelta de 24 cm, la fabricada en Tarrasa lo hace en 31 cm y la valenciana en 26 cm.<\/span><\/p>\n<p align=\"justify\"><span style=\"font-family: verdana, geneva, sans-serif;font-size: 12pt\"><strong>DESCRIPCION:<\/strong> Pistola Astra 400 en perfecto estado con n\u00famero &#8220;92022&#8221;, tiene en el guardamonte una bombeta con una &#8220;I&#8221;, lo que indica que fu\u00e9 entregada al ej\u00e9rcito en 1940, conserva su pav\u00f3n al 100%,\u00a0concienzudamente construida, de gran resistencia y fiabilidad, tiene el caracter\u00edstico\u00a0ca\u00f1\u00f3n\u00a0tubular. Posee un doble sistema de seguridad (seguro manual y seguro de empu\u00f1adura), martillo percutor oculto y ventana de extracci\u00f3n a la derecha.\u00a0Inutilizaci\u00f3n irreversible aunque no visible por ir fresado el ca\u00f1\u00f3n por dentro, todas las partes m\u00f3viles y hace clic. El cargador marcado &#8220;Astra&#8221;. Con su correspondiente certificado de inutilizaci\u00f3n BOPE.<\/span><\/p>\n","protected":false},"excerpt":{"rendered":"<p align=\"justify\"><span style=\"font-family: Verdana\"><strong>ANTECEDENTES:<\/strong> Declarada Reglamentaria en el Ejercito Espa\u00f1ol el d\u00eda 26 de Septiembre de 1921, al resultar ganadora del concurso convocado el 9 de Febrero de 1921 para sustituir a las pistolas Bergmann y Campo-Giro, reglamentarias en ese momento. Poco despu\u00e9s paso tambi\u00e9n a ser Reglamentaria en el Cuerpo de carabineros (13-10-1922). Esta pistola oficialmente fue denominada &#8220;Pistola de 9 mm modelo 1921&#8221;, pero la casa fabricante Esperanza y Unceta la llam\u00f3 &#8220;Astra modelo 400&#8221;, siendo conocida de ambas maneras indistintamente; aunque en el ambiente de los coleccionistas de armas se la conoce como &#8220;Astrona&#8221; y como &#8220;Puro&#8221;.\u00a0Durante la Guerra Civil se fabricaron dos modelos en la zona republicana, una de ellas en Valencia (reconocible por la estampaci\u00f3n en las cachas de las iniciales R.E.) y otra en Tarrasa (Barcelona), que cambio la denominaci\u00f3n de la pistola a &#8220;F.Ascaso&#8221; y fue entregada a las milicias anarquistas. La \u00fanica diferencia con las originales, adem\u00e1s de la estampaci\u00f3n, consist\u00eda en las estr\u00edas. Mientras la original tiene una vuelta de 24 cm, la fabricada en Tarrasa lo hace en 31 cm y la valenciana en 26 cm.<\/span><\/p>\n<p align=\"justify\"><span style=\"font-family: Verdana\"><strong>DESCRIPCION:<\/strong> Pistola Astra 400 en perfecto estado con n\u00famero <span style=\"color: #ff0000\">&#8220;92022&#8221;<\/span>, tiene en el guardamonte una bombeta con una <span style=\"color: #ff0000\">&#8220;I&#8221;<\/span>, lo que indica que fu\u00e9 entregada al ej\u00e9rcito en <span style=\"color: #ff0000\">1940<\/span>, conserva su pav\u00f3n al 100%,\u00a0concienzudamente construida, de gran resistencia y fiabilidad, tiene el caracter\u00edstico\u00a0ca\u00f1\u00f3n\u00a0tubular. Posee un doble sistema de seguridad (seguro manual y seguro de empu\u00f1adura), martillo percutor oculto y ventana de extracci\u00f3n a la derecha.\u00a0Inutilizaci\u00f3n irreversible aunque no visible por ir fresado el ca\u00f1\u00f3n por dentro, todas las partes m\u00f3viles y hace clic. El cargador marcado <span style=\"color: #ff0000\">&#8220;Astra&#8221;<\/span>. <span style=\"color: #ff0000\">Con su correspondiente certificado de inutilizaci\u00f3n BOPE.<\/span><\/span><\/p>\n","protected":false},"featured_media":10762,"template":"","meta":[],"product_brand":[],"product_cat":[224],"product_tag":[],"class_list":{"0":"post-10761","1":"product","2":"type-product","3":"status-publish","4":"has-post-thumbnail","6":"product_cat-archivo-vendidos","7":"sales-flash-overlay","8":"woocommerce-text-align-center","9":"woocommerce-image-align-center","10":"do-quantity-buttons","12":"first","13":"outofstock","14":"purchasable","15":"product-type-simple"},"_links":{"self":[{"href":"https:\/\/original-militaria.com\/en\/wp-json\/wp\/v2\/product\/10761","targetHints":{"allow":["GET"]}}],"collection":[{"href":"https:\/\/original-militaria.com\/en\/wp-json\/wp\/v2\/product"}],"about":[{"href":"https:\/\/original-militaria.com\/en\/wp-json\/wp\/v2\/types\/product"}],"wp:featuredmedia":[{"embeddable":true,"href":"https:\/\/original-militaria.com\/en\/wp-json\/wp\/v2\/media\/10762"}],"wp:attachment":[{"href":"https:\/\/original-militaria.com\/en\/wp-json\/wp\/v2\/media?parent=10761"}],"wp:term":[{"taxonomy":"product_brand","embeddable":true,"href":"https:\/\/original-militaria.com\/en\/wp-json\/wp\/v2\/product_brand?post=10761"},{"taxonomy":"product_cat","embeddable":true,"href":"https:\/\/original-militaria.com\/en\/wp-json\/wp\/v2\/product_cat?post=10761"},{"taxonomy":"product_tag","embeddable":true,"href":"https:\/\/original-militaria.com\/en\/wp-json\/wp\/v2\/product_tag?post=10761"}],"curies":[{"name":"wp","href":"https:\/\/api.w.org\/{rel}","templated":true}]}}