{"id":10746,"date":"2017-09-05T11:55:15","date_gmt":"2017-09-05T11:55:15","guid":{"rendered":"https:\/\/original-militaria.com\/?post_type=product&#038;p=10746"},"modified":"2022-01-31T19:07:47","modified_gmt":"2022-01-31T18:07:47","slug":"lw-vaso-en-plata-835-gravado","status":"publish","type":"product","link":"https:\/\/original-militaria.com\/en\/producto\/lw-vaso-en-plata-835-gravado\/","title":{"rendered":"Luftwaffe \/Silver Vase &#8220;835&#8221; Engraved&#8212;LW\/ Vaso en Plata &#8220;835&#8221; Gravado"},"content":{"rendered":"<p align=\"justify\"><span style=\"font-family: verdana, geneva, sans-serif;font-size: 12pt\"><strong>ANTECEDENTES:<\/strong> Wilhelm Binder (Silberwarenfabrik W. Binder) fue fundada en julio de 1868 en Schw\u00e4bisch Gm\u00fcnd &#8211; uno de los centros de la alpaca y la industria del oro,\u00a0como vendedores de plata. En 1873, el fundador de la empresa, Wilhelm Binder, se convirti\u00f3 en co-propietario con Dominikus Rodolfo de una f\u00e1brica de plater\u00eda en Schw\u00e4bisch Gm\u00fcnd.\u00a0En 1898 la empresa construy\u00f3 una nueva f\u00e1brica dando trabajo a\u00a0m\u00e1s de 300 personas. Esto hizo de Wilhelm uno de los mayores plateros alemanes en Schw\u00e4bisch Gm\u00fcnd.\u00a0Aunque la empresa era entusiasta de la adopci\u00f3n del\u00a0estilo Art Nouveau \/ estilo Jugendstil, sus trabajos posteriores fueron mucho m\u00e1s claros,\u00a0incluso gan\u00f3 una medalla de oro en\u00a01.937, en la Exposici\u00f3n Universal de Par\u00eds con\u00a0una copa de plata y\u00a0marfil, dise\u00f1ada por Wilhelm. <\/span><\/p>\n<p align=\"justify\"><span style=\"font-family: verdana, geneva, sans-serif;font-size: 12pt\"><strong>DESCRIPCION:<\/strong> Peque\u00f1o, pero excepcional vaso de brindis (mide solo 450 nmm de alto) fabricado en plata &#8220;835&#8221; para un miembro del &#8220;Centro de pruebas de la Luftwaffe de Rechlin&#8221;. El vaso tiene gravado por un lado un \u00e1guila de la LW y el nombre del propietario &#8220;W. Fiedlem&#8221;, y por el otro lado la leyenda &#8220;Rechlin 19.1.1939&#8221;. En el culo del vaso tiene bien marcado\u00a0el punz\u00f3n del sistema de acu\u00f1aci\u00f3n de Alemania que se unific\u00f3 en 1888, la adopci\u00f3n de la marca nacional &#8220;la media luna y\u00a0la corona&#8221; y punz\u00f3n &#8220;835&#8221;que\u00a0indica la finura de las mil\u00e9simas de plata, el punz\u00f3n &#8220;WTB&#8221; indica\u00a0la manufactura de &#8220;Wilhelm Binder &#8211; Schw\u00e4bisch Gm\u00fcnd &#8211; casa fundada en 1869&#8221;, uno de los mejores plateros de Alemania en 1939. <\/span><\/p>\n<p align=\"justify\"><span style=\"font-size: 12pt;font-family: verdana, geneva, sans-serif\"><strong>NOTA:<\/strong> En 1884 se promulg\u00f3 en Alemania una ley para que la pureza m\u00ednima en la plata nacional est\u00e1ndar fuera &#8220;800&#8221;. En 1886, la utilizaci\u00f3n de marcas individuales en la plata de la ciudad, fue sustituida por la marca nacional (Reichsmark) consistente en media luna y corona (Halbmond Krone und), que representaba al estado alem\u00e1n entero. Se utilizaba en combinaci\u00f3n con la marca del fabricante y el punz\u00f3n de la finura de la plata, aunque no siempre era as\u00ed, sobre todo durante el Tercer Reich. Los punzones m\u00e1s comunes en la plata de este periodo son &#8220;800&#8221; y &#8220;835&#8221;, pero aunque menos comunes, de mayor calidad en grados de pureza tambi\u00e9n se utilizaron &#8221; 830-900-925 y 935&#8243;.<\/span><\/p>\n","protected":false},"excerpt":{"rendered":"<p>&nbsp;<\/p>\n<p align=\"justify\"><span style=\"font-family: Verdana\"><strong>ANTECEDENTES:<\/strong> Wilhelm Binder (Silberwarenfabrik W. Binder) fue fundada en julio de 1868 en Schw\u00e4bisch Gm\u00fcnd &#8211; uno de los centros de la alpaca y la industria del oro,\u00a0como vendedores de plata. En 1873, el fundador de la empresa, Wilhelm Binder, se convirti\u00f3 en co-propietario con Dominikus Rodolfo de una f\u00e1brica de plater\u00eda en Schw\u00e4bisch Gm\u00fcnd.\u00a0En 1898 la empresa construy\u00f3 una nueva f\u00e1brica dando trabajo a\u00a0m\u00e1s de 300 personas. Esto hizo de Wilhelm uno de los mayores plateros alemanes en Schw\u00e4bisch Gm\u00fcnd.\u00a0Aunque la empresa era entusiasta de la adopci\u00f3n del\u00a0estilo Art Nouveau \/ estilo Jugendstil, sus trabajos posteriores fueron mucho m\u00e1s claros,\u00a0incluso gan\u00f3 una medalla de oro en\u00a01.937, en la Exposici\u00f3n Universal de Par\u00eds con\u00a0una copa de plata y\u00a0marfil, dise\u00f1ada por Wilhelm. <\/span><\/p>\n<p align=\"justify\"><span style=\"font-family: Verdana\"><strong>DESCRIPCION:<\/strong> Peque\u00f1o, pero excepcional vaso de brindis (mide solo 450 nmm de alto) fabricado en plata <span style=\"color: #ff0000\">&#8220;835&#8221;<\/span> para un miembro del <span style=\"color: #ff0000\">&#8220;Centro de pruebas de la Luftwaffe de Rechlin&#8221;<\/span>. El vaso tiene gravado por un lado un \u00e1guila de la<span style=\"color: #ff0000\"> LW<\/span> y el nombre del propietario <span style=\"color: #ff0000\">&#8220;W. Fiedlem&#8221;<\/span>, y por el otro lado la leyenda <span style=\"color: #ff0000\">&#8220;Rechlin 19.1.1939&#8221;<\/span>. En el culo del vaso tiene bien marcado\u00a0el punz\u00f3n del sistema de acu\u00f1aci\u00f3n de Alemania que se unific\u00f3 en 1888, la adopci\u00f3n de la marca nacional <span style=\"color: #ff0000\">&#8220;la media luna y\u00a0la corona&#8221; <\/span>y punz\u00f3n <span style=\"color: #ff0000\">&#8220;835&#8221;<\/span>que\u00a0indica la finura de las mil\u00e9simas de plata, el punz\u00f3n <span style=\"color: #ff0000\">&#8220;WTB&#8221;<\/span> indica\u00a0la manufactura de <span style=\"color: #ff0000\">&#8220;Wilhelm Binder &#8211; Schw\u00e4bisch Gm\u00fcnd &#8211; casa fundada en 1869&#8221;<\/span>, uno de los mejores plateros de Alemania en 1939. <\/span><\/p>\n<p align=\"justify\"><strong>NOTA:<\/strong> <span style=\"color: #ff0000\">En 1884 se promulg\u00f3 en Alemania una ley para que la pureza m\u00ednima en la plata nacional est\u00e1ndar fuera &#8220;800&#8221;. En 1886, la utilizaci\u00f3n de marcas individuales en la plata de la ciudad, fue sustituida por la marca nacional (Reichsmark) consistente en media luna y corona (Halbmond Krone und), que representaba al estado alem\u00e1n entero. Se utilizaba en combinaci\u00f3n con la marca del fabricante y el punz\u00f3n de la finura de la plata, aunque no siempre era as\u00ed, sobre todo durante el Tercer Reich. Los punzones m\u00e1s comunes en la plata de este periodo son &#8220;800&#8221; y &#8220;835&#8221;, pero aunque menos comunes, de mayor calidad en grados de pureza tambi\u00e9n se utilizaron &#8221; 830-900-925 y 935&#8243;<\/span>.<\/p>\n<p align=\"justify\"><span style=\"font-family: Verdana\"><strong>NOTA 2:<\/strong> <\/span><span style=\"color: #ff0000;font-family: Verdana\">Este art\u00edculo pertenece a la extensa colecci\u00f3n que compramos a un gran coleccionista Europeo, casi todas las piezas provenientes de un Museo que adquiri\u00f3. <\/span><\/p>\n<p>&nbsp;<\/p>\n<p align=\"justify\">\n<p>&nbsp;<\/p>\n","protected":false},"featured_media":10747,"template":"","meta":[],"product_brand":[],"product_cat":[224],"product_tag":[],"class_list":{"0":"post-10746","1":"product","2":"type-product","3":"status-publish","4":"has-post-thumbnail","6":"product_cat-archivo-vendidos","7":"sales-flash-overlay","8":"woocommerce-text-align-center","9":"woocommerce-image-align-center","10":"do-quantity-buttons","12":"first","13":"outofstock","14":"purchasable","15":"product-type-simple"},"_links":{"self":[{"href":"https:\/\/original-militaria.com\/en\/wp-json\/wp\/v2\/product\/10746","targetHints":{"allow":["GET"]}}],"collection":[{"href":"https:\/\/original-militaria.com\/en\/wp-json\/wp\/v2\/product"}],"about":[{"href":"https:\/\/original-militaria.com\/en\/wp-json\/wp\/v2\/types\/product"}],"wp:featuredmedia":[{"embeddable":true,"href":"https:\/\/original-militaria.com\/en\/wp-json\/wp\/v2\/media\/10747"}],"wp:attachment":[{"href":"https:\/\/original-militaria.com\/en\/wp-json\/wp\/v2\/media?parent=10746"}],"wp:term":[{"taxonomy":"product_brand","embeddable":true,"href":"https:\/\/original-militaria.com\/en\/wp-json\/wp\/v2\/product_brand?post=10746"},{"taxonomy":"product_cat","embeddable":true,"href":"https:\/\/original-militaria.com\/en\/wp-json\/wp\/v2\/product_cat?post=10746"},{"taxonomy":"product_tag","embeddable":true,"href":"https:\/\/original-militaria.com\/en\/wp-json\/wp\/v2\/product_tag?post=10746"}],"curies":[{"name":"wp","href":"https:\/\/api.w.org\/{rel}","templated":true}]}}