{"id":10659,"date":"2017-09-05T11:54:50","date_gmt":"2017-09-05T11:54:50","guid":{"rendered":"https:\/\/original-militaria.com\/?post_type=product&#038;p=10659"},"modified":"2022-01-31T19:07:45","modified_gmt":"2022-01-31T18:07:45","slug":"casco-ingles-defensa-civil-mk-ii-1935-de-1941","status":"publish","type":"product","link":"https:\/\/original-militaria.com\/en\/producto\/casco-ingles-defensa-civil-mk-ii-1935-de-1941\/","title":{"rendered":"English MK-II Civil Helmet, 1941&#8212;Casco Ingl\u00e9s Defensa Civil &#8220;MK-II 1935&#8221; de &#8220;1941&#8221;"},"content":{"rendered":"<p style=\"text-align: justify\" align=\"justify\"><span style=\"font-family: verdana, geneva, sans-serif;font-size: 12pt\"><strong>ANTECEDENTES:<\/strong> El casco MK-I adoptado durante la Gran Guerra, permanec\u00eda en servicio, sin variaciones, durante los a\u00f1os 30. En la creencia en una paz duradera, la renovaci\u00f3n de los equipos militares no se hallaba entre las prioridades del gobierno. No se produce ninguna variaci\u00f3n hasta que en abril de 1.935 se ordena modificar los stocks existentes, y aparece el MK-II. Se pretende sustituir la guarnici\u00f3n por una nueva que pueda ser retirada y facilite su almacenamiento y transporte. La llegada de los nazis al poder en Alemania, supone un toque de atenci\u00f3n e, inmediatamente, se procede a una revisi\u00f3n de la pol\u00edtica de armamentos, procediendo a poner en marcha varios programas de rearme.\u00a0 <\/span><\/p>\n<p style=\"text-align: justify\"><span style=\"font-size: 12pt;font-family: verdana, geneva, sans-serif\"><strong>DESCRIPCION:<\/strong> Casco de acero ingl\u00e9s modelo &#8220;MK-II 1935&#8221; de &#8220;1941&#8221; para la defensa civil, tiene pintada en el frontal la &#8220;W&#8221; en blanco de &#8220;Wardens, Home Ward&#8221; (Guardia interior). La guarnici\u00f3n la forma un zuncho de fibra vulcanizada forrado por la parte inferior por una banda de caucho recubierta de una tira de tela encerada que presenta cinco leng\u00fcetas, ribeteadas en su extremo para aceptar un lazo. En una de ellas tiene la manufactura y el a\u00f1o &#8220;1941&#8221;. Completo con su barboquejo.<\/span><\/p>\n","protected":false},"excerpt":{"rendered":"<p align=\"justify\"><span style=\"font-family: Verdana\"><strong>ANTECEDENTES:<\/strong> El casco MK-I adoptado durante la Gran Guerra, permanec\u00eda en servicio, sin variaciones, durante los a\u00f1os 30. En la creencia en una paz duradera, la renovaci\u00f3n de los equipos militares no se hallaba entre las prioridades del gobierno. No se produce ninguna variaci\u00f3n hasta que en abril de 1.935 se ordena modificar los stocks existentes, y aparece el MK-II. Se pretende sustituir la guarnici\u00f3n por una nueva que pueda ser retirada y facilite su almacenamiento y transporte. La llegada de los nazis al poder en Alemania, supone un toque de atenci\u00f3n e, inmediatamente, se procede a una revisi\u00f3n de la pol\u00edtica de armamentos, procediendo a poner en marcha varios programas de rearme.\u00a0 <\/span><\/p>\n<p><strong>DESCRIPCION:<\/strong> Casco de acero ingl\u00e9s modelo <span style=\"color: #ff0000\">&#8220;MK-II 1935&#8221;<\/span> de <span style=\"color: #ff0000\">&#8220;1941&#8221;<\/span> para la defensa civil, tiene pintada en el frontal la <span style=\"color: #ff0000\">&#8220;W&#8221;<\/span> en blanco de <span style=\"color: #ff0000\">&#8220;Wardens, Home Ward&#8221;<\/span> (Guardia interior). La guarnici\u00f3n la forma un zuncho de fibra vulcanizada forrado por la parte inferior por una banda de caucho recubierta de una tira de tela encerada que presenta cinco leng\u00fcetas, ribeteadas en su extremo para aceptar un lazo. En una de ellas tiene la manufactura y el a\u00f1o &#8220;<span style=\"color: #ff0000\">1941&#8243;<\/span>. Completo con su barboquejo.<\/p>\n","protected":false},"featured_media":10660,"template":"","meta":[],"product_brand":[],"product_cat":[224],"product_tag":[],"class_list":{"0":"post-10659","1":"product","2":"type-product","3":"status-publish","4":"has-post-thumbnail","6":"product_cat-archivo-vendidos","7":"sales-flash-overlay","8":"woocommerce-text-align-center","9":"woocommerce-image-align-center","10":"do-quantity-buttons","12":"first","13":"outofstock","14":"purchasable","15":"product-type-simple"},"_links":{"self":[{"href":"https:\/\/original-militaria.com\/en\/wp-json\/wp\/v2\/product\/10659","targetHints":{"allow":["GET"]}}],"collection":[{"href":"https:\/\/original-militaria.com\/en\/wp-json\/wp\/v2\/product"}],"about":[{"href":"https:\/\/original-militaria.com\/en\/wp-json\/wp\/v2\/types\/product"}],"wp:featuredmedia":[{"embeddable":true,"href":"https:\/\/original-militaria.com\/en\/wp-json\/wp\/v2\/media\/10660"}],"wp:attachment":[{"href":"https:\/\/original-militaria.com\/en\/wp-json\/wp\/v2\/media?parent=10659"}],"wp:term":[{"taxonomy":"product_brand","embeddable":true,"href":"https:\/\/original-militaria.com\/en\/wp-json\/wp\/v2\/product_brand?post=10659"},{"taxonomy":"product_cat","embeddable":true,"href":"https:\/\/original-militaria.com\/en\/wp-json\/wp\/v2\/product_cat?post=10659"},{"taxonomy":"product_tag","embeddable":true,"href":"https:\/\/original-militaria.com\/en\/wp-json\/wp\/v2\/product_tag?post=10659"}],"curies":[{"name":"wp","href":"https:\/\/api.w.org\/{rel}","templated":true}]}}