{"id":10655,"date":"2017-09-05T11:54:50","date_gmt":"2017-09-05T11:54:50","guid":{"rendered":"https:\/\/original-militaria.com\/?post_type=product&#038;p=10655"},"modified":"2022-01-31T19:07:42","modified_gmt":"2022-01-31T18:07:42","slug":"mp-40-codigo-ayf-ano-1943","status":"publish","type":"product","link":"https:\/\/original-militaria.com\/en\/producto\/mp-40-codigo-ayf-ano-1943\/","title":{"rendered":"MP40 Code &#8220;ayf&#8221;, 1943&#8212;MP 40 C\u00f3digo &#8220;ayf&#8221; A\u00f1o &#8220;1943&#8221;"},"content":{"rendered":"<p style=\"text-align: justify\" align=\"justify\"><span style=\"font-family: verdana, geneva, sans-serif;font-size: 12pt\"><strong>ANTECEDENTES:<\/strong> La Maschinenpistole MP-40 introducida en 1938, en una \u00e9poca cuando el resto de las subametralladoras en el mundo era innecesariamente pesadas y costosas, la nueva MP-38 &#8220;Maschinenpistole&#8221; de la firma Erfurter Maschinenfabrik (Erma) revoluciono la idea de lo que una subametralladora deber\u00eda ser. La MP-38 y su compa\u00f1era la MP-40 permitieron establecer una producci\u00f3n en cadena, convirti\u00e9ndose en un arma muy efectiva para el combate cercano. Estuvo presente desde la Invasi\u00f3n de Polonia en Septiembre de 1939 hasta los d\u00edas finales del Tercer Reich en 1945. Aunque la MP-18 de Hugo Schmeisser llego muy tarde para influir en el desarrollo de la Primera Guerra Mundial; despu\u00e9s de ellas se presentaron gran cantidad de guerras civiles en las cuales se empleo masivamente la nueva arma; las f\u00e1bricas alemanas produjeron por esta \u00e9poca la Haenel MP-28, la Bergmann MP-34 y MP-35. En 1927 Heinrich Vollmer, un dise\u00f1ador de armas de Erma desarrollo una nueva arma con tres secciones ensambladas una dentro de otra, permitiendo ello una mayor confiabilidad, menos emisi\u00f3n de humo y facilidades en el desarmado para una limpieza m\u00e1s frecuente. El MP40 fue un subfusil autom\u00e1tico usado de manera extensa por las tropas alemanas (generalmente por oficiales y paracaidistas) durante la Segunda Guerra Mundial. Arma excelente para el combate a corta distancia (zonas urbanas, bosques, etc.), era, sin embargo, poco efectiva en combate en terrenos abiertos por su escaso alcance. A comienzos de 1938, el directivo de Erma, Berthold Giepel fue citado a Berl\u00edn con el objetivo de pedirle apresurar el plan de desarrollo de una pistola ametralladora de asalto reservada a las fuerzas mecanizadas y los paracaidistas. La MP-40 apareci\u00f3 como una reducci\u00f3n de la MP-38, al simplificar el piezas elaboradas a maquina, por piezas estampadas, lo cual aligeraba su producci\u00f3n en masa y comprim\u00eda los costos, el nombre surgi\u00f3 como una contracci\u00f3n de Maschinenpistole del a\u00f1o 1940, tiempo en el que se introdujo. <\/span><\/p>\n<p style=\"text-align: justify\"><span style=\"font-size: 12pt;font-family: verdana, geneva, sans-serif\"><strong>DESCRIPCI\u00d3N:<\/strong> MP40 (Maschinenpistole 40) producido en el a\u00f1o 1943 con misma n\u00fameraci\u00f3n en todas sus partes menos en el cierre, pav\u00f3n original, fabricada en acero, con culata plegable y cargador de 32 cartuchos. El arma est\u00e1 profusamente marcada con un sello num\u00e9rico y Waffenamt, as\u00ed como la designaci\u00f3n en abreviatura &#8220;MP40&#8221;, fabricante &#8220;ayf&#8221; y el a\u00f1o &#8220;1943&#8221;, manufactura perteneciente a &#8220;ERMA &#8211; Erfurter Maschinenfabrik B. Geipel GmbH, Erfurt&#8221;. El arma se encuentra en excelente estado general. El arma est\u00e1 inutilizada de tal forma que no es visible mediante fresado en la recamara, cierre completo, hace clic, monta y dispara. La inutilizaci\u00f3n es irreversible. Con su correspondiente certificado de inutilizaci\u00f3n. Todas las partes m\u00f3viles\u00a0.<\/span><\/p>\n<p style=\"text-align: justify\"><span style=\"font-size: 12pt;font-family: verdana, geneva, sans-serif\">Fabricante: ERMA &#8211; Erfurter Maschinenfabrik B. Geipel GmbH, Erfurt\u00a0<\/span><br \/>\n<span style=\"font-size: 12pt;font-family: verdana, geneva, sans-serif\">Calibre: 9mm (Parabellum). <\/span><br \/>\n<span style=\"font-size: 12pt;font-family: verdana, geneva, sans-serif\">Selector: autom\u00e1tico. <\/span><br \/>\n<span style=\"font-size: 12pt;font-family: verdana, geneva, sans-serif\">Alimentador: 32 proyectiles. <\/span><br \/>\n<span style=\"font-size: 12pt;font-family: verdana, geneva, sans-serif\">Peso: 4.03kg vac\u00eda\/4.70kg cargada. <\/span><br \/>\n<span style=\"font-size: 12pt;font-family: verdana, geneva, sans-serif\">Longitud: 833mm. <\/span><br \/>\n<span style=\"font-size: 12pt;font-family: verdana, geneva, sans-serif\">Rec\u00e1mara: 25 \u00f3 32 Cartuchos. <\/span><br \/>\n<span style=\"font-size: 12pt;font-family: verdana, geneva, sans-serif\">Velocidad de disparo: 450 a 550 proyectiles por minuto. <\/span><br \/>\n<span style=\"font-size: 12pt;font-family: verdana, geneva, sans-serif\">Velocidad inicial: 381 m\/s. <\/span><br \/>\n<span style=\"font-size: 12pt;font-family: verdana, geneva, sans-serif\">Alcance efectivo: 200m.<\/span><\/p>\n","protected":false},"excerpt":{"rendered":"<p align=\"justify\"><span style=\"font-family: Verdana\"><strong>ANTECEDENTES:<\/strong> La Maschinenpistole MP-40 introducida en 1938, en una \u00e9poca cuando el resto de las subametralladoras en el mundo era innecesariamente pesadas y costosas, la nueva MP-38 &#8220;Maschinenpistole&#8221; de la firma Erfurter Maschinenfabrik (Erma) revoluciono la idea de lo que una subametralladora deber\u00eda ser. La MP-38 y su compa\u00f1era la MP-40 permitieron establecer una producci\u00f3n en cadena, convirti\u00e9ndose en un arma muy efectiva para el combate cercano. Estuvo presente desde la Invasi\u00f3n de Polonia en Septiembre de 1939 hasta los d\u00edas finales del Tercer Reich en 1945. Aunque la MP-18 de Hugo Schmeisser llego muy tarde para influir en el desarrollo de la Primera Guerra Mundial; despu\u00e9s de ellas se presentaron gran cantidad de guerras civiles en las cuales se empleo masivamente la nueva arma; las f\u00e1bricas alemanas produjeron por esta \u00e9poca la Haenel MP-28, la Bergmann MP-34 y MP-35. En 1927 Heinrich Vollmer, un dise\u00f1ador de armas de Erma desarrollo una nueva arma con tres secciones ensambladas una dentro de otra, permitiendo ello una mayor confiabilidad, menos emisi\u00f3n de humo y facilidades en el desarmado para una limpieza m\u00e1s frecuente. El MP40 fue un subfusil autom\u00e1tico usado de manera extensa por las tropas alemanas (generalmente por oficiales y paracaidistas) durante la Segunda Guerra Mundial. Arma excelente para el combate a corta distancia (zonas urbanas, bosques, etc.), era, sin embargo, poco efectiva en combate en terrenos abiertos por su escaso alcance. A comienzos de 1938, el directivo de Erma, Berthold Giepel fue citado a Berl\u00edn con el objetivo de pedirle apresurar el plan de desarrollo de una pistola ametralladora de asalto reservada a las fuerzas mecanizadas y los paracaidistas. La MP-40 apareci\u00f3 como una reducci\u00f3n de la MP-38, al simplificar el piezas elaboradas a maquina, por piezas estampadas, lo cual aligeraba su producci\u00f3n en masa y comprim\u00eda los costos, el nombre surgi\u00f3 como una contracci\u00f3n de Maschinenpistole del a\u00f1o 1940, tiempo en el que se introdujo. <\/span><\/p>\n<p><strong>DESCRIPCI\u00d3N:<\/strong> MP40 (Maschinenpistole 40) producido en el a\u00f1o <span style=\"color: #ff0000\">1943<\/span> con <span style=\"color: #ff0000\">misma n\u00fameraci\u00f3n<\/span> en todas sus partes menos en el cierre, pav\u00f3n original, fabricada en acero, con culata plegable y cargador de 32 cartuchos. El arma est\u00e1 profusamente marcada con un sello num\u00e9rico y Waffenamt, as\u00ed como la designaci\u00f3n en abreviatura <span style=\"color: #ff0000\">&#8220;MP40&#8221;<\/span>, fabricante <span style=\"color: #ff0000\">&#8220;ayf&#8221;<\/span> y el a\u00f1o <span style=\"color: #ff0000\">&#8220;1943&#8221;<\/span>, manufactura perteneciente a <span style=\"color: #ff0000\">&#8220;ERMA &#8211; Erfurter Maschinenfabrik B. Geipel GmbH, Erfurt&#8221;<\/span>. El arma se encuentra en excelente estado general. El arma est\u00e1 inutilizada de tal forma que no es visible mediante fresado en la recamara, cierre completo, hace clic, monta y dispara. La inutilizaci\u00f3n es irreversible. Con su correspondiente certificado de inutilizaci\u00f3n. Todas las partes m\u00f3viles\u00a0.<\/p>\n<p>Fabricante: ERMA &#8211; Erfurter Maschinenfabrik B. Geipel GmbH, Erfurt<br \/>\nCalibre: 9mm (Parabellum).<br \/>\nSelector: autom\u00e1tico.<br \/>\nAlimentador: 32 proyectiles.<br \/>\nPeso: 4.03kg vac\u00eda\/4.70kg cargada.<br \/>\nLongitud: 833mm.<br \/>\nRec\u00e1mara: 25 \u00f3 32 Cartuchos.<br \/>\nVelocidad de disparo: 450 a 550 proyectiles por minuto.<br \/>\nVelocidad inicial: 381 m\/s.<br \/>\nAlcance efectivo: 200m.<\/p>\n","protected":false},"featured_media":10656,"template":"","meta":[],"product_brand":[],"product_cat":[224],"product_tag":[],"class_list":{"0":"post-10655","1":"product","2":"type-product","3":"status-publish","4":"has-post-thumbnail","6":"product_cat-archivo-vendidos","7":"sales-flash-overlay","8":"woocommerce-text-align-center","9":"woocommerce-image-align-center","10":"do-quantity-buttons","12":"first","13":"outofstock","14":"purchasable","15":"product-type-simple"},"_links":{"self":[{"href":"https:\/\/original-militaria.com\/en\/wp-json\/wp\/v2\/product\/10655","targetHints":{"allow":["GET"]}}],"collection":[{"href":"https:\/\/original-militaria.com\/en\/wp-json\/wp\/v2\/product"}],"about":[{"href":"https:\/\/original-militaria.com\/en\/wp-json\/wp\/v2\/types\/product"}],"wp:featuredmedia":[{"embeddable":true,"href":"https:\/\/original-militaria.com\/en\/wp-json\/wp\/v2\/media\/10656"}],"wp:attachment":[{"href":"https:\/\/original-militaria.com\/en\/wp-json\/wp\/v2\/media?parent=10655"}],"wp:term":[{"taxonomy":"product_brand","embeddable":true,"href":"https:\/\/original-militaria.com\/en\/wp-json\/wp\/v2\/product_brand?post=10655"},{"taxonomy":"product_cat","embeddable":true,"href":"https:\/\/original-militaria.com\/en\/wp-json\/wp\/v2\/product_cat?post=10655"},{"taxonomy":"product_tag","embeddable":true,"href":"https:\/\/original-militaria.com\/en\/wp-json\/wp\/v2\/product_tag?post=10655"}],"curies":[{"name":"wp","href":"https:\/\/api.w.org\/{rel}","templated":true}]}}