{"id":10621,"date":"2017-09-05T11:54:40","date_gmt":"2017-09-05T11:54:40","guid":{"rendered":"https:\/\/original-militaria.com\/?post_type=product&#038;p=10621"},"modified":"2018-03-12T09:51:56","modified_gmt":"2018-03-12T09:51:56","slug":"zapapico-frances-de-ww1-para-ingenieros-con-su-funda","status":"publish","type":"product","link":"https:\/\/original-militaria.com\/en\/producto\/zapapico-frances-de-ww1-para-ingenieros-con-su-funda\/","title":{"rendered":"Zapapico Franc\u00e9s de WW1 para Ingenieros con su Funda"},"content":{"rendered":"<p align=\"justify\"><span style=\"font-size: medium\"><span style=\"font-family: Verdana\"><strong>DESCRIPCION:<\/strong> Zapapico\u00a0franc\u00e9s de WW1 con su funda de cuero (muy rara la funda) de 56 cm de largo, la piqueta de hierro fundido tiene punzones de manufactura francesa. El mango de madera es de una sola pieza,\u00a0sin marcajes visibles. La funda es lo m\u00e1s raro, pocas veces vistas estas de cuero, el cuero todav\u00eda flexible, en estado excepcional. Muestra los signos evidentes de la edad y el uso, pero est\u00e1 completo y en muy buen estado general, sobre todo la funda. <\/span><\/span><\/p>\n","protected":false},"excerpt":{"rendered":"<p align=\"justify\"><span style=\"font-size: medium\"><span style=\"font-family: Verdana\"><strong>DESCRIPCION:<\/strong> Zapapico\u00a0franc\u00e9s de WW1 con su funda de cuero (muy rara la funda) de 56 cm de largo, la piqueta de hierro fundido tiene punzones de manufactura francesa. El mango de madera es de una sola pieza,\u00a0sin marcajes visibles. La funda es lo m\u00e1s raro, pocas veces vistas estas de cuero, el cuero todav\u00eda flexible, en estado excepcional. Muestra los signos evidentes de la edad y el uso, pero est\u00e1 completo y en muy buen estado general, sobre todo la funda. <\/span><\/span><\/p>\n","protected":false},"featured_media":10622,"template":"","meta":[],"product_brand":[],"product_cat":[176],"product_tag":[],"class_list":{"0":"post-10621","1":"product","2":"type-product","3":"status-publish","4":"has-post-thumbnail","6":"product_cat-militaria-otras-naciones","7":"sales-flash-overlay","8":"woocommerce-text-align-center","9":"woocommerce-image-align-center","10":"do-quantity-buttons","12":"first","13":"instock","14":"purchasable","15":"product-type-simple"},"_links":{"self":[{"href":"https:\/\/original-militaria.com\/en\/wp-json\/wp\/v2\/product\/10621","targetHints":{"allow":["GET"]}}],"collection":[{"href":"https:\/\/original-militaria.com\/en\/wp-json\/wp\/v2\/product"}],"about":[{"href":"https:\/\/original-militaria.com\/en\/wp-json\/wp\/v2\/types\/product"}],"wp:featuredmedia":[{"embeddable":true,"href":"https:\/\/original-militaria.com\/en\/wp-json\/wp\/v2\/media\/10622"}],"wp:attachment":[{"href":"https:\/\/original-militaria.com\/en\/wp-json\/wp\/v2\/media?parent=10621"}],"wp:term":[{"taxonomy":"product_brand","embeddable":true,"href":"https:\/\/original-militaria.com\/en\/wp-json\/wp\/v2\/product_brand?post=10621"},{"taxonomy":"product_cat","embeddable":true,"href":"https:\/\/original-militaria.com\/en\/wp-json\/wp\/v2\/product_cat?post=10621"},{"taxonomy":"product_tag","embeddable":true,"href":"https:\/\/original-militaria.com\/en\/wp-json\/wp\/v2\/product_tag?post=10621"}],"curies":[{"name":"wp","href":"https:\/\/api.w.org\/{rel}","templated":true}]}}