{"id":10551,"date":"2017-09-05T11:54:18","date_gmt":"2017-09-05T11:54:18","guid":{"rendered":"https:\/\/original-militaria.com\/?post_type=product&#038;p=10551"},"modified":"2022-01-31T19:07:40","modified_gmt":"2022-01-31T18:07:40","slug":"wh-telefono-de-campana-f33-de-1943","status":"publish","type":"product","link":"https:\/\/original-militaria.com\/en\/producto\/wh-telefono-de-campana-f33-de-1943\/","title":{"rendered":"Wehrmacht\/ F33 Field Telephone, 1943&#8212;WH\/ Tel\u00e9fono de Campa\u00f1a &#8220;F33&#8221; de 1943"},"content":{"rendered":"<p style=\"text-align: justify\" align=\"justify\"><span style=\"font-family: verdana, geneva, sans-serif;font-size: 12pt\"><strong>ANTECEDENTES:<\/strong> Las precisas y seguras l\u00edneas de comunicaci\u00f3n fueron elementos cruciales para el ej\u00e9rcito alem\u00e1n en el campo de batalla durante la Segunda Guerra Mundial y en cada divisi\u00f3n hab\u00eda una unidad de se\u00f1ales y comunicaciones. Generalmente consist\u00eda dentro de cada batall\u00f3n de una Compa\u00f1\u00eda de radio y una compa\u00f1\u00eda de telefon\u00eda. Se utiliz\u00f3 una amplia variedad de receptores de radio, tel\u00e9fonos y asociados al equipo de comunicaciones en todos los teatros de operaciones. El Feldfernsprecher 33, (Tel\u00e9fono M\u00f3vil 33), fue el modelo de tel\u00e9fono est\u00e1ndar utilizado por el ej\u00e9rcito alem\u00e1n durante la Segunda Guerra Mundial. El tel\u00e9fono de campo de inducci\u00f3n magneto\u00f3pticos F33 era alimentado por una bater\u00eda de 1,5 voltios y pod\u00eda utilizarse como un cable de comunicaci\u00f3n y establecer una comunicaci\u00f3n a distancia con la Tornister Funkger\u00e4t D2, y la Tornister Funkger\u00e4t b1 y F, (modelos de radios y tel\u00e9fonos port\u00e1tiles D2, B1 y F). <\/span><\/p>\n<p style=\"text-align: justify\"><span style=\"font-size: 12pt;font-family: verdana, geneva, sans-serif\"><strong>DESCRIPCI\u00d3N:<\/strong> Tel\u00e9fono m\u00f3vil de Campa\u00f1a &#8220;F33&#8221; (Feldfernsprecher 33) de la Wehrmacht del a\u00f1o 1943 con su manivela, modelo fabricado en baquelita, en la parte superior derecha de la tapa tiene la placa blanca con el alfabeto fon\u00e9tico utilizado por el ej\u00e9rcito alem\u00e1n &#8220;Anton, \u00c4rger, Bertha, Casar &#8230;etc&#8221;. Dentro se encuentran todas las piezas, el auricular que est\u00e1 bien marcado por dentro tiene su cable original en excelente estado, y el teclado de conexi\u00f3n tambi\u00e9n lleva la fecha de &#8220;1943&#8221;. En la parte interior del tel\u00e9fono de campa\u00f1a se aprecia junto a la base de conexiones un waffenamt. Tiene sus paneles de circuitos impresos y diagramas esquem\u00e1ticos centrales en chapas magn\u00e9ticas y pegatina del fabricante &#8220;Mix &amp; Genest&#8221;. Cierra perfectamente.<\/span><\/p>\n","protected":false},"excerpt":{"rendered":"<p align=\"justify\"><span style=\"font-family: Verdana;font-size: medium\"><strong>ANTECEDENTES:<\/strong> Las precisas y seguras l\u00edneas de comunicaci\u00f3n fueron elementos cruciales para el ej\u00e9rcito alem\u00e1n en el campo de batalla durante la Segunda Guerra Mundial y en cada divisi\u00f3n hab\u00eda una unidad de se\u00f1ales y comunicaciones. Generalmente consist\u00eda dentro de cada batall\u00f3n de una Compa\u00f1\u00eda de radio y una compa\u00f1\u00eda de telefon\u00eda. Se utiliz\u00f3 una amplia variedad de receptores de radio, tel\u00e9fonos y asociados al equipo de comunicaciones en todos los teatros de operaciones. El Feldfernsprecher 33, (Tel\u00e9fono M\u00f3vil 33), fue el modelo de tel\u00e9fono est\u00e1ndar utilizado por el ej\u00e9rcito alem\u00e1n durante la Segunda Guerra Mundial. El tel\u00e9fono de campo de inducci\u00f3n magneto\u00f3pticos F33 era alimentado por una bater\u00eda de 1,5 voltios y pod\u00eda utilizarse como un cable de comunicaci\u00f3n y establecer una comunicaci\u00f3n a distancia con la Tornister Funkger\u00e4t D2, y la Tornister Funkger\u00e4t b1 y F, (modelos de radios y telefonos port\u00e1tiles D2, B1 y F). <\/span><\/p>\n<p><strong>DESCRIPCI\u00d3N:<\/strong> Tel\u00e9fono m\u00f3vil de Campa\u00f1a &#8220;F33&#8221; (Feldfernsprecher 33) de la Wehrmacht del a\u00f1o <span style=\"color: #ff0000\">1943<\/span> con su manivela, modelo fabricado en baquelita, en la parte superior derecha de la tapa tiene la placa blanca con el alfabeto fon\u00e9tico utilizado por el ej\u00e9rcito alem\u00e1n &#8220;Anton, \u00c4rger, Bertha, Casar &#8230;etc&#8221;. Dentro se encuentran todas las piezas, el auricular que est\u00e1 bien marcado por dentro tiene su cable original en excelente estado, y el teclado de conexi\u00f3n tambi\u00e9n lleva la fecha de <span style=\"color: #ff0000\">&#8220;1943&#8221;<\/span>. En la parte interior del tel\u00e9fono de campa\u00f1a se aprecia junto a la base de conexiones un <span style=\"color: #ff0000\">waffenamt<\/span>. Tiene sus paneles de circuitos impresos y diagramas esquem\u00e1ticos centrales en chapas magn\u00e9ticas y pegatina del fabricante <span style=\"color: #ff0000\">&#8220;Mix &amp; Genest&#8221;<\/span>. Cierra perfectamente.<\/p>\n","protected":false},"featured_media":10552,"template":"","meta":[],"product_brand":[],"product_cat":[224],"product_tag":[],"class_list":{"0":"post-10551","1":"product","2":"type-product","3":"status-publish","4":"has-post-thumbnail","6":"product_cat-archivo-vendidos","7":"sales-flash-overlay","8":"woocommerce-text-align-center","9":"woocommerce-image-align-center","10":"do-quantity-buttons","12":"first","13":"outofstock","14":"purchasable","15":"product-type-simple"},"_links":{"self":[{"href":"https:\/\/original-militaria.com\/en\/wp-json\/wp\/v2\/product\/10551","targetHints":{"allow":["GET"]}}],"collection":[{"href":"https:\/\/original-militaria.com\/en\/wp-json\/wp\/v2\/product"}],"about":[{"href":"https:\/\/original-militaria.com\/en\/wp-json\/wp\/v2\/types\/product"}],"wp:featuredmedia":[{"embeddable":true,"href":"https:\/\/original-militaria.com\/en\/wp-json\/wp\/v2\/media\/10552"}],"wp:attachment":[{"href":"https:\/\/original-militaria.com\/en\/wp-json\/wp\/v2\/media?parent=10551"}],"wp:term":[{"taxonomy":"product_brand","embeddable":true,"href":"https:\/\/original-militaria.com\/en\/wp-json\/wp\/v2\/product_brand?post=10551"},{"taxonomy":"product_cat","embeddable":true,"href":"https:\/\/original-militaria.com\/en\/wp-json\/wp\/v2\/product_cat?post=10551"},{"taxonomy":"product_tag","embeddable":true,"href":"https:\/\/original-militaria.com\/en\/wp-json\/wp\/v2\/product_tag?post=10551"}],"curies":[{"name":"wp","href":"https:\/\/api.w.org\/{rel}","templated":true}]}}