{"id":10542,"date":"2017-09-05T11:54:16","date_gmt":"2017-09-05T11:54:16","guid":{"rendered":"https:\/\/original-militaria.com\/?post_type=product&#038;p=10542"},"modified":"2022-01-31T19:07:40","modified_gmt":"2022-01-31T18:07:40","slug":"waffen-ss-zeltbahn-m31-con-correa","status":"publish","type":"product","link":"https:\/\/original-militaria.com\/en\/producto\/waffen-ss-zeltbahn-m31-con-correa\/","title":{"rendered":"Waffen SS\/ Oak Leaf Camo Zeltbahn with Strap, Very Rare &#8212; Waffen SS\/ Poncho de Camuflaje \u00c1rbol con Correa, Sin Estrenar"},"content":{"rendered":"<p align=\"justify\"><span style=\"font-size: medium\"><span style=\"font-family: Verdana\"><strong>ANTECEDENTES:<\/strong> El desarrollo de elementos de camuflaje SS fue iniciado por Reichsf\u00fchrer-SS Heinrich Himmler en 1935 cuando se encarg\u00f3 a la Reichsf\u00fchrung-SS, iniciar la investigaci\u00f3n de nuevos modelos de camuflaje y prendas de vestir para uso de los SS- VT, SS-Verfug\u00fcngstruppe. A finales de 1936 y principios de 1937 las primeras prendas de camuflaje fueron emitidas al personal de la SS-VT Standarte Deutschland para sus pruebas y evaluaci\u00f3n. Las primeras prendas evaluadas fueron los ponchos, seguido de los cubre cascos y las m\u00e1scaras. A trav\u00e9s del conflicto otras prendas de vestir se produjeron en diferentes modelos de camuflaje. Originalmente, el camuflaje se produce manualmente en la pantalla de impresi\u00f3n, pero tarda mucho tiempo, hasta el desarrollo de la m\u00e1quina de rodillos de impresi\u00f3n en 1940. Al final de la guerra no menos de diez modelos de camuflaje se hab\u00eda desarrollado y utilizado por la SS, incluidos los modelos de camuflaje \u00e1rbol desarrollado en 1936, y utilizado hasta 1940. <\/span><\/span><\/p>\n<p align=\"justify\"><span style=\"font-size: medium\"><span style=\"font-family: Verdana\"><strong>DESCRIPCION:<\/strong> Ponemos a la venta un raro &#8220;Zeltbahn M31&#8221; sin estrenar para las Waffen SS con correa de cuero de transporte color verde (rara) con manufactura ilegible, decimos raro ejemplar pues nunca fue terminado, le faltan los ojales y los botones, procede de una fabrica descubierta hace unos a\u00f1os en Berl\u00edn Oriental, por lo visto se quedo a medio hacer. De forma triangular, fabricado en algod\u00f3n resistente al agua, reversible, primavera por un lado con tonalidades verdes y oto\u00f1o por el otro con tonalidades de bronceados anaranjados y marrones. Las coloraciones son excelentes en ambas partes, ya que nunca sali\u00f3 de f\u00e1brica. No tiene marca alguna l\u00f3gicamente. Lo compramos con la correa. Los colores pueden variar un poco por la luz.<br \/>\n<\/span><\/span><\/p>\n","protected":false},"excerpt":{"rendered":"<p align=\"justify\"><span style=\"font-size: medium\"><span style=\"font-family: Verdana\"><strong>ANTECEDENTES:<\/strong> El desarrollo de elementos de camuflaje SS fue iniciado por Reichsf\u00fchrer-SS Heinrich Himmler en 1935 cuando se encarg\u00f3 a la Reichsf\u00fchrung-SS, iniciar la investigaci\u00f3n de nuevos modelos de camuflaje y prendas de vestir para uso de los SS- VT, SS-Verfug\u00fcngstruppe. A finales de 1936 y principios de 1937 las primeras prendas de camuflaje fueron emitidas al personal de la SS-VT Standarte Deutschland para sus pruebas y evaluaci\u00f3n. Las primeras prendas evaluadas fueron los ponchos, seguido de los cubre cascos y las m\u00e1scaras. A trav\u00e9s del conflicto otras prendas de vestir se produjeron en diferentes modelos de camuflaje. Originalmente, el camuflaje se produce manualmente en la pantalla de impresi\u00f3n, pero tarda mucho tiempo, hasta el desarrollo de la m\u00e1quina de rodillos de impresi\u00f3n en 1940. Al final de la guerra no menos de diez modelos de camuflaje se hab\u00eda desarrollado y utilizado por la SS, incluidos los modelos de camuflaje \u00e1rbol desarrollado en 1936, y utilizado hasta 1940. <\/span><\/span><\/p>\n<p align=\"justify\"><span style=\"font-size: medium\"><span style=\"font-family: Verdana\"><strong>DESCRIPCION:<\/strong> Ponemos a la venta un raro &#8220;Zeltbahn M31&#8221; <span style=\"color: #ff0000\">sin estrenar<\/span> para las Waffen SS con correa de cuero de transporte color verde (rara) con manufactura ilegible, decimos raro ejemplar pues <span style=\"color: #ff0000\">nunca fue terminado<\/span>, le faltan los ojales y los botones, procede de una fabrica descubierta hace unos a\u00f1os en Berl\u00edn Oriental, por lo visto se quedo a medio hacer. De forma triangular, fabricado en algod\u00f3n resistente al agua, reversible, primavera por un lado con tonalidades verdes y oto\u00f1o por el otro con tonalidades de bronceados anaranjados y marrones. Las coloraciones son excelentes en ambas partes, ya que nunca salio de f\u00e1brica. No tiene marca alguna l\u00f3gicamente. Lo compramos con la correa. <span style=\"color: #ff0000\">Los colores pueden variar un poco por la luz<\/span>.<br \/>\n<\/span><\/span><\/p>\n","protected":false},"featured_media":22709,"template":"","meta":[],"product_brand":[],"product_cat":[224],"product_tag":[],"class_list":{"0":"post-10542","1":"product","2":"type-product","3":"status-publish","4":"has-post-thumbnail","6":"product_cat-archivo-vendidos","7":"sales-flash-overlay","8":"woocommerce-text-align-center","9":"woocommerce-image-align-center","10":"do-quantity-buttons","12":"first","13":"outofstock","14":"product-type-simple"},"_links":{"self":[{"href":"https:\/\/original-militaria.com\/en\/wp-json\/wp\/v2\/product\/10542","targetHints":{"allow":["GET"]}}],"collection":[{"href":"https:\/\/original-militaria.com\/en\/wp-json\/wp\/v2\/product"}],"about":[{"href":"https:\/\/original-militaria.com\/en\/wp-json\/wp\/v2\/types\/product"}],"wp:featuredmedia":[{"embeddable":true,"href":"https:\/\/original-militaria.com\/en\/wp-json\/wp\/v2\/media\/22709"}],"wp:attachment":[{"href":"https:\/\/original-militaria.com\/en\/wp-json\/wp\/v2\/media?parent=10542"}],"wp:term":[{"taxonomy":"product_brand","embeddable":true,"href":"https:\/\/original-militaria.com\/en\/wp-json\/wp\/v2\/product_brand?post=10542"},{"taxonomy":"product_cat","embeddable":true,"href":"https:\/\/original-militaria.com\/en\/wp-json\/wp\/v2\/product_cat?post=10542"},{"taxonomy":"product_tag","embeddable":true,"href":"https:\/\/original-militaria.com\/en\/wp-json\/wp\/v2\/product_tag?post=10542"}],"curies":[{"name":"wp","href":"https:\/\/api.w.org\/{rel}","templated":true}]}}