{"id":10538,"date":"2017-09-05T11:54:15","date_gmt":"2017-09-05T11:54:15","guid":{"rendered":"https:\/\/original-militaria.com\/?post_type=product&#038;p=10538"},"modified":"2022-01-31T19:07:40","modified_gmt":"2022-01-31T18:07:40","slug":"lc-lw-mochila-de-combate-rucksack-1936","status":"publish","type":"product","link":"https:\/\/original-militaria.com\/en\/producto\/lc-lw-mochila-de-combate-rucksack-1936\/","title":{"rendered":"WH\/Luftwaffe Combat Rucksack, Dated 1936&#8212; LC\/LW, Mochila de Combate -Rucksack- &#8220;1936&#8221;"},"content":{"rendered":"<p align=\"justify\"><span style=\"font-family: verdana, geneva, sans-serif;font-size: 12pt\"><strong>ANTECEDENTES:<\/strong> Derivada de la mochila M1931 de las tropas de monta\u00f1a, la &#8220;Rucksack&#8221; fue incorporada para sustituir a la mochila M34 y la Tornister ya que estas resultaron ser muy costosas y requer\u00edan de mucho tiempo para su producci\u00f3n, lo que dio lugar a la producci\u00f3n de una amplia variedad de mochilas menos costosas.<\/span><\/p>\n<p align=\"justify\"><span style=\"font-size: 12pt;font-family: verdana, geneva, sans-serif\"><strong>DESCRIPCION:<\/strong> Excelente ejemplo de mochila (Rucksack) de color azul gris\u00e1ceo de &#8220;1936&#8221; para la LC\/LW, pr\u00e1cticamente sin estrenar, de las que vinieron con la Legi\u00f3n C\u00f3ndor a Espa\u00f1a durante la Guerra Civil Espa\u00f1ola. Mochila de lona, de cuero y accesorios de metal, aproximadamente 45cm de alto, 46cm de ancho y 14cm de profundidad. Dispone de bolsillos para la marmita y peque\u00f1os objetos como los \u00fatiles de aseo, costura etc. El interior de la mochila tiene tres compartimentos, una grande y dos m\u00e1s peque\u00f1os. Tiene todav\u00eda su original cuerda para cierre en perfecto estado. Todas las correas de cuero presentes y en un excepcional estado. En la pieza de cuero del reverso de la mochila que sirve de refuerzo\u00a0de las correas de transporte, tiene bien definida la manufactura del fabricante de &#8220;Otto koberstein, Hansberg a.W.&#8221; y el a\u00f1o &#8220;1936&#8221;. Ambas correas de transporte intactas, los cuero flexibles,\u00a0y ambas marcadas iguales con la manufactura del fabricante de &#8220;Hamburgo&#8221; y con la fecha &#8220;1936&#8221;, as\u00ed\u00a0como con sellos estampados &#8220;Sch\u00f6n 2w lc&#8221;. En la solapa que cierra la mochila, en el interior tiene tambi\u00e9n diversos sellos estampados en tinta, as\u00ed\u00a0como etiqueta &#8220;con el nombre del propietario&#8221; y el n\u00famero &#8220;34&#8221; estampado. En resumen, rara oportunidad de tener un escaso y excepcional ejemplo de &#8220;Rucksack de la LC\/LW&#8221;, no una m\u00e1s de LW.<\/span><\/p>\n<p align=\"justify\"><span style=\"font-family: verdana, geneva, sans-serif;font-size: 12pt\"><strong>NOTA:<\/strong> Proviene de la colecci\u00f3n particular de un General espa\u00f1ol de aviaci\u00f3n fallecido que hemos comprado.\u00a0<\/span><\/p>\n","protected":false},"excerpt":{"rendered":"<p align=\"justify\"><span style=\"font-family: Verdana\"><strong>ANTECEDENTES:<\/strong> Derivada de la mochila M1931 de las tropas de monta\u00f1a, la &#8220;Rucksack&#8221; fue incorporada para sustituir a la mochila M34 y la Tornister ya que estas resultaron ser muy costosas y requer\u00edan de mucho tiempo para su producci\u00f3n, lo que dio lugar a la producci\u00f3n de una amplia variedad de mochilas menos costosas.<\/span><\/p>\n<p align=\"justify\"><span style=\"font-family: Verdana\"><strong>DESCRIPCION:<\/strong> Excelente ejemplo de mochila (Rucksack) de color azul gris\u00e1ceo de <span style=\"color: #ff0000\">&#8220;1936&#8221;<\/span> para la <span style=\"color: #ff0000\">LC\/LW<\/span>, pr\u00e1cticamente sin estrenar, de las que vinieron con la Legi\u00f3n C\u00f3ndor a Espa\u00f1a durante la Guerra Civil Espa\u00f1ola. Mochila de lona, de cuero y accesorios de metal, aproximadamente 45cm de alto, 46cm de ancho y 14cm de profundidad. Dispone de bolsillos para la marmita y peque\u00f1os objetos como los \u00fatiles de aseo, costura etc. El interior de la mochila tiene tres compartimentos, una grande y dos m\u00e1s peque\u00f1os. Tiene todav\u00eda su original cuerda para cierre en perfecto estado. Todas las correas de cuero presentes y en un excepcional estado. En la pieza de cuero del reverso de la mochila que sirve de refuerzo\u00a0de las correas de transporte, tiene bien definida la manufactura del fabricante de <span style=\"color: #ff0000\">&#8220;Otto koberstein, Hansberg a.W.&#8221;<\/span> y el a\u00f1o <span style=\"color: #ff0000\">&#8220;1936&#8221;<\/span>. Ambas correas de transporte intactas, los cuero flexibles,\u00a0y ambas marcadas iguales con la manufactura del fabricante de <span style=\"color: #ff0000\">&#8220;Hamburgo&#8221;<\/span> y con la fecha <span style=\"color: #ff0000\">&#8220;1936&#8221;<\/span>, asi como con sellos estampados <span style=\"color: #ff0000\">&#8220;Sch\u00f6n 2w lc&#8221;<\/span>. En la solapa que cierra la mochila, en el interior tiene tambi\u00e9n diversos sellos estampados en tinta, asi como etiqueta <span style=\"color: #ff0000\">&#8220;con el nombre del propietario&#8221;<\/span> y el n\u00famero <span style=\"color: #ff0000\">&#8220;34&#8221;<\/span> estampado. En resumen, rara oportunidad de tener un escaso y excepcional ejemplo de <span style=\"color: #ff0000\">&#8220;Rucksack de la LC\/LW&#8221;<\/span>, no una m\u00e1s de LW.<\/span><\/p>\n<p align=\"justify\"><span style=\"font-family: Verdana\"><strong>NOTA:<\/strong> <span style=\"color: #ff0000\">Proviene de la colecci\u00f3n particular de un General espa\u00f1ol de aviaci\u00f3n fallecido que hemos comprado.<\/span>\u00a0<\/span><\/p>\n","protected":false},"featured_media":10539,"template":"","meta":[],"product_brand":[],"product_cat":[224],"product_tag":[],"class_list":{"0":"post-10538","1":"product","2":"type-product","3":"status-publish","4":"has-post-thumbnail","6":"product_cat-archivo-vendidos","7":"sales-flash-overlay","8":"woocommerce-text-align-center","9":"woocommerce-image-align-center","10":"do-quantity-buttons","12":"first","13":"outofstock","14":"purchasable","15":"product-type-simple"},"_links":{"self":[{"href":"https:\/\/original-militaria.com\/en\/wp-json\/wp\/v2\/product\/10538","targetHints":{"allow":["GET"]}}],"collection":[{"href":"https:\/\/original-militaria.com\/en\/wp-json\/wp\/v2\/product"}],"about":[{"href":"https:\/\/original-militaria.com\/en\/wp-json\/wp\/v2\/types\/product"}],"wp:featuredmedia":[{"embeddable":true,"href":"https:\/\/original-militaria.com\/en\/wp-json\/wp\/v2\/media\/10539"}],"wp:attachment":[{"href":"https:\/\/original-militaria.com\/en\/wp-json\/wp\/v2\/media?parent=10538"}],"wp:term":[{"taxonomy":"product_brand","embeddable":true,"href":"https:\/\/original-militaria.com\/en\/wp-json\/wp\/v2\/product_brand?post=10538"},{"taxonomy":"product_cat","embeddable":true,"href":"https:\/\/original-militaria.com\/en\/wp-json\/wp\/v2\/product_cat?post=10538"},{"taxonomy":"product_tag","embeddable":true,"href":"https:\/\/original-militaria.com\/en\/wp-json\/wp\/v2\/product_tag?post=10538"}],"curies":[{"name":"wp","href":"https:\/\/api.w.org\/{rel}","templated":true}]}}