{"id":10461,"date":"2017-09-05T11:53:52","date_gmt":"2017-09-05T11:53:52","guid":{"rendered":"https:\/\/original-militaria.com\/?post_type=product&#038;p=10461"},"modified":"2022-01-31T19:07:39","modified_gmt":"2022-01-31T18:07:39","slug":"waffen-ss-anillo-del-capitan-janis-butkus-de-la-ss-latvia-legion-en-1944","status":"publish","type":"product","link":"https:\/\/original-militaria.com\/en\/producto\/waffen-ss-anillo-del-capitan-janis-butkus-de-la-ss-latvia-legion-en-1944\/","title":{"rendered":"Waffen SS\/ Anillo del &#8220;Capit\u00e1n Janis Butkus&#8221; de la SS Latvia Legi\u00f3n en 1944"},"content":{"rendered":"<p style=\"text-align: justify\" align=\"justify\"><span style=\"font-size: 12pt;font-family: verdana, geneva, sans-serif\"><strong>ANTECEDENTES:<\/strong> La legi\u00f3n letona se cre\u00f3 en enero de 1943 por orden del Adolf Hitler a petici\u00f3n de Reichsf\u00fchrer -SS Heinrich Himmler. T\u00e9cnicamente, se trataba de una unidad de voluntarios, pero un mes despu\u00e9s de su fundaci\u00f3n, las autoridades alemanas de ocupaci\u00f3n iniciaron la recluta forzosa de hombres en edad militar. Se les dio una opci\u00f3n entre &#8220;voluntariado &#8221; para las legiones de las Waffen SS, o sirviendo en el ej\u00e9rcito alem\u00e1n (Heer) como &#8221; auxiliares &#8220;( obreros en la retaguardia ) al mando de oficiales alemanes, a menudo tratados como infrahumanos, los que trataron de evitar alguna de estas opciones fueron enviados a campos de trabajos forzados en Alemania. Como resultado, s\u00f3lo el 15-20% de los soldados que serv\u00edan en la legi\u00f3n eran voluntarios reales. Los comandantes de la divisi\u00f3n y la mayor\u00eda del personal eran oficiales de la SS. Los regimientos de combate individual fueron ordenados normalmente por agentes de Letonia. El 1 de julio de 1944 en la Legi\u00f3n de Letonia hab\u00eda 87.550 hombres.<\/span><\/p>\n<p style=\"text-align: justify\" align=\"justify\"><span style=\"font-size: 12pt;font-family: verdana, geneva, sans-serif\"><strong>DESCRIPCION:<\/strong> Excepcional y \u00fanico anillo macizo en forma de sello con el emblema con los colores de los legionarios letones en esmaltes al fuego del <span style=\"color: #ff0000\">&#8220;Capit\u00e1n de la Legi\u00f3n Letona de las Waffen SS\u00a0Janis Butkus en 1944&#8221;<\/span>, lo cual lleva grabado en el interior del sello <span style=\"color: #ff0000\">&#8220;Waffen SS Hstuf Janis Butkus 1944&#8221;<\/span>, tambi\u00e9n lleva en los laterales grabado <span style=\"color: #ff0000\">&#8220;SS FRW&#8221;<\/span> y <span style=\"color: #ff0000\">&#8220;LAT.LEG&#8221;<\/span> haciendo referencia a la <span style=\"color: #ff0000\">&#8220;Frw Latvia Legi\u00f3n&#8221;<\/span> (Lat.Leg. -Legi\u00f3n Letona-). El tama\u00f1o del\u00a0sello y del aro del anillo es bastante grande.<\/span><\/p>\n","protected":false},"excerpt":{"rendered":"<p align=\"justify\"><span style=\"font-size: medium\"><span style=\"font-family: Verdana\"><strong>ANTECEDENTES:<\/strong> La legi\u00f3n letona se cre\u00f3 en enero de 1943 por orden del Adolf Hitler a petici\u00f3n de Reichsf\u00fchrer -SS Heinrich Himmler. T\u00e9cnicamente, se trataba de una unidad de voluntarios, pero un mes despu\u00e9s de su fundaci\u00f3n, las autoridades alemanas de ocupaci\u00f3n iniciaron la recluta forzosa de hombres en edad militar. Se les dio una opci\u00f3n entre &#8220;voluntariado &#8221; para las legiones de las Waffen SS, o sirviendo en el ej\u00e9rcito alem\u00e1n (Heer) como &#8221; auxiliares &#8220;( obreros en la retaguardia ) al mando de oficiales alemanes, a menudo tratados como infrahumanos, los que trataron de evitar alguna de estas opciones fueron enviados a campos de trabajos forzados en Alemania. Como resultado, s\u00f3lo el 15-20% de los soldados que serv\u00edan en la legi\u00f3n eran voluntarios reales. Los comandantes de la divisi\u00f3n y la mayor\u00eda del personal eran oficiales de la SS. Los regimientos de combate individual fueron ordenados normalmente por agentes de Letonia. El 1 de julio de 1944 en la Legi\u00f3n de Letonia hab\u00eda 87.550 hombres.<\/span><\/span><\/p>\n<p align=\"justify\"><span style=\"font-size: medium\"><span style=\"font-family: Verdana\"><strong>DESCRIPCION:<\/strong> Excepcional y \u00fanico anillo macizo en forma de sello con el emblema con los colores de los legionarios letones en esmaltes al fuego del <span style=\"color: #ff0000\">&#8220;Capit\u00e1n de la Legi\u00f3n Letona de las Waffen SS\u00a0Janis Butkus en 1944&#8221;<\/span>, lo cual lleva gravado en el interior del sello <span style=\"color: #ff0000\">&#8220;Waffen SS Hstuf Janis Butkus 1944&#8221;<\/span>, tambi\u00e9n lleva en los laterales gravado <span style=\"color: #ff0000\">&#8220;SS FRW&#8221;<\/span> y <span style=\"color: #ff0000\">&#8220;LAT.LEG&#8221;<\/span> haciendo referencia a la <span style=\"color: #ff0000\">&#8220;Frw Latvia Legi\u00f3n&#8221;<\/span> (Lat.Leg. -Legi\u00f3n Letona-). El tama\u00f1o del\u00a0sello y del aro del anillo es bastante grande.<\/span><\/span><\/p>\n","protected":false},"featured_media":10462,"template":"","meta":[],"product_brand":[],"product_cat":[172,224],"product_tag":[],"class_list":{"0":"post-10461","1":"product","2":"type-product","3":"status-publish","4":"has-post-thumbnail","6":"product_cat-militaria-alemana-ww2","7":"product_cat-archivo-vendidos","8":"sales-flash-overlay","9":"woocommerce-text-align-center","10":"woocommerce-image-align-center","11":"do-quantity-buttons","13":"first","14":"outofstock","15":"product-type-simple"},"_links":{"self":[{"href":"https:\/\/original-militaria.com\/en\/wp-json\/wp\/v2\/product\/10461","targetHints":{"allow":["GET"]}}],"collection":[{"href":"https:\/\/original-militaria.com\/en\/wp-json\/wp\/v2\/product"}],"about":[{"href":"https:\/\/original-militaria.com\/en\/wp-json\/wp\/v2\/types\/product"}],"wp:featuredmedia":[{"embeddable":true,"href":"https:\/\/original-militaria.com\/en\/wp-json\/wp\/v2\/media\/10462"}],"wp:attachment":[{"href":"https:\/\/original-militaria.com\/en\/wp-json\/wp\/v2\/media?parent=10461"}],"wp:term":[{"taxonomy":"product_brand","embeddable":true,"href":"https:\/\/original-militaria.com\/en\/wp-json\/wp\/v2\/product_brand?post=10461"},{"taxonomy":"product_cat","embeddable":true,"href":"https:\/\/original-militaria.com\/en\/wp-json\/wp\/v2\/product_cat?post=10461"},{"taxonomy":"product_tag","embeddable":true,"href":"https:\/\/original-militaria.com\/en\/wp-json\/wp\/v2\/product_tag?post=10461"}],"curies":[{"name":"wp","href":"https:\/\/api.w.org\/{rel}","templated":true}]}}