{"id":10427,"date":"2017-09-05T11:53:43","date_gmt":"2017-09-05T11:53:43","guid":{"rendered":"https:\/\/original-militaria.com\/?post_type=product&#038;p=10427"},"modified":"2022-01-31T19:07:38","modified_gmt":"2022-01-31T18:07:38","slug":"guerrera-de-verano-para-cabo1-de-zapadores","status":"publish","type":"product","link":"https:\/\/original-militaria.com\/en\/producto\/guerrera-de-verano-para-cabo1-de-zapadores\/","title":{"rendered":"Wehrmacht\/ Pioneer HBT Tunic&#8211; WH\/ Guerrera -Uniforme de Verano para Cabo1\u00ba de Zapadores"},"content":{"rendered":"<p align=\"justify\"><span style=\"font-family: Verdana\"><strong>ANTECEDENTES:<\/strong> Con la reorganizaci\u00f3n del ej\u00e9rcito aparece en abril de 1933 el nuevo uniforme de trabajo (Drillichanzug), directamente heredado del &#8220;Moleskinanzu&#8221;, el uniforme de trabajo de la &#8220;Reichheer&#8221; de color gris. Esta nueva prenda compuesta de dos piezas (guerrera y pantal\u00f3n) son realizadas en espiga de lino. A partir de febrero de 1940 se ordena te\u00f1ir y fabricar este tipo de uniformes que generalmente eran de color crudo, en color verde oliva. Durante los veranos, estos uniformes se empezar\u00f3n a utilizar en el combate con los mismos distintivos de las guerreras tradicionales de combate. En 1942 se empieza a solicitar al ministerio del Ej\u00e9rcito una guerrera de combate de verano con las mismas caracteristicas de la &#8220;Feldbluse&#8221;.<\/span><\/p>\n<p align=\"justify\"><span style=\"font-family: Verdana\"><strong>DESCRIPCION:<\/strong> Guerrera de verano 2\u00ba modelo (Drillichbluse 2. Muster) de final de guerra para un cabo 1\u00ba (Obergefreiter) de zapadores (pionier), confeccionada en espiga de lino (HBT) artificial color verde oliva. Tiene en el frontal seis\u00a0botones tintados los cuales est\u00e1n sujetos por unas piezas de alambre en forma de &#8220;S&#8221; para facilitar el constante lavado y\u00a0cuatro bolsillos con tapa recta con botones. Lleva cinta de la Medalla de Rusia 1941\/42. Los parches de cuello (litzen) recosidos. En el interior de esta guerrera se aprecia perfectamente los marcajes\u00a0del dep\u00f3sito donde se recibi\u00f3 &#8220;B&#8221; perteneciente a &#8220;Berl\u00edn&#8221; y el a\u00f1o &#8220;1944&#8221;, junto a los marcajes del dep\u00f3sito, vestuario, talla y fabricante de la guerrera est\u00e1 la talla de pecho, una 92, tiene refuerzos internos de seda artificial y no va forrada para facilitar su limpieza y no ser calurosa en verano. Las hombreras de tropa de zapadores son desmontables. El gal\u00f3n de obergefreiter es de 1\u00aa \u00e9poca (1936-1940) con fondo de pa\u00f1o verde. Talla grande, impecable. \u00a0<\/span><\/p>\n","protected":false},"excerpt":{"rendered":"<p align=\"justify\"><span style=\"font-family: Verdana\"><strong>ANTECEDENTES:<\/strong> Con la reorganizaci\u00f3n del ej\u00e9rcito aparece en abril de 1933 el nuevo uniforme de trabajo (Drillichanzug), directamente heredado del &#8220;Moleskinanzu&#8221;, el uniforme de trabajo de la &#8220;Reichheer&#8221; de color gris. Esta nueva prenda compuesta de dos piezas (guerrera y pantal\u00f3n) son realizadas en espiga de lino. A partir de febrero de 1940 se ordena te\u00f1ir y fabricar este tipo de uniformes que generalmente eran de color crudo, en color verde oliva. Durante los veranos, estos uniformes se empezar\u00f3n a utilizar en el combate con los mismos distintivos de las guerreras tradicionales de combate. En 1942 se empieza a solicitar al ministerio del Ej\u00e9rcito una guerrera de combate de verano con las mismas caracteristicas de la &#8220;Feldbluse&#8221;.<\/span><\/p>\n<p align=\"justify\"><span style=\"font-family: Verdana\"><strong>DESCRIPCION:<\/strong> Guerrera de verano 2\u00ba modelo (Drillichbluse 2. Muster) de final de guerra para un cabo 1\u00ba (Obergefreiter) de zapadores (pionier), confeccionada en espiga de lino (HBT) artificial color verde oliva. Tiene en el frontal seis\u00a0botones tintados los cuales est\u00e1n sujetos por unas piezas de alambre en forma de <span style=\"color: #ff0000\">&#8220;S&#8221;<\/span> para facilitar el constante lavado y\u00a0cuatro bolsillos con tapa recta con botones. Lleva cinta de la Medalla de Rusia 1941\/42. Los parches de cuello (litzen) <span style=\"color: #ff0000\">recosidos<\/span>. En el interior de esta guerrera se aprecia perfectamente los marcajes\u00a0del dep\u00f3sito donde se recibi\u00f3 <span style=\"color: #ff0000\">&#8220;B&#8221;<\/span> perteneciente a <span style=\"color: #ff0000\">&#8220;Berl\u00edn&#8221;<\/span> y el a\u00f1o <span style=\"color: #ff0000\">&#8220;1944&#8221;<\/span>, junto a los marcajes del dep\u00f3sito, vestuario, talla y fabricante de la guerrera est\u00e1 la talla de pecho, una <span style=\"color: #ff0000\">92<\/span>, tiene refuerzos internos de seda artificial y no va forrada para facilitar su limpieza y no ser calurosa en verano. Las hombreras de tropa de zapadores son desmontables. El gal\u00f3n de obergefreiter es de 1\u00aa \u00e9poca (1936-1940) con fondo de pa\u00f1o verde. Talla grande, impecable. \u00a0<\/span><\/p>\n","protected":false},"featured_media":10428,"template":"","meta":[],"product_brand":[],"product_cat":[224],"product_tag":[],"class_list":{"0":"post-10427","1":"product","2":"type-product","3":"status-publish","4":"has-post-thumbnail","6":"product_cat-archivo-vendidos","7":"sales-flash-overlay","8":"woocommerce-text-align-center","9":"woocommerce-image-align-center","10":"do-quantity-buttons","12":"first","13":"outofstock","14":"purchasable","15":"product-type-simple"},"_links":{"self":[{"href":"https:\/\/original-militaria.com\/en\/wp-json\/wp\/v2\/product\/10427","targetHints":{"allow":["GET"]}}],"collection":[{"href":"https:\/\/original-militaria.com\/en\/wp-json\/wp\/v2\/product"}],"about":[{"href":"https:\/\/original-militaria.com\/en\/wp-json\/wp\/v2\/types\/product"}],"wp:featuredmedia":[{"embeddable":true,"href":"https:\/\/original-militaria.com\/en\/wp-json\/wp\/v2\/media\/10428"}],"wp:attachment":[{"href":"https:\/\/original-militaria.com\/en\/wp-json\/wp\/v2\/media?parent=10427"}],"wp:term":[{"taxonomy":"product_brand","embeddable":true,"href":"https:\/\/original-militaria.com\/en\/wp-json\/wp\/v2\/product_brand?post=10427"},{"taxonomy":"product_cat","embeddable":true,"href":"https:\/\/original-militaria.com\/en\/wp-json\/wp\/v2\/product_cat?post=10427"},{"taxonomy":"product_tag","embeddable":true,"href":"https:\/\/original-militaria.com\/en\/wp-json\/wp\/v2\/product_tag?post=10427"}],"curies":[{"name":"wp","href":"https:\/\/api.w.org\/{rel}","templated":true}]}}