{"id":10266,"date":"2017-09-05T11:53:00","date_gmt":"2017-09-05T11:53:00","guid":{"rendered":"https:\/\/original-militaria.com\/?post_type=product&#038;p=10266"},"modified":"2022-01-31T19:07:34","modified_gmt":"2022-01-31T18:07:34","slug":"guerrera-ribeteada-de-un-rittmeister-de-caballeria","status":"publish","type":"product","link":"https:\/\/original-militaria.com\/en\/producto\/guerrera-ribeteada-de-un-rittmeister-de-caballeria\/","title":{"rendered":"Wehrmacht\/ Captain Cavalry Service Tunic&#8211; Wehrmacht\/ Guerrera-Uniforme Ribeteado de un Capit\u00e1n de Caballer\u00eda"},"content":{"rendered":"<p style=\"text-align: justify\"><span style=\"font-family: verdana, geneva, sans-serif;font-size: 12pt\"><strong>ANTECEDENTES<\/strong>: Este tipo de guerreras fue introducida espec\u00edficamente para oficiales en Marzo de 1936 (cinco botones). La feldbluse ribeteada (Ausgesm\u00fcckte Feldbluse), se adopta como variante en julio de 1937. En principio estaba previsto que este tipo de prendas la vistieran todos los empleos del Ej\u00e9rcito. Pero finalmente se decidi\u00f3 que fuera un efecto de uso exclusivo para oficiales. A diferencia de la Rock, en este modelo de guerrera el ribete del color del arma no solo recorr\u00eda el frente de la prenda, tambi\u00e9n decoraba la parte superior de las bocamangas y la inferior del cuello. En mayo de 1941 esta prenda fue modificada mediante la adopci\u00f3n del sexto bot\u00f3n.<\/span><\/p>\n<p style=\"text-align: justify\"><span style=\"font-family: verdana, geneva, sans-serif;font-size: 12pt\"><strong>DESCRIPCION:<\/strong> Excelente ejemplo de Guerrera ribeteada de confecci\u00f3n privada, confeccionada en excelente pa\u00f1o para un &#8220;Rittmeister&#8221; (Capit\u00e1n) perteneciente al \u00a0&#8220;6\u00ba Regimiento de caballer\u00eda&#8221; (Darmstad). Lleva un impresionante emblema nacional bordado en hilo de plata encima del bolsillo derecho y lazos para la &#8220;EK1 y premios&#8221; en el bolsillo izquierdo. En la manga lleva &#8220;Distintivo de destrucci\u00f3n de tanques&#8221;. El frontal de la guerrera ribeteado con el color del arma tiene 5 botones y dos corchetes en el cuello verde oscuro para cerrarlo, como corresponde a un Oficial, tiene 4 bolsillos del tipo parche con tapa apuntada y fuelle,\u00a0 tiene ribeteado el color del arma (Waffenfarbe) de caballer\u00eda, incluso en la bocamanga tipo francesa. Todos los botones son de Oficial, plateados, y marcados con manufactura de &#8220;Assmann&#8221;. Las hombreras fijas en perfecto estado son indicativas de su rango y arma, debajo de la hombrera derecha tiene bot\u00f3n para cord\u00f3n de Oficial ayudante. En el interior forrado de seda sint\u00e9tica tiene etiqueta de sastre \u201cMichael\/Dresden&#8221; y ce\u00f1idor con mosquet\u00f3n para la daga. Se encuentra en un excepcional estado, como de estreno, sin el m\u00e1s m\u00ednimo defecto ni agujero.<\/span><\/p>\n","protected":false},"excerpt":{"rendered":"<p align=\"justify\"><span style=\"font-family: Verdana\"><strong>ANTECEDENTES:<\/strong> Este tipo de guerreras fue introducida espec\u00edficamente para oficiales en Marzo de 1936 (cinco botones). La feldbluse ribeteada (Ausgesm\u00fcckte Feldbluse), se adopta como variante en julio de 1937. En principio estaba previsto que este tipo de prendas la vistieran todos los empleos del Ej\u00e9rcito. Pero finalmente se decidi\u00f3 que fuera un efecto de uso exclusivo para oficiales. A diferencia de la Rock, en este modelo de guerrera el ribete del color del arma no solo recorr\u00eda el frente de la prenda, tambi\u00e9n decoraba la parte superior de las bocamangas y la inferior del cuello. En mayo de 1941 esta prenda fue modificada mediante la adopci\u00f3n del sexto bot\u00f3n. <\/span><\/p>\n<p><strong>DESCRIPCION:<\/strong>\u00a0Excelente ejemplo de \u00a0feldbluse\u00a0ribeteada de confecci\u00f3n privada,\u00a0confeccionada en excelente pa\u00f1o para un <span style=\"color: #ff0000\">&#8220;<\/span><span style=\"color: #ff0000\">Rittmeister&#8221; <span style=\"color: #ffffff\">(Capit\u00e1n) perteneciente<\/span><span style=\"color: #000000\"> <span style=\"color: #ffffff\">al<\/span> <\/span>\u00a0&#8220;6\u00ba Regimiento de caballer\u00eda&#8221; <\/span>(Darmstad). Lleva un impresionante emblema nacional bordado en hilo de plata encima del bolsillo derecho y lazos para la <span style=\"color: #ff0000\">&#8220;<\/span><span style=\"color: #ff0000\">EK1<\/span> <span style=\"color: #ff0000\">y premios&#8221;<\/span> en el bolsillo izquierdo.\u00a0En la manga lleva <span style=\"color: #ff0000\">&#8220;Distintivo de destrucci\u00f3n de tanques&#8221;<\/span>. El frontal de la feldbluse ribeteado con el color del arma tiene\u00a05 botones\u00a0y dos corchetes en el cuello verde ocuro para cerrarlo, como corresponde a un Oficial, tiene 4 bolsillos del tipo parche con tapa apuntada y fuelle, toda la feldbluse\u00a0tiene ribeteado el color del arma (Waffenfarbe) de caballer\u00eda, incluso en la bocamanga tipo francesa.\u00a0Todos los botones son de Oficial, plateados, y\u00a0marcados con manufactura de <span style=\"color: #ff0000\">&#8220;Assmann&#8221;<\/span>. Las hombreras fijas en perfecto estado son indicativas de su rango y arma, debajo de la hombrera derecha tiene bot\u00f3n para cord\u00f3n de Oficial ayudante. En el interior forrado de seda sint\u00e9tica tiene\u00a0etiqueta de sastre <span style=\"color: #ff0000\">\u201cMichael\/Dresden&#8221;<\/span> <span style=\"color: #ffffff\">y\u00a0ce\u00f1idor con mosquet\u00f3n para la daga. Se encuentra en un excepcional estado, como de estreno, sin el m\u00e1s m\u00ednimo defecto ni agujero.<\/span><\/p>\n","protected":false},"featured_media":10267,"template":"","meta":[],"product_brand":[],"product_cat":[224],"product_tag":[],"class_list":{"0":"post-10266","1":"product","2":"type-product","3":"status-publish","4":"has-post-thumbnail","6":"product_cat-archivo-vendidos","7":"sales-flash-overlay","8":"woocommerce-text-align-center","9":"woocommerce-image-align-center","10":"do-quantity-buttons","12":"first","13":"outofstock","14":"purchasable","15":"product-type-simple"},"_links":{"self":[{"href":"https:\/\/original-militaria.com\/en\/wp-json\/wp\/v2\/product\/10266","targetHints":{"allow":["GET"]}}],"collection":[{"href":"https:\/\/original-militaria.com\/en\/wp-json\/wp\/v2\/product"}],"about":[{"href":"https:\/\/original-militaria.com\/en\/wp-json\/wp\/v2\/types\/product"}],"wp:featuredmedia":[{"embeddable":true,"href":"https:\/\/original-militaria.com\/en\/wp-json\/wp\/v2\/media\/10267"}],"wp:attachment":[{"href":"https:\/\/original-militaria.com\/en\/wp-json\/wp\/v2\/media?parent=10266"}],"wp:term":[{"taxonomy":"product_brand","embeddable":true,"href":"https:\/\/original-militaria.com\/en\/wp-json\/wp\/v2\/product_brand?post=10266"},{"taxonomy":"product_cat","embeddable":true,"href":"https:\/\/original-militaria.com\/en\/wp-json\/wp\/v2\/product_cat?post=10266"},{"taxonomy":"product_tag","embeddable":true,"href":"https:\/\/original-militaria.com\/en\/wp-json\/wp\/v2\/product_tag?post=10266"}],"curies":[{"name":"wp","href":"https:\/\/api.w.org\/{rel}","templated":true}]}}