{"id":10242,"date":"2017-09-05T11:52:52","date_gmt":"2017-09-05T11:52:52","guid":{"rendered":"https:\/\/original-militaria.com\/?post_type=product&#038;p=10242"},"modified":"2022-01-31T19:07:33","modified_gmt":"2022-01-31T18:07:33","slug":"wh-casco-de-combate-m40-pintado-de-camuflaje-et-62","status":"publish","type":"product","link":"https:\/\/original-militaria.com\/en\/producto\/wh-casco-de-combate-m40-pintado-de-camuflaje-et-62\/","title":{"rendered":"Wehrmacht\/Heer, M40 Camo Combat Helmet &#8220;ET62&#8221;&#8212; WH\/ Casco de Combate M40 Pintado de Camuflaje &#8220;ET 62&#8221;"},"content":{"rendered":"<p style=\"text-align: justify\" align=\"justify\"><span style=\"font-family: verdana, geneva, sans-serif;font-size: 12pt\"><strong>ANTECEDENTES:<\/strong> En el tercer Reich se desarrollo un casco m\u00e1s peque\u00f1o y m\u00e1s ligero en junio de 1935. En un esfuerzo por ahorrar tiempo en la construcci\u00f3n y costes de trabajo en Marzo de 1940 fueron introducidas modificaciones de menor importancia dando por resultado el casco M40. Nuevas modificaciones en la construcci\u00f3n fueron emprendidas en agosto de 1942 dando por resultado el casco M42. El 28 de agosto de 1943 suprimieron la etiqueta del \u00e1guila de Wehrmacht y dictaron que deb\u00eda tambi\u00e9n ser quitada de todos los cascos aunque no fueron adheridos totalmente. <\/span><\/p>\n<p style=\"text-align: justify\"><span style=\"font-size: 12pt;font-family: verdana, geneva, sans-serif\"><strong>DESCRIPCION:<\/strong> Buen ejemplo de casco de combate M40 (Stahlhelm M40) para el Heer, completo, pintado en tres colores, muy vivos todav\u00eda, posiblemente campa\u00f1a de Italia por sus colores, pintura de campo con textura ligeramente rugosa. En el interior guarnici\u00f3n M31 color negro intacta, barbuquejo completo. En el interior de la olla, bajo la falda posterior d\u00e9bilmente se puede leer el n\u00famero de serie del casco <strong>&#8220;835&#8221;<\/strong> y marcaje alfanum\u00e9rico<strong> &#8220;ET62&#8221;<\/strong>, manufactura de <strong>&#8220;Eisen-und Huttenwerke, AG Thale\/Harz&#8221;<\/strong> y tama\u00f1o <strong>&#8220;62&#8221;<\/strong> referente a la talla <strong>&#8220;55&#8221;<\/strong>. Muy bonito y en buen estado.<\/span><\/p>\n","protected":false},"excerpt":{"rendered":"<p align=\"justify\"><span style=\"font-family: Verdana\"><span style=\"font-size: medium\"><strong>ANTECEDENTES:<\/strong> En el tercer Reich se desarrollo un casco m\u00e1s peque\u00f1o y m\u00e1s ligero en junio de 1935. En un esfuerzo por ahorrar tiempo en la construcci\u00f3n y costes de trabajo en Marzo de 1940 fueron introducidas modificaciones de menor importancia dando por resultado el casco M40. Nuevas modificaciones en la construcci\u00f3n fueron emprendidas en agosto de 1942 dando por resultado el casco M42. El 28 de agosto de 1943 suprimieron la etiqueta del \u00e1guila de Wehrmacht y dictaron que deb\u00eda tambi\u00e9n ser quitada de todos los cascos aunque no fueron adheridos totalmente. <\/span><\/span><\/p>\n<p><strong>DESCRIPCION:<\/strong> Buen ejemplo de casco de combate M40 (Stahlhelm M40)\u00a0para el Heer, completo, pintado en\u00a0tres colores, muy vivos todav\u00eda, posiblemente campa\u00f1a de Italia por sus colores,\u00a0pintura de campo con textura ligeramente rugosa. En el\u00a0interior guarnici\u00f3n M31 color negro intacta, barbuquejo completo. En el interior de la olla, bajo la falda posterior debilmente se puede leer\u00a0el n\u00famero de serie del casco <span style=\"color: #ff0000\">&#8220;835&#8221;<\/span> y marcaje alfanum\u00e9rico<span style=\"color: #ff0000\"> &#8220;ET62&#8221;<\/span>, manufactura de <span style=\"color: #ff0000\">&#8220;Eisen-und Huttenwerke, AG Thale\/Harz&#8221;<\/span> y tama\u00f1o <span style=\"color: #ff0000\">&#8220;62&#8221;<\/span> referente a la talla <span style=\"color: #ff0000\">&#8220;55&#8221;<\/span>. Muy bonito y en buen estado.<\/p>\n","protected":false},"featured_media":10243,"template":"","meta":[],"product_brand":[],"product_cat":[224],"product_tag":[],"class_list":{"0":"post-10242","1":"product","2":"type-product","3":"status-publish","4":"has-post-thumbnail","6":"product_cat-archivo-vendidos","7":"sales-flash-overlay","8":"woocommerce-text-align-center","9":"woocommerce-image-align-center","10":"do-quantity-buttons","12":"first","13":"outofstock","14":"product-type-simple"},"_links":{"self":[{"href":"https:\/\/original-militaria.com\/en\/wp-json\/wp\/v2\/product\/10242","targetHints":{"allow":["GET"]}}],"collection":[{"href":"https:\/\/original-militaria.com\/en\/wp-json\/wp\/v2\/product"}],"about":[{"href":"https:\/\/original-militaria.com\/en\/wp-json\/wp\/v2\/types\/product"}],"wp:featuredmedia":[{"embeddable":true,"href":"https:\/\/original-militaria.com\/en\/wp-json\/wp\/v2\/media\/10243"}],"wp:attachment":[{"href":"https:\/\/original-militaria.com\/en\/wp-json\/wp\/v2\/media?parent=10242"}],"wp:term":[{"taxonomy":"product_brand","embeddable":true,"href":"https:\/\/original-militaria.com\/en\/wp-json\/wp\/v2\/product_brand?post=10242"},{"taxonomy":"product_cat","embeddable":true,"href":"https:\/\/original-militaria.com\/en\/wp-json\/wp\/v2\/product_cat?post=10242"},{"taxonomy":"product_tag","embeddable":true,"href":"https:\/\/original-militaria.com\/en\/wp-json\/wp\/v2\/product_tag?post=10242"}],"curies":[{"name":"wp","href":"https:\/\/api.w.org\/{rel}","templated":true}]}}