{"id":10225,"date":"2017-09-05T11:52:47","date_gmt":"2017-09-05T11:52:47","guid":{"rendered":"https:\/\/original-militaria.com\/?post_type=product&#038;p=10225"},"modified":"2022-01-31T19:07:33","modified_gmt":"2022-01-31T18:07:33","slug":"pistola-walther-pp-con-su-funda","status":"publish","type":"product","link":"https:\/\/original-militaria.com\/en\/producto\/pistola-walther-pp-con-su-funda\/","title":{"rendered":"WH\/ Deactivated Walther &#8220;PP&#8221; with Pistol Holster&#8212;WH\/ Pistola Walther &#8220;PP&#8221; con su Funda"},"content":{"rendered":"<p style=\"text-align: justify\" align=\"justify\"><span style=\"font-size: 12pt;font-family: verdana, geneva, sans-serif\"><strong>ANTECEDENTES:<\/strong> En el a\u00f1o 1929 la f\u00e1brica armament\u00edstica Walther consigui\u00f3 revolucionar el mundo de las armas cortas gracias al dise\u00f1o de su Polizei Pistole (PP) o Pistola para Polic\u00edas. Esta legendaria arma deslumbr\u00f3 a la sociedad al convertirse en la primera pistola con un mecanismo de doble acci\u00f3n con desamartillado. Adem\u00e1s, tambi\u00e9n destac\u00f3 por ser la primera pistola de doble acci\u00f3n con un mecanismo totalmente fiable para poder portarla con la rec\u00e1mara cargada. En 1935 el gobierno alem\u00e1n las adapt\u00f3 oficialmente para destinarlas a un uso tanto militar como policial. A pesar de que tanto aceptaba varios tipos de calibres (.22 LR, 9mm Corto), el m\u00e1s utilizado por las tropas\u00a0y las fuerzas policiales germanas fue el 7,65mm Browning (.32 ACP).<\/span><\/p>\n<p style=\"text-align: justify\" align=\"justify\"><span style=\"font-size: 12pt;font-family: verdana, geneva, sans-serif\"><strong>DESCRIPCION:<\/strong> Pistola Walther &#8220;PP&#8221; o &#8220;Walther Polizei Pistolen&#8221; con su funda reglamentar\u00eda, tiene mecanismo de doble acci\u00f3n con des-amartillado, es calibre 7,65, el arma est\u00e1 en magnifico estado y conserva su pav\u00f3n original de \u00e9poca con peque\u00f1os desgastes t\u00edpicos de la edad, lleva en el armaz\u00f3n estampado waffenamt del Tercer Reich, tiene su cargador de 7 balas. La inutilizaci\u00f3n es irreversible y no se ve, tiene todas las partes m\u00f3viles y hace clic. Viene con certificado de inutilizaci\u00f3n ingl\u00e9s. <\/span><\/p>\n","protected":false},"excerpt":{"rendered":"<p align=\"justify\"><strong><span style=\"font-family: Verdana;font-size: 9pt\">ANTECEDENTES:<\/span><\/strong><span style=\"font-family: Verdana;font-size: 9pt\"> En el a\u00f1o 1929 la f\u00e1brica armament\u00edstica Walther consigui\u00f3 revolucionar el mundo de las armas cortas gracias al dise\u00f1o de su Polizei Pistole (PP) o Pistola para Polic\u00edas. Esta legendaria arma deslumbr\u00f3 a la sociedad al convertirse en la primera pistola con un mecanismo de doble acci\u00f3n con desamartillado. Adem\u00e1s, tambi\u00e9n destac\u00f3 por ser la primera pistola de doble acci\u00f3n con un mecanismo totalmente fiable para poder portarla con la rec\u00e1mara cargada. En 1935 el gobierno alem\u00e1n las adapt\u00f3 oficialmente para destinarlas a un uso tanto militar como policial. A pesar de que tanto aceptaba varios tipos de calibres (.22 LR, 9mm Corto), el m\u00e1s utilizado por las tropas\u00a0y las fuerzas policiales germanas fue el 7,65mm Browning (.32 ACP).<\/span><\/p>\n<p align=\"justify\"><strong><span style=\"font-family: Verdana;font-size: 9pt\">DESCRIPCION:<\/span><\/strong><span style=\"font-family: Verdana;font-size: 9pt\"> Pistola Walther <span style=\"color: #ff0000\">&#8220;PP&#8221;<\/span> o <span style=\"color: #ff0000\">&#8220;Walther Polizei Pistolen&#8221;<\/span> con su funda reglamentar\u00eda,\u00a0tiene mecanismo de doble acci\u00f3n con desamartillado, es\u00a0calibre 7,65, el arma est\u00e1 en magnifico estado y conserva su pav\u00f3n original de \u00e9poca con peque\u00f1os desgastes t\u00edpicos de la edad, lleva en el armaz\u00f3n estampado waffenamt del Tercer Reich, tiene su cargador de 7 balas. La inutilizaci\u00f3n es irreversible y no se ve, tiene todas las partes m\u00f3viles y hace clic. <span style=\"color: #ff0000\">Viene con certificado de inutilizaci\u00f3n ingl\u00e9s<\/span>. <\/span><\/p>\n","protected":false},"featured_media":10226,"template":"","meta":[],"product_brand":[],"product_cat":[224],"product_tag":[],"class_list":{"0":"post-10225","1":"product","2":"type-product","3":"status-publish","4":"has-post-thumbnail","6":"product_cat-archivo-vendidos","7":"sales-flash-overlay","8":"woocommerce-text-align-center","9":"woocommerce-image-align-center","10":"do-quantity-buttons","12":"first","13":"outofstock","14":"purchasable","15":"product-type-simple"},"_links":{"self":[{"href":"https:\/\/original-militaria.com\/en\/wp-json\/wp\/v2\/product\/10225","targetHints":{"allow":["GET"]}}],"collection":[{"href":"https:\/\/original-militaria.com\/en\/wp-json\/wp\/v2\/product"}],"about":[{"href":"https:\/\/original-militaria.com\/en\/wp-json\/wp\/v2\/types\/product"}],"wp:featuredmedia":[{"embeddable":true,"href":"https:\/\/original-militaria.com\/en\/wp-json\/wp\/v2\/media\/10226"}],"wp:attachment":[{"href":"https:\/\/original-militaria.com\/en\/wp-json\/wp\/v2\/media?parent=10225"}],"wp:term":[{"taxonomy":"product_brand","embeddable":true,"href":"https:\/\/original-militaria.com\/en\/wp-json\/wp\/v2\/product_brand?post=10225"},{"taxonomy":"product_cat","embeddable":true,"href":"https:\/\/original-militaria.com\/en\/wp-json\/wp\/v2\/product_cat?post=10225"},{"taxonomy":"product_tag","embeddable":true,"href":"https:\/\/original-militaria.com\/en\/wp-json\/wp\/v2\/product_tag?post=10225"}],"curies":[{"name":"wp","href":"https:\/\/api.w.org\/{rel}","templated":true}]}}