{"id":10198,"date":"2017-09-05T11:52:39","date_gmt":"2017-09-05T11:52:39","guid":{"rendered":"https:\/\/original-militaria.com\/?post_type=product&#038;p=10198"},"modified":"2025-11-01T19:36:28","modified_gmt":"2025-11-01T18:36:28","slug":"fusil-frances-de-infanteria-m1822-t-bis","status":"publish","type":"product","link":"https:\/\/original-militaria.com\/en\/producto\/fusil-frances-de-infanteria-m1822-t-bis\/","title":{"rendered":"&#8220;M1822 T bis&#8221; French Rifle of Infantry &#8212;Fusil Franc\u00e9s de Infanter\u00eda &#8220;M1822 T bis&#8221;"},"content":{"rendered":"<p style=\"text-align: justify;\" align=\"justify\"><span style=\"font-family: verdana, geneva, sans-serif; font-size: 12pt;\">Excelente fusil franc\u00e9s de infanter\u00eda <strong>&#8220;M1822T bis&#8221;<\/strong> transformado en &#8220;1825&#8221;, la &#8220;T&#8221; significa &#8220;transformado&#8221; con n\u00famero de serie &#8220;200&#8221;. Este es un fusil transformado a sistema de percusi\u00f3n o pist\u00f3n, es heredero directo del fusil M1822 sistema de chispa, en este modelo el ca\u00f1\u00f3n pasa de un calibre 17,48 a un calibre 18 mm, tal como se puede leer en el marcaje que hay en el ca\u00f1\u00f3n, junto a la espiga &#8220;C de 18&#8221;, este nuevo ca\u00f1\u00f3n se adapta para las nuevas balas, y est\u00e1 equipado con alza y punto de mira que sirve para enganchar la bayoneta de cubo. La madera del arma de nogal es de una sola pieza, se corta en la parte inferior de una ranura para el paso de la varilla o baqueta, en la culata podemos encontrar diversos marcajes tales como un &#8220;sello&#8221; identificativo dentro de un circulo, marcaje de <strong>&#8220;Mutzig&#8221;<\/strong>, y un punz\u00f3n con la letra <strong>&#8220;C coronada&#8221;<\/strong>. El ca\u00f1\u00f3n que se atornilla en la parte trasera del cerrojo est\u00e1 bien marcado con diferentes punzones identificativos de la transformaci\u00f3n, en la espiga podemos leer claramente el modelo &#8220;1822 T bis&#8221;. En la platina se observa la manufactura <strong>&#8220;Manufacture Royale de Mutzig&#8221;<\/strong>, (Manufactura Real de Mutzig). Tiene diversos punzones en el guardamonte, platina, contra platina etc. La cantonera al igual que las abrazaderas son met\u00e1licas. Mide 1421 mm de longitud total. Est\u00e1 en perfecto estado de tiro. No ha sido limpiado ni pulido nunca. Raro de encontrar. <\/span><\/p>\n<p style=\"text-align: justify;\" align=\"justify\"><span style=\"font-family: verdana, geneva, sans-serif; font-size: 12pt;\"><strong>Nota.-<\/strong> Est\u00e1 inscrito en el libro de coleccionista, lo puede solicitar gratuitamente sin tener licencia en su Intervenci\u00f3n de armas de la Guardia Civil. <\/span><\/p>\n<p><span style=\"font-family: verdana, geneva, sans-serif; font-size: 12pt;\"><strong>AVISO:<\/strong> Revisa la normativa espa\u00f1ola para la tenencia de armas antes de realizar la compra<\/span><br \/>\n<span style=\"font-family: verdana, geneva, sans-serif;\"> <small><a title=\"Normativa espa\u00f1ola para la tenencia de armas. Guardia Civil.\" href=\"http:\/\/www.guardiacivil.es\/es\/servicios\/armasyexplosivo\/index.html\" target=\"_blank\" rel=\"noopener noreferrer nofollow\"> Guardia Civil (Intervenci\u00f3n de Armas Virtual)<\/a><\/small><\/span><\/p>\n","protected":false},"excerpt":{"rendered":"<p align=\"justify\"><span style=\"font-family: Verdana;\"><span style=\"font-size: medium;\"><strong>DESCRIPCION:<\/strong> Excelente fusil franc\u00e9s de infanter\u00eda <span style=\"color: #ff0000;\">&#8220;M1822T bis&#8221;<\/span> transformado en <span style=\"color: #ff0000;\">&#8220;1825&#8221;<\/span>, la <span style=\"color: #ff0000;\">&#8220;T&#8221;<\/span> significa <span style=\"color: #ff0000;\">&#8220;transformado&#8221;<\/span> con n\u00famero de serie <span style=\"color: #ff0000;\">&#8220;200&#8221;<\/span>. Este es un fusil transformado a sistema de percusi\u00f3n o pist\u00f3n, es heredero directo del fusil M1822 sistema de chispa, en este modelo el ca\u00f1\u00f3n pasa de un calibre 17,48 a un <span style=\"color: #ff0000;\">calibre 18 mm<\/span>, tal como se puede leer en el marcaje que hay en el ca\u00f1\u00f3n, junto a la espiga <span style=\"color: #ff0000;\">&#8220;C de 18&#8221;<\/span>, este nuevo ca\u00f1\u00f3n se adapta para las nuevas balas, y est\u00e1 equipado con alza y punto de mira que sirve para enganchar la bayoneta de cubo. La madera del arma de nogal es de una sola pieza, se corta en la parte inferior de una ranura para el paso de la varilla o baqueta, en la culata podemos encontrar diversos marcajes tales como un <span style=\"color: #ff0000;\">&#8220;sello&#8221;<\/span> identificativo dentro de un circulo, marcaje de <span style=\"color: #ff0000;\">&#8220;Mutzig&#8221;<\/span>, y un punz\u00f3n con la letra <span style=\"color: #ff0000;\">&#8220;C coronada&#8221;<\/span>. El ca\u00f1\u00f3n que se atornilla en la parte trasera del cerrojo est\u00e1 bien marcado con diferentes punzones identificativos de la transformaci\u00f3n, en la espiga podemos leer claramente el modelo <span style=\"color: #ff0000;\">&#8220;1822 T bis&#8221;<\/span>. En la platina se observa la manufactura <span style=\"color: #ff0000;\">&#8220;Manufacture Royale de Mutzig&#8221;<\/span>, (Manufactura Real de Mutzig). Tiene diversos punzones en el guardamonte, platina, contra platina etc. La cantonera al igual que las abrazaderas son met\u00e1licas. Mide <span style=\"color: #ff0000;\">1421 mm<\/span> de longitud total. Est\u00e1 en perfecto estado de tiro. No ha sido limpiado ni pulido nunca. Raro de encontrar. <\/span><\/span><\/p>\n<p align=\"justify\"><span style=\"font-family: Verdana;\"><span style=\"font-size: medium;\"><strong><span style=\"color: #ff0000;\">Nota.-<\/span><\/strong> Est\u00e1 inscrito en el libro de coleccionista, lo puede solicitar gratuitamente sin tener licencia en su Intervenci\u00f3n de armas de la Guardia Civil. <\/span><\/span><\/p>\n<p><strong><span style=\"color: #ff0000;\">Nota 2.-<\/span><\/strong> Seg\u00fan el <strong>Art. 107<\/strong>,\u00a0<strong>Cap\u00edtulo V<\/strong>, <strong>Secci\u00f3n I<\/strong>, <strong>parrafo E<\/strong>, del Reglamento de Armas, tambien se puede comprar <strong>sin tener libro de coleccionista<\/strong> ateniendose a la siguiente disposici\u00f3n:<\/p>\n<p>No obstante lo dispuesto en otros preceptos de este Reglamento, se considerar\u00e1 autorizada la posesi\u00f3n en el propio domicilio, sin los requisitos determinados en ellos, de <strong>un arma de fuego corta o larga<\/strong> de las no prohibidas a particulares, <strong>acreditando su especial valor hist\u00f3rico o art\u00edstico<\/strong>, o de <strong>dos armas de avancarga<\/strong>, documentadas con las correspondientes gu\u00edas de pertenencia, <strong>previa aportaci\u00f3n del informe de aptitud regulado en el art\u00edculo 98<\/strong>, adoptando las medidas de seguridad necesarias para su custodia y no pudiendo utilizarlas ni enajenarlas, salvo dando cumplimiento a lo dispuesto al respecto en los preceptos espec\u00edficos de este Reglamento. La infracci\u00f3n de lo dispuesto en este apartado tendr\u00e1 la consideraci\u00f3n de grave y llevar\u00e1 aparejada en todo caso la retirada definitiva de las armas de que se trate.<\/p>\n","protected":false},"featured_media":10199,"template":"","meta":[],"product_brand":[],"product_cat":[235],"product_tag":[],"class_list":{"0":"post-10198","1":"product","2":"type-product","3":"status-publish","4":"has-post-thumbnail","6":"product_cat-armas-historicas","7":"sales-flash-overlay","8":"woocommerce-text-align-center","9":"woocommerce-image-align-center","10":"do-quantity-buttons","12":"first","13":"instock","14":"purchasable","15":"product-type-simple"},"_links":{"self":[{"href":"https:\/\/original-militaria.com\/en\/wp-json\/wp\/v2\/product\/10198","targetHints":{"allow":["GET"]}}],"collection":[{"href":"https:\/\/original-militaria.com\/en\/wp-json\/wp\/v2\/product"}],"about":[{"href":"https:\/\/original-militaria.com\/en\/wp-json\/wp\/v2\/types\/product"}],"wp:featuredmedia":[{"embeddable":true,"href":"https:\/\/original-militaria.com\/en\/wp-json\/wp\/v2\/media\/10199"}],"wp:attachment":[{"href":"https:\/\/original-militaria.com\/en\/wp-json\/wp\/v2\/media?parent=10198"}],"wp:term":[{"taxonomy":"product_brand","embeddable":true,"href":"https:\/\/original-militaria.com\/en\/wp-json\/wp\/v2\/product_brand?post=10198"},{"taxonomy":"product_cat","embeddable":true,"href":"https:\/\/original-militaria.com\/en\/wp-json\/wp\/v2\/product_cat?post=10198"},{"taxonomy":"product_tag","embeddable":true,"href":"https:\/\/original-militaria.com\/en\/wp-json\/wp\/v2\/product_tag?post=10198"}],"curies":[{"name":"wp","href":"https:\/\/api.w.org\/{rel}","templated":true}]}}