{"id":10082,"date":"2017-09-05T11:52:06","date_gmt":"2017-09-05T11:52:06","guid":{"rendered":"https:\/\/original-militaria.com\/?post_type=product&#038;p=10082"},"modified":"2022-01-31T19:07:31","modified_gmt":"2022-01-31T18:07:31","slug":"waffen-ss-anillo-de-la-ss-legion-estonia-btl-narwa","status":"publish","type":"product","link":"https:\/\/original-militaria.com\/en\/producto\/waffen-ss-anillo-de-la-ss-legion-estonia-btl-narwa\/","title":{"rendered":"Waffen SS\/ Anillo de la &#8220;SS Legi\u00f3n Estonia&#8221;, &#8220;Btl. Narwa&#8221;&#8212;-Waffen SS Ring"},"content":{"rendered":"<p align=\"justify\"><span style=\"font-family: Verdana\"><span style=\"font-size: medium\"><strong>ANTECEDENTES:<\/strong> Debido a la anexi\u00f3n forzosa de Estonia a la URSS en 1940, la Rep\u00fablica de Estonia dej\u00f3 de existir de hecho, pero sigui\u00f3 existiendo jur\u00eddicamente. Los sovi\u00e9ticos reclutaron estonios dentro del Ej\u00e9rcito Rojo contraviniendo la legalidad internacional tras la anexi\u00f3n. Cuando los sovi\u00e9ticos fueron expulsados por el r\u00e9gimen de ocupaci\u00f3n de Hitler en verano de 1941, los alemanes continuaron la pr\u00e1ctica de coacci\u00f3n a los estonios; aunque algunos se hab\u00edan unido voluntariamente a las tropas alemanas, la mayor\u00eda se dej\u00f3 llevar por el deseo de combatir a los sovi\u00e9ticos que tanto da\u00f1o hab\u00edan infligido en el pa\u00eds entre 1939 y 1941. Hacia marzo de 1942, los reclutas estonios sirvieron mayoritariamente en el Grupo de Ej\u00e9rcitos del Norte. El 28 de agosto de 1942, las autoridades alemanas anunciaron la formaci\u00f3n legal de la llamada &#8220;Legi\u00f3n Estonia&#8221; dentro de las Waffen SS. El Oberf\u00fchrer Franz Augsberger fue nombrado comandante de la legi\u00f3n. Hacia finales de 1942, alrededor de 1.280 hombres se presentaron como voluntarios en el campo de entrenamiento. El Batall\u00f3n Narva fue formado con los primeros 800 hombres de la legi\u00f3n que hab\u00edan finalizado su entrenamiento en Heidelager, siendo enviados en abril de 1943 para unirse a la Divisi\u00f3n Wiking en Ucrania. <\/span><\/span><\/p>\n<p align=\"justify\"><span style=\"font-family: Verdana\"><span style=\"font-size: medium\"><strong>DESCRIPCION:<\/strong> Extraordinario anillo de un miembro del 1er Regimiento de Granaderos de la llamada <span style=\"color: #ff0000\">&#8220;SS Legi\u00f3n Estonia&#8221;<\/span>, batall\u00f3n <span style=\"color: #ff0000\">&#8220;Narwa&#8221;<\/span>, (compuesto por estonios de las Waffen SS) que estuvo con los 800 primeros hombres de la Legi\u00f3n que hab\u00edan finalizado su entrenamiento en el Campo de instrucci\u00f3n <span style=\"color: #ff0000\">&#8220;Heidelager en 1943&#8221;<\/span>. El anillo de gran tama\u00f1o tiene forma de sello con el emblema en esmaltes al fuego del 1er Regimiento de Granaderos de las <span style=\"color: #ff0000\">&#8220;Waffen SS Legi\u00f3n Estonia&#8221;<\/span>, est\u00e1 fabricado en una aleaci\u00f3n de cobre, en el frontal tiene grabado bien definido <span style=\"color: #ff0000\">&#8220;EST. FRW. BTL&#8221;<\/span>, y las runas de los <span style=\"color: #ff0000\">&#8220;SS&#8221;<\/span>, al otro lado tiene grabado bien definido <span style=\"color: #ff0000\">&#8220;Narwa&#8221;<\/span> y el emblema <span style=\"color: #ff0000\">&#8220;SS&#8221;<\/span> de la Divisi\u00f3n <span style=\"color: #ff0000\">&#8220;Wiking&#8221;<\/span>. En el interior del sello tiene grabada alegor\u00eda <span style=\"color: #ff0000\">&#8220;Heidelager en 1943&#8221;<\/span>, haciendo referencia al Campo de entrenamiento y al a\u00f1o en el que estuvo. Una extraordinaria pieza llena de historia. <\/span><\/span><\/p>\n","protected":false},"excerpt":{"rendered":"<p align=\"justify\"><span style=\"font-family: Verdana\"><span style=\"font-size: medium\"><strong>ANTECEDENTES:<\/strong> Debido a la anexi\u00f3n forzosa de Estonia a la URSS en 1940, la Rep\u00fablica de Estonia dej\u00f3 de existir de hecho, pero sigui\u00f3 existiendo jur\u00eddicamente. Los sovi\u00e9ticos reclutaron estonios dentro del Ej\u00e9rcito Rojo contraviniendo la legalidad internacional tras la anexi\u00f3n. Cuando los sovi\u00e9ticos fueron expulsados por el r\u00e9gimen de ocupaci\u00f3n de Hitler en verano de 1941, los alemanes continuaron la pr\u00e1ctica de coacci\u00f3n a los estonios; aunque algunos se hab\u00edan unido voluntariamente a las tropas alemanas, la mayor\u00eda se dej\u00f3 llevar por el deseo de combatir a los sovi\u00e9ticos que tanto da\u00f1o hab\u00edan infligido en el pa\u00eds entre 1939 y 1941. Hacia marzo de 1942, los reclutas estonios sirvieron mayoritariamente en el Grupo de Ej\u00e9rcitos del Norte. El 28 de agosto de 1942, las autoridades alemanas anunciaron la formaci\u00f3n legal de la llamada &#8220;Legi\u00f3n Estonia&#8221; dentro de las Waffen SS. El Oberf\u00fchrer Franz Augsberger fue nombrado comandante de la legi\u00f3n. Hacia finales de 1942, alrededor de 1.280 hombres se presentaron como voluntarios en el campo de entrenamiento. El Batall\u00f3n Narva fue formado con los primeros 800 hombres de la legi\u00f3n que hab\u00edan finalizado su entrenamiento en Heidelager, siendo enviados en abril de 1943 para unirse a la Divisi\u00f3n Wiking en Ucrania. <\/span><\/span><\/p>\n<p align=\"justify\"><span style=\"font-family: Verdana\"><span style=\"font-size: medium\"><strong>DESCRIPCION:<\/strong> Extraordinario anillo de un miembro del 1er Regimiento de Granaderos de la llamada <span style=\"color: #ff0000\">&#8220;SS Legi\u00f3n Estonia&#8221;<\/span>, batall\u00f3n <span style=\"color: #ff0000\">&#8220;Narwa&#8221;<\/span>, (compuesto por estonios de las Waffen SS) que estuvo con los 800 primeros hombres de la Legi\u00f3n que hab\u00edan finalizado su entrenamiento en el Campo de instrucci\u00f3n <span style=\"color: #ff0000\">&#8220;Heidelager en 1943&#8221;<\/span>. El anillo de gran tama\u00f1o tiene forma de sello con el emblema en esmaltes al fuego del 1er Regimiento de Granaderos de las <span style=\"color: #ff0000\">&#8220;Waffen SS Legi\u00f3n Estonia&#8221;<\/span>, est\u00e1 fabricado en una aleaci\u00f3n de cobre, en el frontal tiene gravado bien definido <span style=\"color: #ff0000\">&#8220;EST. FRW. BTL&#8221;<\/span>, y las runas de los <span style=\"color: #ff0000\">&#8220;SS&#8221;<\/span>, al otro lado tiene gravado bien definido <span style=\"color: #ff0000\">&#8220;Narwa&#8221;<\/span> y el emblema <span style=\"color: #ff0000\">&#8220;SS&#8221;<\/span> de la Divisi\u00f3n <span style=\"color: #ff0000\">&#8220;Wiking&#8221;<\/span>. En el interior del sello tiene gravada alegor\u00eda &#8220;Heidelager en 1943&#8221;, haciendo referencia al Campo de entrenamiento y al a\u00f1o en el que estuvo. Una extraordinaria pieza llena de historia. <\/span><\/span><\/p>\n","protected":false},"featured_media":10083,"template":"","meta":[],"product_brand":[],"product_cat":[172,224],"product_tag":[],"class_list":{"0":"post-10082","1":"product","2":"type-product","3":"status-publish","4":"has-post-thumbnail","6":"product_cat-militaria-alemana-ww2","7":"product_cat-archivo-vendidos","8":"sales-flash-overlay","9":"woocommerce-text-align-center","10":"woocommerce-image-align-center","11":"do-quantity-buttons","13":"first","14":"outofstock","15":"purchasable","16":"product-type-simple"},"_links":{"self":[{"href":"https:\/\/original-militaria.com\/en\/wp-json\/wp\/v2\/product\/10082","targetHints":{"allow":["GET"]}}],"collection":[{"href":"https:\/\/original-militaria.com\/en\/wp-json\/wp\/v2\/product"}],"about":[{"href":"https:\/\/original-militaria.com\/en\/wp-json\/wp\/v2\/types\/product"}],"wp:featuredmedia":[{"embeddable":true,"href":"https:\/\/original-militaria.com\/en\/wp-json\/wp\/v2\/media\/10083"}],"wp:attachment":[{"href":"https:\/\/original-militaria.com\/en\/wp-json\/wp\/v2\/media?parent=10082"}],"wp:term":[{"taxonomy":"product_brand","embeddable":true,"href":"https:\/\/original-militaria.com\/en\/wp-json\/wp\/v2\/product_brand?post=10082"},{"taxonomy":"product_cat","embeddable":true,"href":"https:\/\/original-militaria.com\/en\/wp-json\/wp\/v2\/product_cat?post=10082"},{"taxonomy":"product_tag","embeddable":true,"href":"https:\/\/original-militaria.com\/en\/wp-json\/wp\/v2\/product_tag?post=10082"}],"curies":[{"name":"wp","href":"https:\/\/api.w.org\/{rel}","templated":true}]}}