{"id":10077,"date":"2017-09-05T11:52:05","date_gmt":"2017-09-05T11:52:05","guid":{"rendered":"https:\/\/original-militaria.com\/?post_type=product&#038;p=10077"},"modified":"2022-01-31T19:07:31","modified_gmt":"2022-01-31T18:07:31","slug":"falange-camisa-1937","status":"publish","type":"product","link":"https:\/\/original-militaria.com\/en\/producto\/falange-camisa-1937\/","title":{"rendered":"Spain\/ Falange Shirt, 1937&#8212;Falange\/ Camisa 1937"},"content":{"rendered":"<p align=\"justify\"><span style=\"font-size: 12pt;font-family: verdana, geneva, sans-serif\">Extraordinaria y autentica camisa de Falange, modelo anterior al final de la Guerra Civil Espa\u00f1ola, confeccionada en algod\u00f3n, no en tergal, como son las de post-guerra, tiene cuello legionario, hombreras fijas con botones, en el frontal, cuatro botones y dos bolsillos con fuelle y bot\u00f3n, con solapa apuntada, en cada bolsillo lleva un emblema, en el izquierdo &#8220;emblema de Falange&#8221; cosido, el emblema es bordado sobre base de tela, no de implantaci\u00f3n, el bolsillo izquierdo &#8220;emblema del SEU&#8221;, tambi\u00e9n cosido, bordado sobre base de tela, no de implantaci\u00f3n. La camisa tiene en la manga izquierda bordado directamente &#8220;dos \u00e1ngulos y dos barras&#8221;, los distintivos correspondiente a la Primera L\u00ednea se llevaban en la parte alta de la cara exterior de la manga izquierda de la camisa azul. En una sorprendente talla 41\/42 de cuello de camisa, equivalente a una talla 54 de chaqueta. Muy rara vez vista.<\/span><span style=\"font-family: Verdana\"><span style=\"color: #ff0000\"><br \/>\n<\/span><\/span><\/p>\n","protected":false},"excerpt":{"rendered":"<p align=\"justify\"><span style=\"font-size: large\"><span style=\"font-family: Verdana\"><strong>DESCRIPCION:<\/strong> Extraordinaria y autentica camisa de Falange, modelo anterior al final de la Guerra Civil Espa\u00f1ola, confeccionada en algod\u00f3n, no en tergal, como son las de post-guerra, tiene cuello legionario, hombreras fijas con botones, en el frontal,\u00a0cuatro botones\u00a0y dos bolsillos con fuelle y\u00a0bot\u00f3n, con solapa apuntada, en cada bolsillo lleva un emblema, en el izquierdo <span style=\"color: #ff0000\">&#8220;emblema de Falange&#8221;<\/span> cosido, el emblema es bordado sobre base de tela, no de implantaci\u00f3n, el bolsillo izquierdo<span style=\"color: #ff0000\"> &#8220;emblema del SEU&#8221;<\/span>, tambi\u00e9n cosido, bordado sobre base de tela, no de implantaci\u00f3n. La camisa tiene en la manga izquierda bordado directamente <span style=\"color: #ff0000\">&#8220;dos \u00e1ngulos y dos barras&#8221;<\/span>, los distintivos correspondiente a la Primera L\u00ednea se llevaban en la parte alta de la cara exterior de la manga izquierda de la camisa azul. En una sorprendente <span style=\"color: #ff0000\">talla 41\/42 de cuello de camisa<\/span>, equivalente a una talla 54 de chaqueta. <span style=\"color: #ff0000\">Muy rara vez vista.<\/span><\/span><\/span><span style=\"font-family: Verdana\"><span style=\"color: #ff0000\"><br \/>\n<\/span><\/span><\/p>\n","protected":false},"featured_media":10078,"template":"","meta":[],"product_brand":[],"product_cat":[224],"product_tag":[],"class_list":{"0":"post-10077","1":"product","2":"type-product","3":"status-publish","4":"has-post-thumbnail","6":"product_cat-archivo-vendidos","7":"sales-flash-overlay","8":"woocommerce-text-align-center","9":"woocommerce-image-align-center","10":"do-quantity-buttons","12":"first","13":"outofstock","14":"purchasable","15":"product-type-simple"},"_links":{"self":[{"href":"https:\/\/original-militaria.com\/en\/wp-json\/wp\/v2\/product\/10077","targetHints":{"allow":["GET"]}}],"collection":[{"href":"https:\/\/original-militaria.com\/en\/wp-json\/wp\/v2\/product"}],"about":[{"href":"https:\/\/original-militaria.com\/en\/wp-json\/wp\/v2\/types\/product"}],"wp:featuredmedia":[{"embeddable":true,"href":"https:\/\/original-militaria.com\/en\/wp-json\/wp\/v2\/media\/10078"}],"wp:attachment":[{"href":"https:\/\/original-militaria.com\/en\/wp-json\/wp\/v2\/media?parent=10077"}],"wp:term":[{"taxonomy":"product_brand","embeddable":true,"href":"https:\/\/original-militaria.com\/en\/wp-json\/wp\/v2\/product_brand?post=10077"},{"taxonomy":"product_cat","embeddable":true,"href":"https:\/\/original-militaria.com\/en\/wp-json\/wp\/v2\/product_cat?post=10077"},{"taxonomy":"product_tag","embeddable":true,"href":"https:\/\/original-militaria.com\/en\/wp-json\/wp\/v2\/product_tag?post=10077"}],"curies":[{"name":"wp","href":"https:\/\/api.w.org\/{rel}","templated":true}]}}