{"id":10075,"date":"2017-09-05T11:52:04","date_gmt":"2017-09-05T11:52:04","guid":{"rendered":"https:\/\/original-militaria.com\/?post_type=product&#038;p=10075"},"modified":"2022-01-31T19:07:31","modified_gmt":"2022-01-31T18:07:31","slug":"feldgendarmerie-guerrera-m41-42-de-combate","status":"publish","type":"product","link":"https:\/\/original-militaria.com\/en\/producto\/feldgendarmerie-guerrera-m41-42-de-combate\/","title":{"rendered":"Feldgendarmerie\/ M41\/42 Combat Field Blouse&#8211;  Feldgendarmerie\/ Guerrera &#8211; uniforme M41\/42 de Combate"},"content":{"rendered":"<p align=\"justify\"><span style=\"font-family: Verdana\"><strong>ANTECEDENTES:<\/strong> En la primavera de 1933 el Ej\u00e9rcito alem\u00e1n decidi\u00f3 sustituir la antigua guerrera en uso (rock) por un nuevo modelo al que se denomin\u00f3 oficialmente Feldbluse o guerrera de campa\u00f1a. Esta guerrera elaborada en pa\u00f1o Feldgrau ten\u00eda el cuello color feldgrau oscuro, 5 botones y 4 bolsillos tipo parche con tapa apuntada y fuelles, ten\u00eda una abertura con botones en la parte posterior de los pu\u00f1os, el forro de algod\u00f3n gris amarronado. En septiembre de 1935 esta prenda sufri\u00f3 una primera modificaci\u00f3n al sustituirse el color del cuello por el verde esmeralda oscuro. En diciembre de 1936 se suprimieron los cordones de la cintura y el forro que en la M33\/36 solo cubr\u00eda los hombros y la parte del pecho pasa a cubrir tambi\u00e9n parte de la espalda. En la primavera de 1940 el cuello comenz\u00f3 a confeccionarse con el mismo pa\u00f1o que el resto de la prenda; al a\u00f1o siguiente se aument\u00f3 el n\u00famero de botones hasta seis, se modific\u00f3 el dise\u00f1o de los bolsillos inferiores, y los tirantes desmontables se sustituyeron por cuatro leng\u00fcetas cosidas directamente a la guerrera. Durante el oto\u00f1o de 1942 desaparecieron los fuelles de los bolsillos; por \u00faltimo, en 1943 comenzaron a fabricarse los bolsillos co tapa recta, ya que hasta ese momento la parte inferior de las tapas ten\u00eda tres picos m\u00e1s menos pronunciados. El 17 de junio de 1936, el Reichsf\u00fchrer-SS, (L\u00edder Nacional de la SS), Heinrich Himmler fue nombrado miembro del reci\u00e9n creado puesto de Chef der Deutschen Polizei im Reichsministerium des Innern, (Jefe de la Polic\u00eda alemana en el Ministerio Nacional del Interior), efectivamente le da el control total de todos los organismos policiales en Alemania. Como consecuencia de este nombramiento y la reestructuraci\u00f3n de toda la polic\u00eda del estado alem\u00e1n en una sola fuerza, las nuevas regulaciones establecen el 25 de junio de 1936 una sola uniformidad para toda la polic\u00eda, incluida la feldgendarmer\u00eda.<\/span><\/p>\n<p align=\"justify\"><span style=\"font-family: Verdana\"><strong>DESCRIPCION:<\/strong> Guerrera M41\/42 de combate (Feldgendarmerie-Felddivision Feldbluse M42) en pa\u00f1o feldgrau para la Polic\u00eda Militar o Feldgendarmerie, de excelente calidad, casi de estreno, de lana de color verde, cuello del mismo pa\u00f1o y color que el resto de la prenda, tiene en el frontal cinta de la Ostmedaille, y cinta de la Cruz al Merito de Guerra de Segunda Clase, cuatro bolsillos de fuelle con solapa terminada en pico y seis botones tintados. Las hombreras son de tropa desmontables, los litzen o parches de cuello cosidos de origen al igual que el \u00e1guila nacional. En la manga, \u00e1guila &#8220;Feldgendarmerie&#8221; en versi\u00f3n bevo. Tiene en el interior forro de dotaci\u00f3n color garbanzo, y en la parte trasera del uniforme, a la altura de la cintura, dos ganchos para sujetar el cintur\u00f3n. Esta guerrera est\u00e1 perfecta, sin el m\u00e1s m\u00ednimo agujero de polilla, y en una gran talla, una 54\/56 espa\u00f1ola. <\/span><\/p>\n","protected":false},"excerpt":{"rendered":"<p align=\"justify\"><span style=\"font-family: Verdana\"><strong>ANTECEDENTES:<\/strong> En la primavera de 1933 el Ej\u00e9rcito alem\u00e1n decidi\u00f3 sustituir la antigua guerrera en uso (rock) por un nuevo modelo al que se denomin\u00f3 oficialmente Feldbluse o guerrera de campa\u00f1a. Esta guerrera elaborada en pa\u00f1o Feldgrau ten\u00eda el cuello color feldgrau oscuro, 5 botones y 4 bolsillos tipo parche con tapa apuntada y fuelles, ten\u00eda una abertura con botones en la parte posterior de los pu\u00f1os, el forro de algod\u00f3n gris amarronado. En septiembre de 1935 esta prenda sufri\u00f3 una primera modificaci\u00f3n al sustituirse el color del cuello por el verde esmeralda oscuro. En diciembre de 1936 se suprimieron los cordones de la cintura y el forro que en la M33\/36 solo cubr\u00eda los hombros y la parte del pecho pasa a cubrir tambi\u00e9n parte de la espalda. En la primavera de 1940 el cuello comenz\u00f3 a confeccionarse con el mismo pa\u00f1o que el resto de la prenda; al a\u00f1o siguiente se aument\u00f3 el n\u00famero de botones hasta seis, se modific\u00f3 el dise\u00f1o de los bolsillos inferiores, y los tirantes desmontables se sustituyeron por cuatro leng\u00fcetas cosidas directamente a la guerrera. Durante el oto\u00f1o de 1942 desaparecieron los fuelles de los bolsillos; por \u00faltimo, en 1943 comenzaron a fabricarse los bolsillos co tapa recta, ya que hasta ese momento la parte inferior de las tapas ten\u00eda tres picos m\u00e1s menos pronunciados. El 17 de junio de 1936, el Reichsf\u00fchrer-SS, (L\u00edder Nacional de la SS), Heinrich Himmler fue nombrado miembro del reci\u00e9n creado puesto de Chef der Deutschen Polizei im Reichsministerium des Innern, (Jefe de la Polic\u00eda alemana en el Ministerio Nacional del Interior), efectivamente le da el control total de todos los organismos policiales en Alemania. Como consecuencia de este nombramiento y la reestructuraci\u00f3n de toda la polic\u00eda del estado alem\u00e1n en una sola fuerza, las nuevas regulaciones establecen el 25 de junio de 1936 una sola uniformidad para toda la polic\u00eda, incluida la feldgendarmer\u00eda.<\/span><\/p>\n<p align=\"justify\"><span style=\"font-family: Verdana\"><strong>DESCRIPCION:<\/strong> Guerrera M41\/42 de combate (Feldgendarmerie-Felddivision Feldbluse M42) en pa\u00f1o feldgrau para la Polic\u00eda Militar o Feldgendarmerie, de excelente calidad, casi de estreno, de lana de color verde, cuello del mismo pa\u00f1o y color que el resto de la prenda, tiene en el frontal cinta de la <span style=\"color: #ff0000\">Ostmedaille<\/span>, y cinta de la <span style=\"color: #ff0000\">Cruz al Merito de Guerra<\/span> de Segunda Clase, cuatro bolsillos de fuelle con solapa terminada en pico y seis botones tintados. Las hombreras son de tropa desmontables, los litzen o parches de cuello cosidos de origen al igual que el \u00e1guila nacional. En la manga, \u00e1guila &#8220;Feldgendarmerie&#8221; en versi\u00f3n bevo. Tiene en el interior forro de dotaci\u00f3n color garbanzo, y en la parte trasera del uniforme, a la altura de la cintura, dos ganchos para sujetar el cintur\u00f3n. Esta guerrera est\u00e1 perfecta, sin el m\u00e1s m\u00ednimo agujero de polilla, y en una gran talla, <span style=\"color: #ff0000\">una 54\/56 espa\u00f1ola<\/span>. <\/span><\/p>\n","protected":false},"featured_media":10076,"template":"","meta":[],"product_brand":[],"product_cat":[224],"product_tag":[],"class_list":{"0":"post-10075","1":"product","2":"type-product","3":"status-publish","4":"has-post-thumbnail","6":"product_cat-archivo-vendidos","7":"sales-flash-overlay","8":"woocommerce-text-align-center","9":"woocommerce-image-align-center","10":"do-quantity-buttons","12":"first","13":"outofstock","14":"purchasable","15":"product-type-simple"},"_links":{"self":[{"href":"https:\/\/original-militaria.com\/en\/wp-json\/wp\/v2\/product\/10075","targetHints":{"allow":["GET"]}}],"collection":[{"href":"https:\/\/original-militaria.com\/en\/wp-json\/wp\/v2\/product"}],"about":[{"href":"https:\/\/original-militaria.com\/en\/wp-json\/wp\/v2\/types\/product"}],"wp:featuredmedia":[{"embeddable":true,"href":"https:\/\/original-militaria.com\/en\/wp-json\/wp\/v2\/media\/10076"}],"wp:attachment":[{"href":"https:\/\/original-militaria.com\/en\/wp-json\/wp\/v2\/media?parent=10075"}],"wp:term":[{"taxonomy":"product_brand","embeddable":true,"href":"https:\/\/original-militaria.com\/en\/wp-json\/wp\/v2\/product_brand?post=10075"},{"taxonomy":"product_cat","embeddable":true,"href":"https:\/\/original-militaria.com\/en\/wp-json\/wp\/v2\/product_cat?post=10075"},{"taxonomy":"product_tag","embeddable":true,"href":"https:\/\/original-militaria.com\/en\/wp-json\/wp\/v2\/product_tag?post=10075"}],"curies":[{"name":"wp","href":"https:\/\/api.w.org\/{rel}","templated":true}]}}