{"id":38608,"date":"2022-04-08T18:17:41","date_gmt":"2022-04-08T16:17:41","guid":{"rendered":"https:\/\/original-militaria.com\/unknown-rzm-codes\/"},"modified":"2022-04-15T19:05:25","modified_gmt":"2022-04-15T17:05:25","slug":"unknown-rzm-codes","status":"publish","type":"page","link":"https:\/\/original-militaria.com\/en\/unknown-rzm-codes\/","title":{"rendered":"Unknown RZM Codes"},"content":{"rendered":"<p>In this section we put the names of the manufacturers whose RZMs are unknown.<\/p>\n<p>Alcoso Alexander Coppel<br \/>\nPeter Altenbach<br \/>\nArgenta &#8211; Gesellschaft<br \/>\nAxt y Haverfabrick<br \/>\nWalter Bahel<br \/>\nRich. Balee &amp; S\u00f6hne<br \/>\nFritz Barthelmess<br \/>\nAlbert &amp; Heinrich Bassat<br \/>\nFriedrich Baurmann &amp; S\u00f6hne<br \/>\nGebr. Becker<br \/>\nBeckmann<br \/>\nCarl Bender<br \/>\nJulius Bodenstein<br \/>\nErnst Bruckmann<br \/>\nRudolf B\u00fcckel<br \/>\nEduard Becker<br \/>\nWester &amp; Butz<br \/>\nClemen &amp; Jung<br \/>\nCurdtsnachf<br \/>\nErnst Dirlam<br \/>\nEugen Haering<br \/>\nAlbert Dorschel<br \/>\nEbonsmann<br \/>\nFridericus<br \/>\nRob. Giersch<br \/>\nErnts Grah<br \/>\nGebr\u00fcder Heller<br \/>\nWilhelm Hoppe<br \/>\nGebr. Krumm<br \/>\nF.W. Jordan<br \/>\nJustinius Werk<br \/>\nH. Holping<br \/>\nWihelm Krieger<br \/>\nGebr. Kugel B. Fink<br \/>\nCarl Fr. Kuhrt<br \/>\nJohann Leupold<br \/>\nLouper<br \/>\nE. Luttges &amp; Co.<br \/>\nHenkel &amp; M\u00fcller<br \/>\nGottfried Muller<br \/>\nJoseph M\u00fcnch Brotterei<br \/>\nCarl Pauls<br \/>\nP.D. Witte<br \/>\nPerfectum<br \/>\nHugo Rader<br \/>\nErnst Hugo Rassae<br \/>\nEur Reich Schweina<br \/>\nC. Schliep<br \/>\nGustav Spitzer<br \/>\nF. Von Brosy Steinberg<br \/>\nGebn. Torley<\/p>\n","protected":false},"excerpt":{"rendered":"<p>In this section we put the names of the manufacturers whose RZMs are unknown. Alcoso Alexander Coppel Peter Altenbach Argenta &#8211; Gesellschaft Axt y Haverfabrick Walter Bahel Rich. Balee &amp; S\u00f6hne Fritz Barthelmess Albert &amp; Heinrich Bassat Friedrich Baurmann &amp; S\u00f6hne Gebr. Becker Beckmann Carl Bender Julius Bodenstein Ernst Bruckmann Rudolf B\u00fcckel Eduard Becker Wester &#8230; <a title=\"Unknown RZM Codes\" class=\"read-more\" href=\"https:\/\/original-militaria.com\/en\/unknown-rzm-codes\/\" aria-label=\"Read more about Unknown RZM Codes\">Leer m\u00e1s<\/a><\/p>\n","protected":false},"author":19,"featured_media":0,"parent":0,"menu_order":0,"comment_status":"closed","ping_status":"closed","template":"","meta":{"footnotes":""},"class_list":["post-38608","page","type-page","status-publish"],"_links":{"self":[{"href":"https:\/\/original-militaria.com\/en\/wp-json\/wp\/v2\/pages\/38608","targetHints":{"allow":["GET"]}}],"collection":[{"href":"https:\/\/original-militaria.com\/en\/wp-json\/wp\/v2\/pages"}],"about":[{"href":"https:\/\/original-militaria.com\/en\/wp-json\/wp\/v2\/types\/page"}],"author":[{"embeddable":true,"href":"https:\/\/original-militaria.com\/en\/wp-json\/wp\/v2\/users\/19"}],"replies":[{"embeddable":true,"href":"https:\/\/original-militaria.com\/en\/wp-json\/wp\/v2\/comments?post=38608"}],"version-history":[{"count":0,"href":"https:\/\/original-militaria.com\/en\/wp-json\/wp\/v2\/pages\/38608\/revisions"}],"wp:attachment":[{"href":"https:\/\/original-militaria.com\/en\/wp-json\/wp\/v2\/media?parent=38608"}],"curies":[{"name":"wp","href":"https:\/\/api.w.org\/{rel}","templated":true}]}}