{"id":38601,"date":"2022-04-08T18:04:17","date_gmt":"2022-04-08T16:04:17","guid":{"rendered":"https:\/\/original-militaria.com\/waffenamt-codes\/"},"modified":"2022-04-15T19:07:01","modified_gmt":"2022-04-15T17:07:01","slug":"waffenamt-codes","status":"publish","type":"page","link":"https:\/\/original-militaria.com\/en\/waffenamt-codes\/","title":{"rendered":"Waffenamt Codes"},"content":{"rendered":"<div class=\"colMid\">\n<div class=\"boxContent\">\n<p>WaA1 Berlin-Suhler Waffenwerke Suhl 1937 &#8211; 39<\/p>\n<p>WaA1 337 Berlin-Suhler Waffenwerke Suhl 1939 &#8211; 40<\/p>\n<p>WaA1 bcd Gustloff-Werke Weimar 1941 &#8211; 45<\/p>\n<p>WaA4 Otto Sindel Berlin 1934<\/p>\n<p>WaA4 Berlin-Suhler Waf-fenwerke Suhl 1937 &#8211; 39<\/p>\n<p>WaA4 Berlin-Suhler Waf-fenwerke Suhl 1938<\/p>\n<p>WaA4 337 Berlin-Suhler Waf-fenwerke Suhl 1939<\/p>\n<p>WaA4 936 Gustloff-Werke Weimar 1940<\/p>\n<p>WaA14 emj Adalbert Fischer Berlin 1940 &#8211; 42<\/p>\n<p>WaA14 cmr Hawig Berlin 1941, 43<\/p>\n<p>WaA14 emj Adalbert Fischer Berlin 1942<\/p>\n<p>WaA14 fuq Curt Vogel, Leder-warenwerk Cottbus 1942<\/p>\n<p>WaA14 fuq Curt Vogel, Leder-warenfabik Cottbus 1943<\/p>\n<p>WaA14 dde Robert Larsen Berlin 1941<\/p>\n<p>WaA14 hft Becker &amp; Co. Berlin 1942<\/p>\n<p>WaA14 jsd G.Reinhardt Berlin 1941<\/p>\n<p>WaA18 A. Wunderlich Berlin 1927<\/p>\n<p>WaA18 G. Reinhardt Berlin 1937<\/p>\n<p>WaA18 bcd Gustloff-Werke Weimar<\/p>\n<p>WaA19 WwSu Westfalische Waf-fenfabrik 1940<\/p>\n<p>WaA20 64<\/p>\n<p>WaA20 cnx Appel Berlin-Spandau<\/p>\n<p>WaA22 S\/173 Baj. 1934<\/p>\n<p>WaA23 bml Hans R\u00f6mer Neu-Ulm, Do-nau 1943-44<\/p>\n<p>WaA25 ddl Baj. Josua Cort Remscheid 1943 &#8211; 44<\/p>\n<p>WaA26 S\/237 Die Berlin-L\u00fcbecker Maschinenfabriken L\u00fcbeck 1936 &#8211; 38<\/p>\n<p>WaA26 237 Die Berlin-L\u00fcbecker Maschinenfabriken L\u00fcbeck 1938<\/p>\n<p>WaA26 S\/243 Mauser-Werke Borsigwalde 1938<\/p>\n<p>WaA26 243 Mauser-Werke Borsigwalde 1938 &#8211; 40<\/p>\n<p>WaA26 ar Mauser-Werke Borsigwalde 1941 &#8211; 44<\/p>\n<p>WaA27 dlv Deut. Edelstahlwer-ke Remscheid J.G.Bayer 1941<\/p>\n<p>WaA29 Reinhardt Posseneck 1937 &#8211; 40<\/p>\n<p>WaA37 147 Sauer und Sohn Suhl 1939 &#8211; 40<\/p>\n<p>WaA37 Baj. Gebr. Heller Marienthal bei Schweina (PL?) 1939 &#8211; 40<\/p>\n<p>WaA37 ce Sauer und Sohn Suhl 1941 &#8211; 44<\/p>\n<p>WaA37 122 Haenel Suhl 1940<\/p>\n<p>WaA37 fxo Haenel Suhl<\/p>\n<p>WaA41 jhg G. Genschow (=Geco) Berlin 1942, 44<\/p>\n<p>WaA41 gut W. Sch\u00fcrmann Bielefeld<\/p>\n<p>WaA42 Gebr. Klinge Dresden 1936<\/p>\n<p>WaA42 C. Heinichen Dresden 1937<\/p>\n<p>WaA44 Autounion<\/p>\n<p>WaA47 cgn 1941<\/p>\n<p>WaA47 cgu Strolla&#8217;s S\u00f6hne Wien (AT) 1940<\/p>\n<p>WaA47 erg A. D\u00f6ppert Kitzingen 1940<\/p>\n<p>WaA47 cey K. Budischovsky Wien (AT) 1940 &#8211; 41<\/p>\n<p>WaA49 S\/147K Sauer und Sohn Suhl 1934<\/p>\n<p>WaA49 S237 Die Berlin-L\u00fcbecker Mashinenfabriken L\u00fcbeck 1936<\/p>\n<p>WaA49 Mauser-Werke Borsigwalde<\/p>\n<p>WaA51 Erma Erfurt<\/p>\n<p>WaA56 jhv Metallwaren- Waf-fen- u. M. Budapest (HU) 1941<\/p>\n<p>WaA58 jhv Metallwaren- Waf-fen- u. M. Budapest (HU) 1941 &#8211; 42<\/p>\n<p>WaA62 S\/172 Baj. 1934<\/p>\n<p>WaA62 S\/178 Baj. 1935<\/p>\n<p>WaA62 S\/239 Baj. 1935<\/p>\n<p>WaA63 S\/42 Mauserwerk Oberndorf 1935 &#8211; 38 S\/42 P08 Mauserwerk Oberndorf 1937<\/p>\n<p>WaA63 42 Mauserwerk Oberndorf 1938 &#8211; 39<\/p>\n<p>WaA63 945 Waffenw. Br\u00fcnn Br\u00fcnn (CZ) 1940<\/p>\n<p>WaA63 dot Waffenw. Br\u00fcnn Br\u00fcnn (CZ) 1941 &#8211; 45<\/p>\n<p>WaA63 VZ24 Baj.Umbau Waffenw. Br\u00fcnn Br\u00fcnn (CZ) 1940<\/p>\n<p>WaA63 swp Waffenw. Br\u00fcnn Br\u00fcnn (CZ) 1945<\/p>\n<p>WaA63 dot VZ24 Baj.Umbau Waffenw. Br\u00fcnn Br\u00fcnn (CZ) 1942 &#8211; 43<\/p>\n<p>WaA63<\/p>\n<p>WaA65 bdr R. Ehrhardt P\u00f6ssneck, Th\u00fc-ringen 1942<\/p>\n<p>WaA68 S\/155 Baj. E. u. F. H\u00f6rster Solingen 1934<\/p>\n<p>WaA76 oub A. Jelinek Gross-Meseritsch (CZ)<\/p>\n<p>WaA76 Cesk\u00e1 zbrojovka akc. spol. v praze (CZ)<\/p>\n<p>WaA76 C. Zbrojovka Prag (CZ) 1941<\/p>\n<p>WaA76 fnh B\u00f6hmische Waffen-fabrik Prag (CZ) 1944 &#8211; 45<\/p>\n<p>WaA76 fnh B\u00f6hmische Waffen-fabrik Prag (CZ)<\/p>\n<p>WaA77 lyo Kromolowski Radom (PL)<\/p>\n<p>WaA77 S\/27 Erma und Geipel Erfurt 1938<\/p>\n<p>WaA77 27 Erma und Geipel Erfurt 1938<\/p>\n<p>WaA77 ndk Arba GmbH Petrikau (PL) 1944<\/p>\n<p>WaA77 660 Steyr-Daimler-Puch Steyr (AT) 1939<\/p>\n<p>WaA77 bnz Steyr-Daimler-Puch Steyr (AT) 1940 &#8211; 44<\/p>\n<p>WaA78 S\/178 Baj. 1934 &#8211; 35<\/p>\n<p>WaA80 dou Waffenw. Br\u00fcnn Bystrica (SK) 1941 &#8211; 45<\/p>\n<p>WaA84 Kongsberg V\u00e5pen-fabrik Drammen (NO) 1943 &#8211; 45<\/p>\n<p>WaA84 Kongsberg V\u00e5pen-fabrik Drammen (NO) 1941 &#8211; 45<\/p>\n<p>WaA84 Baj. Kongsberg V\u00e5pen-fabrik Drammen (NO) 1942 &#8211; 45<\/p>\n<p>WaA86 bdr R Ehrhardt P\u00f6ssneck, Th\u00fc-ringen 1942 &#8211; 44<\/p>\n<p>WaA88 Spreewerke<\/p>\n<p>WaA88 S\/177 Baj. F. Herder\u00a0? Solingen 1934<\/p>\n<p>WaA91 Otto Sindel Berlin 1934<\/p>\n<p>WaA94 Otto Sindel Berlin<\/p>\n<p>WaA94 L. Seschke 1935<\/p>\n<p>WaA94 Curt Vogel, Leder-warenwerk Cottbus 1938<\/p>\n<p>WaA94 Frost &amp; Jahnel<\/p>\n<p>WaA95 S\/184 Baj. WKC Solingen 1936<\/p>\n<p>WaA96 Hommel Werke<\/p>\n<p>WaA98 gyo Hans Dinkelmeyer N\u00fcrnberg 1941<\/p>\n<p>WaA100 G. Genschow Berlin 1939<\/p>\n<p>WaA100 Curt Vogel, Leder-warenwerk Cottbus 1939<\/p>\n<p>WaA100<\/p>\n<p>WaA100 krm C. Pose Berlin<\/p>\n<p>WaA101 cdg Auvaerter und Bu-beck Stuttgart 1934, 36, 38 &#8211; 41<\/p>\n<p>WaA101 Ehrhardt und Kirsten Leipzig 1938 &#8211; 40<\/p>\n<p>WaA101 Hawig Berlin 1940<\/p>\n<p>WaA101 gfg Carl Hepting Stuttgart 1941 &#8211; 42<\/p>\n<p>WaA101 nka J.J.Schlayer Reutlingen (W\u00fcrttbg.) 1943<\/p>\n<p>WaA102 Carl Ackva Bad-Kreutz-nach 1934<\/p>\n<p>WaA103 F. N. L\u00fcttich (BE)<\/p>\n<p>WaA103 bmo Hans Deuter Augsburg<\/p>\n<p>WaA105 joa Carl Heinichen Dresden 1934<\/p>\n<p>WaA106 joa Carl Heinichen Dresden 1941<\/p>\n<p>WaA107 Auwaetrer und Bu-beck Stuttgart 1934<\/p>\n<p>WaA107 Hans R\u00f6mer Neu-Ulm, Donau 1936<\/p>\n<p>WaA107 Schnellpressenfabrik Heidelberg 1939<\/p>\n<p>WaA108 Carl Heinichen Dresden 1934<\/p>\n<p>WaA108 S\/42 Mauserwerk Oberndorf 1935<\/p>\n<p>WaA12 G. Genschow Berlin 1936<\/p>\n<p>WaA114 S\/237 Berlin-L\u00fcbecker Ma-schinenfabriken L\u00fcbeck 1936<\/p>\n<p>WaA114 S\/147 Sauer und Sohn Suhl 1934 &#8211; 35<\/p>\n<p>WaA115 S\/147 Sauer und Sohn Suhl 1934<\/p>\n<p>WaA116 S\/237 Berlin L\u00fcbecker Ma-schinenfabriken L\u00fcbeck 1936<\/p>\n<p>WaA116 S\/147 Sauer und Sohn Suhl 1934 &#8211; 36<\/p>\n<p>WaA117 Erma<\/p>\n<p>WaA118 S\/173 Baj. 1935<\/p>\n<p>WaA118 S\/177 Baj. F. Herder\u00a0? Solingen 1935<\/p>\n<p>WaA121 Karl Barth Waldbr\u00f6hl, Rhld. 1939<\/p>\n<p>WaA127 DLU, dlu E. L\u00fcneschloss Solingen 1940 &#8211; 41<\/p>\n<p>WaA132 Erma Erfurt<\/p>\n<p>WaA134 bcd Gustloff-Werke Weimar 1943<\/p>\n<p>WaA135 Karl Ackva Bad Kreuznach 1934<\/p>\n<p>WaA135 S\/42 Mauserwerk Oberndorf 1935<\/p>\n<p>WaA135 bmo Hans Deuter Augsburg 1939<\/p>\n<p>WaA135 byf Mauserwerk Oberndorf 1941 &#8211; 45<\/p>\n<p>WaA135 qnw byf Teile 1945<\/p>\n<p>WaA136 Karl Ackva Bad Kreuznach 1934<\/p>\n<p>WaA136 Hans Deuter Augsburg 1934<\/p>\n<p>WaA136 cdg Auwaerter und Bu-beck Stuttgart 1934<\/p>\n<p>WaA136 bdr R.Ehrhardt P\u00f6ssneck (Th\u00fcr.) 1941<\/p>\n<p>WaA138 cny C. Pose Berlin<\/p>\n<p>WaA138 krm C. Pose Berlin<\/p>\n<p>WaA138 S\/239 Baj. 1935<\/p>\n<p>WaA140 ch F. N. L\u00fcttich (BE)<\/p>\n<p>WaA140 F. N. L\u00fcttich (BE) WaA142 Gebr. Klinge Dresden 1936 &#8211; 38<\/p>\n<p>WaA142 Otto Reichel Lengefeld 1936 &#8211; 39<\/p>\n<p>WaA142 Karl B\u00f6cker Waldbr\u00f6hl, Rhld. 1939<\/p>\n<p>WaA142 Carl. Heinichen Dresden 1938<\/p>\n<p>WaA142 ffr E. Thielenhaus Wuppertal 1941<\/p>\n<p>WaA145 195? Karl Barth Waldbr\u00f6hl, Rhld. 1939<\/p>\n<p>WaA145 jln Deutsche Leder-Werkst\u00e4tten Pirmasens 1942 &#8211; 43<\/p>\n<p>WaA147 cey K. Budischovsky Wien (AT) 1940<\/p>\n<p>WaA150 bla E. G. Leuner Bautzen 1942<\/p>\n<p>WaA154 erg A. D\u00f6ppert Kitzingen 1942<\/p>\n<p>WaA155 S\/245 Baj. J. Sch. 1937<\/p>\n<p>WaA155 Baj. J. Sch. 1939<\/p>\n<p>WaA159 E. G. Leuner Bautzen 1939, 41,42<\/p>\n<p>WaA159 E. G. Leuner Bautzen 1937<\/p>\n<p>WaA159 bla E. G. Leuner Bautzen 1944<\/p>\n<p>WaA159 ros 1944<\/p>\n<p>WaA161 cdg Auwearter und Bu-beck Stuttgart 1940<\/p>\n<p>WaA162 P. Beretta Gardone (IT)<\/p>\n<p>WaA163 dtu G. J. Ensink Ohrdruf, Th\u00fcringen 1939, 41<\/p>\n<p>WaA163 joa Carl Heinichen Dresden 1941<\/p>\n<p>WaA170 Alban Zeitz 1939<\/p>\n<p>WaA170 bdq Ehrhardt und Kirsten Leipzig 1941<\/p>\n<p>WaA170 bcb Otto Graf Leipzig 1940 &#8211; 42<\/p>\n<p>WaA170 hsu<\/p>\n<p>WaA W pp hol. 1943 &#8211; 44<\/p>\n<p>WaA173 jhv Metallwaren- Waf-fen-u. Mf. Budapest (HU) 1941 &#8211; 44<\/p>\n<p>WaA179 jkh Carl Busse Mainz<\/p>\n<p>WaA182 grz Kr\u00fcger Breslau 1944<\/p>\n<p>WaA182 ftc Frost und Jahnel Breslau 1938, 40,41<\/p>\n<p>WaA182 bnz Steyr-Daimler-Puch Steyr (AT) 1944<\/p>\n<p>WaA183 dtu G. J. Entsink Ohrdruf, Th\u00fc-ringen 1941<\/p>\n<p>WaA185 Karl B\u00f6cker Waldbr\u00f6hl, Rhld. 1940<\/p>\n<p>WaA186 Karl B\u00f6cker Waldbr\u00f6hl, Rhld. 1940<\/p>\n<p>WaA186 R. Ehrhardt P\u00f6ssneck, Th\u00fc-ringen 1937<\/p>\n<p>WaA189 kls Steyr-Daimler-Puch Warschau (PL)<\/p>\n<p>WaA189 Steyr-Daimler-Puch Warschau (PL)<\/p>\n<p>WaA190 Auwearter und Bu-beck Stuttgart 1939<\/p>\n<p>WaA195 dkk F. Offerman Bensberg 1942 &#8211; 44<\/p>\n<p>WaA195 dta A. Waldhausen K\u00f6ln 1941 &#8211; 42<\/p>\n<p>WaA195 dla Karl Barth Waldbr\u00f6hl, Rhld. 1940 &#8211; 44<\/p>\n<p>WaA195 dtu G. J. Ensink Ohrdruf, Th\u00fcringen 1941<\/p>\n<p>WaA195 epf (kann auch eqf sein) Brng. Hp Hol. Karl B\u00f6cker Waldbr\u00f6hl, Rhld. 1941 &#8211; 42<\/p>\n<p>WaA195 epf Karl B\u00f6cker Waldbr\u00f6hl, Rhld. 1944<\/p>\n<p>WaA195 ewx F. u. K. Voegels K\u00f6ln 1942, 44<\/p>\n<p>WaA201 W. Brand Heidelberg 1936<\/p>\n<p>WaA203 kpm Franz Corbau Berlin<\/p>\n<p>WaA204 jvf W. Brand Heidelberg 1936, 38,39,41<\/p>\n<p>WaA204 gmo Rahm &amp; Kampmann Kaiserslautern 1944<\/p>\n<p>WaA204 Hohmann Kaiserslautern<\/p>\n<p>WaA204 avx S\u00fcdmetall AG, Mussbach a.d. Weinstr.<\/p>\n<p>WaA210 cxb Moll Goch, Rhld. 1943<\/p>\n<p>WaA211 S\/42 Mauserwerk Oberndorf 1935<\/p>\n<p>WaA211 Mauser-Werke Borsigwalde<\/p>\n<p>WaA214 S\/147 Sauer und Sohn Suhl 1935 &#8211; 38<\/p>\n<p>WaA214 S\/178 Baj. Gebr. Heller Marienthal bei Schweina (PL?) 1937<\/p>\n<p>WaA214 147 Sauer und Sohn Suhl 1938<\/p>\n<p>WaA214 237 Die Berlin-L\u00fcbecker Maschinenfabriken L\u00fcbeck 1939 &#8211; 40<\/p>\n<p>WaA214 duv Die Berlin-L\u00fcbecker Maschinenfabriken L\u00fcbeck 1940 &#8211; 44<\/p>\n<p>WaA214 qve Die Berlin-L\u00fcbecker Maschinenfabriken L\u00fcbeck 1945<\/p>\n<p>WaA214 Erma Erfurt<\/p>\n<p>WaA216 S\/185 Baj. 1936<\/p>\n<p>WaA217 S\/243 Mauser -Werke Borsigwalde 1935 &#8211; 37<\/p>\n<p>WaA218 bcd Gustloff-Werke Weimar<\/p>\n<p>WaA218 S\/185 Baj. Elite Diamantwerke Chemnitz 1937<\/p>\n<p>WaA218 Baj. Elite Diamantwerke Chemnitz 1938 &#8211; 39<\/p>\n<p>WaA218 i Baj. Elite Diamantwerke Chemnitz 1941<\/p>\n<p>WaA219 S\/242 Baj. 1936 &#8211; 37<\/p>\n<p>WaA220 S\/178 Baj. 1935<\/p>\n<p>WaA221 e Herman K\u00f6hler Altenburg, Th\u00fcringen 1942<\/p>\n<p>WaA229 S\/238 Baj. 1935<\/p>\n<p>WaA234 F. u. K. Voegels K\u00f6ln 1936<\/p>\n<p>WaA234 Karl B\u00f6cker Waldbr\u00f6hl, Rhld. 1936<\/p>\n<p>WaA241 S\/42 Mauserwerk Oberndorf 1935<\/p>\n<p>WaA243 ab Mundlos AG Magdeburg 1938, 41, 42<\/p>\n<p>WaA243 ab Baj. Mundlos AG Magdeburg 1941, 42<\/p>\n<p>WaA250 Baj. F. Herder Solingen 1937<\/p>\n<p>WaA251 Star B. Echeverria S.A. Eibar (ES)<\/p>\n<p>WaA251 Unceta y Compania S.A. Guernica (ES)<\/p>\n<p>WaA251 Manufacture D&#8217;Armes des Pyren-ees, Hendaye (FR)<\/p>\n<p>WaA251 Manufacture D&#8217;Armes des Bayonne Bayonne (FR)<\/p>\n<p>WaA251 S.A.C.(chatellerault) M. (FR) 1941 &#8211; 44<\/p>\n<p>WaA251 jwh Baj. S.A.C(hatellerault) M. (FR) 1941 &#8211; 44<\/p>\n<p>WaA253 S\/174 Baj. 1935 &#8211; 37<\/p>\n<p>WaA253 S\/176 Baj. 1936<\/p>\n<p>WaA253 S\/178 Baj. 1936<\/p>\n<p>WaA253 S\/175 Baj. Carl Eickhorn Solingen 1936 &#8211; 37<\/p>\n<p>WaA253 S\/242 Baj. 1936 &#8211; 37<\/p>\n<p>WaA253 S\/155 Baj. E. u. F. H\u00f6rster Solingen 1937<\/p>\n<p>WaA253 Baj. E. u. F. H\u00f6rster Solingen 1937 &#8211; 40<\/p>\n<p>WaA253 Baj. F. Herder Solingen 1937, 39, 40<\/p>\n<p>WaA253 S\/172 Baj. 1937<\/p>\n<p>WaA253 Baj. Ernst Pack u. S\u00f6hne 1937, 39, 40<\/p>\n<p>WaA253 Baj. Berg &amp; Co. Solingen 1937 &#8211; 39<\/p>\n<p>WaA253 Baj. Carl Eickhorn Solingen 1937 &#8211; 40<\/p>\n<p>WaA253 Baj.. Clemen &amp; Jung Solingen 1938 &#8211; 39<\/p>\n<p>WaA253 Baj. Rich. Herder Solingen 1938<\/p>\n<p>WaA253 Baj. F. W. H\u00f6ller Solingen 1938, 40<\/p>\n<p>WaA253 Baj. A. Coppel Solingen 1937, 39, 40<\/p>\n<p>WaA253 Baj. WKC Solingen 1937, 38, 40<\/p>\n<p>WaA253 Baj.. Josua Cort Remscheid 1937 &#8211; 39<\/p>\n<p>WaA253 ddl Baj. Josua Cort Remscheid 1940<\/p>\n<p>WaA253 Baj. P. Weyersberg Solingen 1938 &#8211; 40<\/p>\n<p>WaA253 Baj. Mundlos AG Magdeburg 1940<\/p>\n<p>WaA270 cxb Goch, Rhld.<\/p>\n<p>WaA272 dtv C. O. Gehrckens Pinneberg 1941<\/p>\n<p>WaA279 dtv C. O. Gehrckens Pinneberg 1940 &#8211; 42, 44<\/p>\n<p>WaA279 dlu, DLU P08 hol. E. L\u00fcneschloss Solingen 1943<\/p>\n<p>WaA279 dtu G. J. Entsink Ohrdruf, Th\u00fcringen 1941<\/p>\n<p>WaA280 S\/27 Erma und Geipel Erfurt 1935 &#8211; 37<\/p>\n<p>WaA280 27 Erma Erfurt 1938 &#8211; 40<\/p>\n<p>WaA280 ax Erma Erfurt 1940 &#8211; 41<\/p>\n<p>WaA280 S\/243 Mauser-Werke Borsigwalde 1938<\/p>\n<p>WaA280 243 Mauser Borsigwalde 1938<\/p>\n<p>WaA280 cww Carl Weiss Braunschweig 1942<\/p>\n<p>WaA280 ce Sauer und Sohn Suhl 1942 &#8211; 44<\/p>\n<p>WaA286 jhg G. Genschow Berlin 1938, 40 &#8211; 42<\/p>\n<p>WaA286 Carl Ackva Bad-Kreuznach 1939 &#8211; 40<\/p>\n<p>WaA286 Carl Busse Mainz 1939<\/p>\n<p>WaA300 F. u. K. Voegels K\u00f6ln 1937<\/p>\n<p>WaA300 eue Otto Reichel Lengefeld 1939 &#8211; 41<\/p>\n<p>WaA303 1942<\/p>\n<p>WaA313 ab Baj. Mundlos AG Magdeburg 1942, 44<\/p>\n<p>WaA313 ab Mundlos AG Magdeburg 1943 &#8211; 44<\/p>\n<p>WaA323 A. Fischer Guttstadt 1938 &#8211; 39<\/p>\n<p>WaA330 Ruffel und Borns Hannover 1936<\/p>\n<p>WaA330 A. Waldhausen 1937<\/p>\n<p>WaA330 Carl Weiss Braunschweig 1937 &#8211; 38<\/p>\n<p>WaA337 G. Genschow Berlin 1936<\/p>\n<p>WaA337 F. u. K. Voegels K\u00f6ln 1936<\/p>\n<p>WaA353 ac C. Walther Zella-Mehlis 1941<\/p>\n<p>WaA357 Baj. F. Herder Solingen 1937<\/p>\n<p>WaA359 S\/147 Sauer und Sohn Suhl 1935 &#8211; 38<\/p>\n<p>WaA359 147 Sauer und Sohn Suhl 1938 &#8211; 40<\/p>\n<p>WaA359 ce Sauer und Sohn Suhl 1941 &#8211; 44<\/p>\n<p>WaA359 C. Walther Zella-Mehlis 1939, 40<\/p>\n<p>WaA359 ac C. Walther Zella-Mehlis 1941 &#8211; 45<\/p>\n<p>WaA359 Erma Erfurt<\/p>\n<p>WaA367 F. u. K. Voegels K\u00f6ln 1939<\/p>\n<p>WaA387 ewx F. u. K. Voegels K\u00f6ln 1936, 38, 39<\/p>\n<p>WaA387 Karl Barth 1937<\/p>\n<p>WaA387 eqf Karl B\u00f6cker Waldbr\u00f6hl, Rhld. 1936<\/p>\n<p>WaA387 G. Genschow Berlin 1936 &#8211; 37<\/p>\n<p>WaA392 arr, rco Braunschweigische Blechwarenfabrik Braunschweig 1943 &#8211; 45<\/p>\n<p>WaA392 cww Carl Weiss Braunschweig<\/p>\n<p>WaA400 Schultz Augsburg 1939<\/p>\n<p>WaA403 (CZ)<\/p>\n<p>WaA416 hjg Kimnack &amp; Brunn Kaiserslautern 1939<\/p>\n<p>WaA416 jln Deutsche Leder-werkst\u00e4tten Pirmasens 1940 &#8211; 41<\/p>\n<p>WaA439? S\/244 Baj. Mundlos AG Magdeburg<\/p>\n<p>&nbsp;<\/p>\n<p>WaA445 fsx A. Scholle Zeitz 1940 &#8211; 42<\/p>\n<p>WaA445 A. Scholle Zetz 1940<\/p>\n<p>WaA455 Hans R\u00f6mer Neu-Ulm, Do-nau 1937<\/p>\n<p>WaA455 Henseler und Co, Neu Ulm 1939<\/p>\n<p>WaA468 Schultz Augsburg 1939<\/p>\n<p>WaA497 bpr J. Grossfuss D\u00f6beln, Sa<\/p>\n<p>WaA497 brg H. W. Schmidt D\u00f6beln, Sa<\/p>\n<p>WaA513 gaq Otto Stephan M\u00fchlhausen, Th\u00fcr. 1944<\/p>\n<p>WaA519 crs Baj. P. Weyersberg Solingen 1942 &#8211; 45<\/p>\n<p>WaA519 agv Baj. Berg &amp; Co. Solingen 1942 &#8211; 44<\/p>\n<p>WaA519 asw Baj. F. u. K. H\u00f6rster Solingen 1942 &#8211; 44<\/p>\n<p>WaA519 cof Baj. Carl Eickhorn Solingen 1942 &#8211; 44<\/p>\n<p>&nbsp;<\/p>\n<p>WaA519 ddl Baj. Josua Cort Remscheid 1942 &#8211; 43<\/p>\n<p>WaA519 ffc Baj. F. Herder Solingen 1942 &#8211; 44<\/p>\n<p>WaA519 fnj Baj. A. Coppel Solingen 1942 &#8211; 44<\/p>\n<p>WaA519 cqf Baj. Clemen &amp; Jung Solingen 1943<\/p>\n<p>WaA519 fze Baj. F. W. H\u00f6ller Solingen 1943 &#8211; 44<\/p>\n<p>WaA519 cul Baj. E. Pack Solingen 1943 &#8211; 44<\/p>\n<p>WaA519 cvl Baj. WKC Solingen 1942 &#8211; 44<\/p>\n<p>WaA519 clc Baj. Rich. Herder Solingen 1944<\/p>\n<p>WaA519 pyy Baj. 1944<\/p>\n<p>WaA519 sgx Baj. F. u. K. H\u00f6rster Solingen 1944 &#8211; 45<\/p>\n<p>WaA537 ddl Baj. Josua Cort Remscheid 1943 &#8211; 44<\/p>\n<p>WaA547 Baj. D\u00fcrkopp-Werke 1938 &#8211; 39<\/p>\n<p>WaA607 Waffenw. Br\u00fcnn Bystrica (SK) 1940<\/p>\n<p>WaA607 dou Waffenw. Br\u00fcnn Bystrica (SK) 1941<\/p>\n<p>WaA607 Waffenw. Br\u00fcnn Bystrica (SK) 1940<\/p>\n<p>WaA607 VZ24 Umbau der Baj. Waffenw. Br\u00fcnn Bystrica (SK) 1940<\/p>\n<p>WaA613 F.N. L\u00fcttich (BE)<\/p>\n<p>WaA623 660 Steyr-Daimler-Puch Steyer (AT) 1939 &#8211; 40<\/p>\n<p>WaA623 bnz Steyr-Daimler-Puch Steyer (A) 1940 &#8211; 45<\/p>\n<p>WaA623 Radom (PL)<\/p>\n<p>WaA628<\/p>\n<p>WaA640 bmd Max M\u00fcller N\u00fcrnberg 1941 &#8211; 42<\/p>\n<p>WaA640 H. D. 1942<\/p>\n<p>WaA640 erg A. D\u00f6ppert Kitzingen 1941 &#8211; 42<\/p>\n<p>WaA641 dlu E. L\u00fcneschloss Solingen 1941<\/p>\n<p>WaA648 bmd Max M\u00fcller N\u00fcrnberg 1942<\/p>\n<p>WaA 649 640? A. D\u00f6ppert Kitzingen 1941<\/p>\n<p>WaA655 42 Mauserwerk Oberndorf 1938 &#8211; 41<\/p>\n<p>WaA655 S. A. C.(chatellerault ) M. (FR) 1940<\/p>\n<p>WaA655 Sauer und Sohn Suhl 1940<\/p>\n<p>WaA655 Baj. J.Sch. 1940<\/p>\n<p>WaA668 gjh R. Conte Offenbach a. M. 1940 &#8211; 42, 44<\/p>\n<p>WaA668 hlv Maury &amp; Co. Offenbach a. M. 1943<\/p>\n<p>WaA668 jhz Jean Weipert Offenbach a. M. 1941<\/p>\n<p>WaA668 gfg Carl Hepting Stuttgart 1942<\/p>\n<p>WaA668 R. Reinhardt Posseneck 1941<\/p>\n<p>WaA706 F. Grosse Dresden 1939<\/p>\n<p>WaA706 gxy Gebr. Klinge Dresden 1941, 44<\/p>\n<p>WaA706 joa Carl Heinichen Dresden 1941, 43<\/p>\n<p>WaA706 cea H. Thiele Dresden 1942<\/p>\n<p>WaA706 jvd Erste Nordb\u00f6hmische Metall.w.f. Sudetenland 1942 &#8211; 45<\/p>\n<p>WaA707 joa Carl Heinichen Dresden 1934<\/p>\n<p>WaA708 706? gxy Gebr. Klinge Dresden 1939, 44<\/p>\n<p>WaA721 EZGJ 1943 &#8211; 44<\/p>\n<p>WaA721 Karl Barth Waldbr\u00f6hl, Rhld. 1939<\/p>\n<p>WaA721 Fr. Offerman Bensberg 1940<\/p>\n<p>WaA723 cxb Moll Goch, Rhld. 1941<\/p>\n<p>WaA727 cxb Moll Goch, Rhld. 1940 &#8211; 41<\/p>\n<p>WaA727 Karl Barth Waldbr\u00f6hl, Rhld. 1939<\/p>\n<p>WaA727 eqf Karl B\u00f6cker Waldbr\u00f6hl, Rhld. 1937, 39, 40<\/p>\n<p>WaA727 dkk F. Offerman Bensberg 1939 &#8211; 40<\/p>\n<p>WaA727 dlu, DLU E. L\u00fcneschloss Solingen 1940 &#8211; 41<\/p>\n<p>WaA727 jhg G. Genschow Berlin<\/p>\n<p>WaA730 cww Carl Weiss Braunschweig 1939<\/p>\n<p>WaA742 S\/27 Erma und Geipel Erfurt 1935<\/p>\n<p>WaA749 337 Berlin-Suhler Waf-fenwerke 1940<\/p>\n<p>WaA749 bcd Gustloff-Werke Weimar 1941 &#8211; 44<\/p>\n<p>WaA750 eqr G. Passier Hannover 1939, 41 &#8211; 42<\/p>\n<p>WaA750 cww Carl Weiss Braunschweig 1937, 39 &#8211; 42<\/p>\n<p>WaA750 J Braunschweig 1939<\/p>\n<p>WaA757 bym Baj. Maschinenhaus der B\u00fcchsenmacher Ferlach, K\u00e4rn-ten (AT) 1941<\/p>\n<p>WaA777 S\/155 Baj. E. u. F. H\u00f6rster Solingen 1935<\/p>\n<p>WaA788 gxy Gebr. Klinge Dresden 1939<\/p>\n<p>WaA788 Hengeler und Co. Berlin 1939<\/p>\n<p>WaA788 bml Hans R\u00f6mer Neu-Ulm, Do-nau 1940, 41, 43, 44<\/p>\n<p>WaA815 1942<\/p>\n<p>WaA820<\/p>\n<p>WaA920? cey K. Budischovsky Wien (AT) 1942<\/p>\n<p>WaA866? gaq Otto Stephan M\u00fchlhausen, Th\u00fcr. 1944<\/p>\n<p>WaA868 jhz Jean Weipert Offenbach a. M. 1942<\/p>\n<p>WaA869 gut W. Sch\u00fcrmann Bielefeld 1941 &#8211; 42<\/p>\n<p>WaA869 fkx G. Sudbrack Bielefeld 1943<\/p>\n<p>WaA869 gca Mylau GmbH Mylau 1941<\/p>\n<p>WaA883 Baj. F. W. H\u00f6ller Solingen 1940<\/p>\n<p>WaA883 cqh Baj. Clemen &amp; Jung Solingen 1940 &#8211; 41<\/p>\n<p>WaA883 crs Baj. P. Weyersberg Solingen 1940 &#8211; 41<\/p>\n<p>WaA883 cul Baj. E. Pack Solingen 1940 &#8211; 41<\/p>\n<p>WaA883 cvl Baj. WKC Solingen 1941<\/p>\n<p>WaA883 ddl Baj. Josua Cort Remscheid 1940 &#8211; 42<\/p>\n<p>WaA883 fnj Baj. A. Coppel Solingen 1941<\/p>\n<p>WaA883 fze Baj. F. W. H\u00f6ller Solingen 1941<\/p>\n<p>WaA883 asw Baj. E. u. F. H\u00f6rster Solingen 1940 &#8211; 42<\/p>\n<p>WaA883 cof Baj. Carl Eickhorn Solingen 1940 &#8211; 42<\/p>\n<p>WaA883 clc Baj. Rich. Herder Solingen 1940 . 41<\/p>\n<p>WaA883 Baj. F. Herder Solingen 1940<\/p>\n<p>WaA886 Baj. WKC Solingen 1939<\/p>\n<p>WaA918 bml Hans R\u00f6mer Neu-Ulm, Do-nau 1941 &#8211; 42<\/p>\n<p>WaA920 cgn J. Poeschl Rohrbach 1943 &#8211; 44<\/p>\n<p>WaA920 cey K. Budischovsky Wien (AT) 1942<\/p>\n<p>WaA920 jor A. Muzik Wien (AT)<\/p>\n<p>WaA927 jkh Carl Busse Mainz 1942<\/p>\n<p>WaA927 bdt Salewa M\u00fcnchen 1943<\/p>\n<p>WaA930 gcx K. Brettschneider Sch\u00f6nberg 1941 &#8211; 42<\/p>\n<p>WaA938 Akah 1942 &#8211; 44<\/p>\n<p>WaA938 bym Baj. Maschinenhaus der B\u00fcchsenmacher Fer-lach\/K\u00e4rnten (AT) 1943 &#8211; 44<\/p>\n<p>WaA965 clg E. Melzig Liegnitz 1941<\/p>\n<p>A10 Hugo Schneider A.G., Lampenfabrik, Leipzig O 5, Sachsen (wa)\u00a0: (Gewehr-Sprenggranate\u00a0: 1944)<\/p>\n<p>A44 Merz-Werke, Gebr. Merz, Frankfurt am Main, Rheinland\u00a0: (1940)<\/p>\n<p>A44 Merz-Werke, Gebr. Merz, Frank am Main, Rheinland (cos)\u00a0: (1941 &#8211; 42)<\/p>\n<p>A68 Markneukirchner-Metallbearbeitungs-GmbH, Markneukirchen, Sachsen (adb)\u00a0: (Visier f\u00fcr Gw. Gr. G.)<\/p>\n<p>A80 Waffenwerke Brunn, Werk Povaszka Bystrica, Tschechoslovakei\u00a0: (VZ 24\u00a0: 1941)<\/p>\n<p>A80 Waffenwerke Brunn, Werk Povaszka Bystrica, Tschechoslovakei\u00a0: (Gew. 24(t)\u00a0: 1941 &#8211; 42)<\/p>\n<p>A80 Waffenwerke Brunn, Werk Povaszka Bystrica, Tschechoslovakei (dou)\u00a0: (K98k\u00a0: 1942 &#8211; 45)<\/p>\n<p>A98 Gold-u. Silberscheideanstalt, Jdar-Oberstein, Rheinland-Pfalz (acw)\u00a0: (K 43 compartimento)<\/p>\n<p>A98 Loch &amp; Hartenberger, Metallwarenfabrik, Jdar-Oberstein, Rheinland-Pfalz (gqm)\u00a0: (MP 44 compartimento)<\/p>\n<p>B17 Karl Brettschneider, Herman G\u00f6ringstr. 20, M\u00e4hrisch-Sch\u00f6nberg, Tschechoslovakei (gcx)\u00a0: (1942)<\/p>\n<p>B37 Frank&#8217;sche Eisenwerke A.G., Niederscheld\/Dillkreis (bte)\u00a0: (MP 40 compartimento: 1941 &#8211; 42)<\/p>\n<p>B39 Mafa-Werk GmbH, Werdau, Sachsen (com)<\/p>\n<p>B43 Olympia B\u00fcromaschinenwerke A.G., Mainzerhofplatz, Erfurt (aye)\u00a0: (G\/K 43 compartimento: 1943 &#8211; 45)<\/p>\n<p>B66 Ernst Melzig, Lederwaren, Liegnitz, Polen (clg)<\/p>\n<p>B78 The Yale &amp; Towne Mfg. &amp; Co., Heidestr. 71, Velbert, Nordrhein-Westfalen (awj)\u00a0: (K 43 compartimento)<\/p>\n<p>B79<\/p>\n<p>B87 Auer-Gesellschaft A.G., Gasgl\u00fclicht, Werk Orianenburg, Berlin N 65 (bwz)\u00a0: (Gas-mask filter\u00a0: 1943)<\/p>\n<p>B92 Ad. Grohmann &amp; Sohn, Metallwarenfabrik, W\u00fcrbenthal\/Sud, Tschech. (gcb)\u00a0: (K 43 compartimento: 1944 &#8211; 45)<\/p>\n<p>C6 Dansk Industri Syndikat, Kopenhagen, D\u00e4nemark (kfk)<\/p>\n<p>C10 Carl Ullrich &amp; Co., Metallwarenfabrik, Obersch\u00f6nau, Th\u00fcringen (ghn)\u00a0: (MP 40 magazinlader\u00a0: 1940)<\/p>\n<p>C10 K\u00f6nigs-u. Bismarckh\u00fctte A.G., H\u00fcttenwerk Silesiah\u00fctte in Rybnik, Polen (eph)\u00a0: (Gas-mask container\u00a0: 44)<\/p>\n<p>C39 Auer-Gesellschaft A.G., Reitergasse 13-15, Werk Danzig, Polen (gnh)\u00a0: (filtro mascara de gas)<\/p>\n<p>C86 Frank&#8217;sche Eisenwerke A.G., Adolfsh\u00fctte, Niederscheld\/Dillkreis, Hessen (bte)\u00a0: (MP 44 compartimento)<\/p>\n<p>D20 Star Bonifacio, Echeverria S.A., Eibar, Spanien\u00a0: (Star B pistola)<\/p>\n<p>D20 Unceta Y Compania S.A., Guernica, Spanien\u00a0: (Astra 300 pistola)<\/p>\n<p>D20 Manufactures d&#8217;Armes des Pyr\u00e9n\u00e9es, Hendaye, Frankreich (Unica)<\/p>\n<p>D20 Manufactures d&#8217;Armes de Bayonne, Bayonne, Frankreich (MAB)<\/p>\n<p>D29 F. Ullrich S\u00f6hne A.G., Annweiler Email-u. Metall-Werke, Annweiler (ggm)\u00a0: (Eierhandgranaten 39\u00a0: 43)<\/p>\n<p>D42 Lederverarbeitungs-Jndustrie Walter Krause, Bromberg (jqh)<\/p>\n<p>Luft1 Heinrich Krieghoff, Waffenfabrik, Suhl, Th\u00fcringen\u00a0: (P.24(t)\u00a0Funda: 1940)<\/p>\n<p>Luft2 Heinrich Krieghoff, Waffenfabrik, Suhl, Th\u00fcringen\u00a0: (Funda y pistola)<\/p>\n<p>Luft2 Heinrich Krieghoff, Waffenfabrik, Suhl, Th\u00fcringen (fzs)\u00a0: (Pistola de se\u00f1ales, FG 42)<\/p>\n<p>Luft4 BSW\/Gustloff\u00a0: (K98k\u00a0: 1939 &#8211; 41)<\/p>\n<p>Luft7 Kern, Kl\u00e4ger &amp; Cie, Lederwaren, Pappelallee 78-79, Berlin N 58 (cdc)\u00a0: (P 37(u) Funda: 1941-43)<\/p>\n<p>Luft7 Georg Lerch GmbH, Lederwaren-Fabrik, Leipzigerstr., Berlin C 2 (hck)\u00a0: (Pistola y funda: 1941)<\/p>\n<p>Luft7 Gustav Reinhardt, Lederwarenfabrik, Brandenburgstr., Berlin SW 68 (jsd)\u00a0: (P 37(u)\u00a0Funda\u00a0: 1942)<\/p>\n<p>Luft12 Georg Lerch GmbH, Lederwaren-Fabrik, Leipzigerstr., Berlin C 2 (hck)\u00a0: (Walter PP Funda: 1941)<\/p>\n<p>Luft12 Gustav Reinhardt, Lederwarenfabrik, Brandenburgstr., Berlin SW 68 (jsd)\u00a0: (P 37(u) funda: 1942<\/p>\n<\/div>\n<\/div>\n","protected":false},"excerpt":{"rendered":"<p>WaA1 Berlin-Suhler Waffenwerke Suhl 1937 &#8211; 39 WaA1 337 Berlin-Suhler Waffenwerke Suhl 1939 &#8211; 40 WaA1 bcd Gustloff-Werke Weimar 1941 &#8211; 45 WaA4 Otto Sindel Berlin 1934 WaA4 Berlin-Suhler Waf-fenwerke Suhl 1937 &#8211; 39 WaA4 Berlin-Suhler Waf-fenwerke Suhl 1938 WaA4 337 Berlin-Suhler Waf-fenwerke Suhl 1939 WaA4 936 Gustloff-Werke Weimar 1940 WaA14 emj Adalbert Fischer Berlin &#8230; <a title=\"Waffenamt Codes\" class=\"read-more\" href=\"https:\/\/original-militaria.com\/en\/waffenamt-codes\/\" aria-label=\"Read more about Waffenamt Codes\">Leer m\u00e1s<\/a><\/p>\n","protected":false},"author":19,"featured_media":0,"parent":0,"menu_order":0,"comment_status":"closed","ping_status":"closed","template":"","meta":{"footnotes":""},"class_list":["post-38601","page","type-page","status-publish"],"_links":{"self":[{"href":"https:\/\/original-militaria.com\/en\/wp-json\/wp\/v2\/pages\/38601","targetHints":{"allow":["GET"]}}],"collection":[{"href":"https:\/\/original-militaria.com\/en\/wp-json\/wp\/v2\/pages"}],"about":[{"href":"https:\/\/original-militaria.com\/en\/wp-json\/wp\/v2\/types\/page"}],"author":[{"embeddable":true,"href":"https:\/\/original-militaria.com\/en\/wp-json\/wp\/v2\/users\/19"}],"replies":[{"embeddable":true,"href":"https:\/\/original-militaria.com\/en\/wp-json\/wp\/v2\/comments?post=38601"}],"version-history":[{"count":0,"href":"https:\/\/original-militaria.com\/en\/wp-json\/wp\/v2\/pages\/38601\/revisions"}],"wp:attachment":[{"href":"https:\/\/original-militaria.com\/en\/wp-json\/wp\/v2\/media?parent=38601"}],"curies":[{"name":"wp","href":"https:\/\/api.w.org\/{rel}","templated":true}]}}